{"id":121,"date":"2016-09-16T17:11:37","date_gmt":"2016-09-16T17:11:37","guid":{"rendered":"http:\/\/puenteromano.net\/?page_id=121"},"modified":"2024-04-08T07:01:33","modified_gmt":"2024-04-08T07:01:33","slug":"trabajo-de-curso","status":"publish","type":"page","link":"https:\/\/puenteromano.net\/index.php\/trabajo-de-curso\/","title":{"rendered":"Trabajo de Curso"},"content":{"rendered":"<p>[et_pb_section fb_built=\u00bb1&#8243; inner_shadow=\u00bbon\u00bb fullwidth=\u00bbon\u00bb custom_padding_last_edited=\u00bbon|desktop\u00bb admin_label=\u00bbsection\u00bb _builder_version=\u00bb4.16&#8243; background_color=\u00bb#e02b20&#8243; custom_padding_tablet=\u00bb50px|0|50px|0&#8243; custom_padding_phone=\u00bb\u00bb transparent_background=\u00bboff\u00bb padding_mobile=\u00bboff\u00bb make_fullwidth=\u00bboff\u00bb use_custom_width=\u00bboff\u00bb width_unit=\u00bbon\u00bb global_colors_info=\u00bb{}\u00bb][et_pb_fullwidth_header title=\u00bbTrabajo de Curso\u00bb subhead=\u00bb1\u00ba de Bachillerato\u00bb content_max_width=\u00bbnone\u00bb admin_label=\u00bbFullwidth Header\u00bb _builder_version=\u00bb4.16&#8243; background_color=\u00bbrgba(255, 255, 255, 0)\u00bb button_one_letter_spacing_hover=\u00bb0&#8243; button_two_letter_spacing_hover=\u00bb0&#8243; global_colors_info=\u00bb{}\u00bb button_one_text_size__hover_enabled=\u00bboff\u00bb button_two_text_size__hover_enabled=\u00bboff\u00bb button_one_text_color__hover_enabled=\u00bboff\u00bb button_two_text_color__hover_enabled=\u00bboff\u00bb button_one_border_width__hover_enabled=\u00bboff\u00bb button_two_border_width__hover_enabled=\u00bboff\u00bb button_one_border_color__hover_enabled=\u00bboff\u00bb button_two_border_color__hover_enabled=\u00bboff\u00bb button_one_border_radius__hover_enabled=\u00bboff\u00bb button_two_border_radius__hover_enabled=\u00bboff\u00bb button_one_letter_spacing__hover_enabled=\u00bbon\u00bb button_one_letter_spacing__hover=\u00bb0&#8243; button_two_letter_spacing__hover_enabled=\u00bbon\u00bb button_two_letter_spacing__hover=\u00bb0&#8243; button_one_bg_color__hover_enabled=\u00bboff\u00bb button_two_bg_color__hover_enabled=\u00bboff\u00bb][\/et_pb_fullwidth_header][\/et_pb_section][et_pb_section fb_built=\u00bb1&#8243; specialty=\u00bbon\u00bb admin_label=\u00bbsection\u00bb _builder_version=\u00bb4.16&#8243; global_colors_info=\u00bb{}\u00bb][et_pb_column type=\u00bb3_4&#8243; specialty_columns=\u00bb3&#8243; _builder_version=\u00bb4.16&#8243; custom_padding=\u00bb|||\u00bb global_colors_info=\u00bb{}\u00bb custom_padding__hover=\u00bb|||\u00bb][et_pb_row_inner _builder_version=\u00bb4.16&#8243; global_colors_info=\u00bb{}\u00bb][et_pb_column_inner saved_specialty_column_type=\u00bb3_4&#8243; _builder_version=\u00bb4.16&#8243; custom_padding=\u00bb|||\u00bb global_colors_info=\u00bb{}\u00bb custom_padding__hover=\u00bb|||\u00bb][et_pb_text admin_label=\u00bbText\u00bb _builder_version=\u00bb4.16&#8243; background_size=\u00bbinitial\u00bb background_position=\u00bbtop_left\u00bb background_repeat=\u00bbrepeat\u00bb use_border_color=\u00bboff\u00bb border_color=\u00bb#ffffff\u00bb border_style=\u00bbsolid\u00bb saved_tabs=\u00bball\u00bb global_colors_info=\u00bb{}\u00bb]<\/p>\n<h2>Ideas y documentos<\/h2>\n<p>En los enlaces adjuntos aparecen ejemplos y orientaciones concretas para abordar la realizaci\u00f3n del trabajo de investigaci\u00f3n del curso.<br \/>\n[\/et_pb_text][\/et_pb_column_inner][\/et_pb_row_inner][et_pb_row_inner column_structure=\u00bb1_3,1_3,1_3&#8243; _builder_version=\u00bb4.16&#8243; global_colors_info=\u00bb{}\u00bb][et_pb_column_inner type=\u00bb1_3&#8243; saved_specialty_column_type=\u00bb3_4&#8243; _builder_version=\u00bb4.16&#8243; custom_padding=\u00bb|||\u00bb global_colors_info=\u00bb{}\u00bb custom_padding__hover=\u00bb|||\u00bb][et_pb_blurb title=\u00bbMaqueta de ejemplo\u00bb url=\u00bbhttps:\/\/puenteromano.net\/wp-content\/uploads\/2016\/09\/Doc1Maqueta.jpg\u00bb image_icon_width=\u00bbnone\u00bb admin_label=\u00bbMaqueta\u00bb _builder_version=\u00bb4.16&#8243; background_size=\u00bbinitial\u00bb background_position=\u00bbtop_left\u00bb background_repeat=\u00bbrepeat\u00bb use_border_color=\u00bboff\u00bb border_color=\u00bb#ffffff\u00bb border_style=\u00bbsolid\u00bb image_max_width=\u00bbnone\u00bb global_colors_info=\u00bb{}\u00bb][\/et_pb_blurb][et_pb_blurb title=\u00bbPueblos o aldeas\u00bb url=\u00bbhttps:\/\/puenteromano.net\/wp-content\/uploads\/2016\/09\/Doc8TemasPueblosyaldeas.pdf\u00bb image_icon_width=\u00bbnone\u00bb admin_label=\u00bbPueblos\u00bb _builder_version=\u00bb4.16&#8243; background_size=\u00bbinitial\u00bb background_position=\u00bbtop_left\u00bb background_repeat=\u00bbrepeat\u00bb use_border_color=\u00bboff\u00bb border_color=\u00bb#ffffff\u00bb border_style=\u00bbsolid\u00bb image_max_width=\u00bbnone\u00bb global_colors_info=\u00bb{}\u00bb][\/et_pb_blurb][et_pb_blurb title=\u00bbTrabajar con textos\u00bb url=\u00bbhttps:\/\/puenteromano.net\/wp-content\/uploads\/2016\/09\/Doc3TrabajoconTextos.pdf\u00bb image_icon_width=\u00bbnone\u00bb admin_label=\u00bbTrab. textos\u00bb _builder_version=\u00bb4.16&#8243; background_size=\u00bbinitial\u00bb background_position=\u00bbtop_left\u00bb background_repeat=\u00bbrepeat\u00bb use_border_color=\u00bboff\u00bb border_color=\u00bb#ffffff\u00bb border_style=\u00bbsolid\u00bb image_max_width=\u00bbnone\u00bb global_colors_info=\u00bb{}\u00bb][\/et_pb_blurb][et_pb_blurb title=\u00bbBibliograf\u00eda\u00bb url=\u00bbhttps:\/\/puenteromano.net\/wp-content\/uploads\/2016\/09\/Doc5Bibliografia.pdf\u00bb image_icon_width=\u00bbnone\u00bb admin_label=\u00bbBibliograf\u00eda\u00bb _builder_version=\u00bb4.16&#8243; background_size=\u00bbinitial\u00bb background_position=\u00bbtop_left\u00bb background_repeat=\u00bbrepeat\u00bb use_border_color=\u00bboff\u00bb border_color=\u00bb#ffffff\u00bb border_style=\u00bbsolid\u00bb image_max_width=\u00bbnone\u00bb global_colors_info=\u00bb{}\u00bb][\/et_pb_blurb][\/et_pb_column_inner][et_pb_column_inner type=\u00bb1_3&#8243; saved_specialty_column_type=\u00bb3_4&#8243; _builder_version=\u00bb4.16&#8243; custom_padding=\u00bb|||\u00bb global_colors_info=\u00bb{}\u00bb custom_padding__hover=\u00bb|||\u00bb][et_pb_blurb title=\u00bbTemas e ideas\u00bb url=\u00bbhttps:\/\/puenteromano.net\/wp-content\/uploads\/2016\/09\/Investigaci\u00f3n-y-patrimonio-lista-de-temas.pdf\u00bb image_icon_width=\u00bbnone\u00bb admin_label=\u00bbTemas\u00bb _builder_version=\u00bb4.16&#8243; background_size=\u00bbinitial\u00bb background_position=\u00bbtop_left\u00bb background_repeat=\u00bbrepeat\u00bb use_border_color=\u00bboff\u00bb border_color=\u00bb#ffffff\u00bb border_style=\u00bbsolid\u00bb image_max_width=\u00bbnone\u00bb global_colors_info=\u00bb{}\u00bb][\/et_pb_blurb][et_pb_blurb title=\u00bbBiograf\u00edas\u00bb url=\u00bbhttps:\/\/puenteromano.net\/wp-content\/uploads\/2016\/09\/doc10TemasBiografias.pdf\u00bb image_icon_width=\u00bbnone\u00bb admin_label=\u00bbBiograf\u00edas\u00bb _builder_version=\u00bb4.16&#8243; background_size=\u00bbinitial\u00bb background_position=\u00bbtop_left\u00bb background_repeat=\u00bbrepeat\u00bb use_border_color=\u00bboff\u00bb border_color=\u00bb#ffffff\u00bb border_style=\u00bbsolid\u00bb image_max_width=\u00bbnone\u00bb global_colors_info=\u00bb{}\u00bb][\/et_pb_blurb][et_pb_blurb title=\u00bbModos de citar\u00bb url=\u00bbhttps:\/\/puenteromano.net\/wp-content\/uploads\/2016\/09\/Doc4Modosdecitar.pdf\u00bb image_icon_width=\u00bbnone\u00bb admin_label=\u00bbCitar\u00bb _builder_version=\u00bb4.16&#8243; background_size=\u00bbinitial\u00bb background_position=\u00bbtop_left\u00bb background_repeat=\u00bbrepeat\u00bb use_border_color=\u00bboff\u00bb border_color=\u00bb#ffffff\u00bb border_style=\u00bbsolid\u00bb image_max_width=\u00bbnone\u00bb global_colors_info=\u00bb{}\u00bb][\/et_pb_blurb][et_pb_blurb title=\u00bbHoja de calificaci\u00f3n\u00bb url=\u00bbhttps:\/\/puenteromano.net\/wp-content\/uploads\/2016\/09\/Hojadecalificacion.pdf\u00bb image_icon_width=\u00bbnone\u00bb admin_label=\u00bbCriterios calif\u00bb _builder_version=\u00bb4.16&#8243; background_size=\u00bbinitial\u00bb background_position=\u00bbtop_left\u00bb background_repeat=\u00bbrepeat\u00bb use_border_color=\u00bboff\u00bb border_color=\u00bb#ffffff\u00bb border_style=\u00bbsolid\u00bb image_max_width=\u00bbnone\u00bb global_colors_info=\u00bb{}\u00bb][\/et_pb_blurb][\/et_pb_column_inner][et_pb_column_inner type=\u00bb1_3&#8243; saved_specialty_column_type=\u00bb3_4&#8243; _builder_version=\u00bb4.16&#8243; custom_padding=\u00bb|||\u00bb global_colors_info=\u00bb{}\u00bb custom_padding__hover=\u00bb|||\u00bb][et_pb_blurb title=\u00bbTemas para Artes\u00bb url=\u00bbhttps:\/\/puenteromano.net\/wp-content\/uploads\/2016\/09\/Doc7TemasparaArtes.pdf\u00bb image_icon_width=\u00bbnone\u00bb admin_label=\u00bbTemas Artes\u00bb _builder_version=\u00bb4.16&#8243; background_size=\u00bbinitial\u00bb background_position=\u00bbtop_left\u00bb background_repeat=\u00bbrepeat\u00bb use_border_color=\u00bboff\u00bb border_color=\u00bb#ffffff\u00bb border_style=\u00bbsolid\u00bb image_max_width=\u00bbnone\u00bb global_colors_info=\u00bb{}\u00bb][\/et_pb_blurb][et_pb_blurb title=\u00bbOficios tradicionales\u00bb url=\u00bbhttps:\/\/puenteromano.net\/wp-content\/uploads\/2016\/09\/Doc9TemasOficiostradicionales.pdf\u00bb image_icon_width=\u00bbnone\u00bb admin_label=\u00bbOficios\u00bb _builder_version=\u00bb4.16&#8243; background_size=\u00bbinitial\u00bb background_position=\u00bbtop_left\u00bb background_repeat=\u00bbrepeat\u00bb use_border_color=\u00bboff\u00bb border_color=\u00bb#ffffff\u00bb border_style=\u00bbsolid\u00bb image_max_width=\u00bbnone\u00bb global_colors_info=\u00bb{}\u00bb][\/et_pb_blurb][et_pb_blurb title=\u00bbTipos de fuentes\u00bb url=\u00bbhttps:\/\/puenteromano.net\/wp-content\/uploads\/2016\/09\/Doc2TiposdeFuentes.pdf\u00bb image_icon_width=\u00bbnone\u00bb admin_label=\u00bbTipos fuentes\u00bb _builder_version=\u00bb4.16&#8243; background_size=\u00bbinitial\u00bb background_position=\u00bbtop_left\u00bb background_repeat=\u00bbrepeat\u00bb use_border_color=\u00bboff\u00bb border_color=\u00bb#ffffff\u00bb border_style=\u00bbsolid\u00bb image_max_width=\u00bbnone\u00bb global_colors_info=\u00bb{}\u00bb][\/et_pb_blurb][et_pb_blurb title=\u00bbPRESENTACI\u00d3N\u00bb url=\u00bbhttps:\/\/puenteromano.net\/index.php\/presentacion-de-trabajos\/\u00bb url_new_window=\u00bbon\u00bb image_icon_width=\u00bbnone\u00bb admin_label=\u00bbPRESENTACI\u00d3N\u00bb _builder_version=\u00bb4.16&#8243; header_font=\u00bb|on|||\u00bb header_text_color=\u00bb#e02b20&#8243; background_size=\u00bbinitial\u00bb background_position=\u00bbtop_left\u00bb background_repeat=\u00bbrepeat\u00bb use_border_color=\u00bboff\u00bb border_color=\u00bb#ffffff\u00bb border_style=\u00bbsolid\u00bb image_max_width=\u00bbnone\u00bb global_colors_info=\u00bb{}\u00bb][\/et_pb_blurb][\/et_pb_column_inner][\/et_pb_row_inner][\/et_pb_column][et_pb_column type=\u00bb1_4&#8243; _builder_version=\u00bb4.16&#8243; custom_padding=\u00bb|||\u00bb global_colors_info=\u00bb{}\u00bb custom_padding__hover=\u00bb|||\u00bb][et_pb_blurb title=\u00bbRecursos\u00bb image_icon_width=\u00bbnone\u00bb _builder_version=\u00bb4.16&#8243; background_size=\u00bbinitial\u00bb background_position=\u00bbtop_left\u00bb background_repeat=\u00bbrepeat\u00bb use_border_color=\u00bboff\u00bb border_color=\u00bb#ffffff\u00bb border_style=\u00bbsolid\u00bb image_max_width=\u00bbnone\u00bb global_colors_info=\u00bb{}\u00bb][\/et_pb_blurb][et_pb_blurb title=\u00bbIm\u00e1genes\u00bb url=\u00bbhttps:\/\/puenteromano.net\/index.php\/2018\/01\/10\/documentar-una-imagen\/\u00bb url_new_window=\u00bbon\u00bb admin_label=\u00bbPRESENTACI\u00d3N\u00bb _builder_version=\u00bb4.16&#8243; header_font=\u00bb|on|||\u00bb header_text_color=\u00bb#e02b20&#8243; background_size=\u00bbinitial\u00bb background_position=\u00bbtop_left\u00bb background_repeat=\u00bbrepeat\u00bb max_width_tablet=\u00bb50px\u00bb use_border_color=\u00bboff\u00bb global_colors_info=\u00bb{}\u00bb]<\/p>\n<p>C\u00f3mo documentar correctamente una imagen<\/p>\n<p>[\/et_pb_blurb][et_pb_blurb title=\u00bbMigraciones\u00bb url=\u00bbhttp:\/\/sauce.pntic.mec.es\/jotero\/\u00bb url_new_window=\u00bbon\u00bb admin_label=\u00bbPRESENTACI\u00d3N\u00bb _builder_version=\u00bb4.16&#8243; header_font=\u00bb|on|||\u00bb header_text_color=\u00bb#e02b20&#8243; background_size=\u00bbinitial\u00bb background_position=\u00bbtop_left\u00bb background_repeat=\u00bbrepeat\u00bb max_width_tablet=\u00bb50px\u00bb use_border_color=\u00bboff\u00bb global_colors_info=\u00bb{}\u00bb]<\/p>\n<p>Enlace para contextualizar las biograf\u00edas y trabajos relacionados con la emigraci\u00f3n\/inmigraci\u00f3n<\/p>\n<p>[\/et_pb_blurb][et_pb_blurb title=\u00bbHoja de calificaci\u00f3n\u00bb url=\u00bbhttps:\/\/puenteromano.net\/wp-content\/uploads\/2024\/04\/H-Cal-Tr-Inv-2324.pdf\u00bb url_new_window=\u00bbon\u00bb admin_label=\u00bbPRESENTACI\u00d3N\u00bb _builder_version=\u00bb4.24.3&#8243; header_font=\u00bb|on|||\u00bb header_text_color=\u00bb#e02b20&#8243; background_size=\u00bbinitial\u00bb background_position=\u00bbtop_left\u00bb background_repeat=\u00bbrepeat\u00bb max_width_tablet=\u00bb50px\u00bb hover_enabled=\u00bb0&#8243; use_border_color=\u00bboff\u00bb global_colors_info=\u00bb{}\u00bb sticky_enabled=\u00bb0&#8243; link_option_url_new_window=\u00bbon\u00bb]<\/p>\n<p>Criterios y elementos que componen la calificaci\u00f3n del trabajo<\/p>\n<p>[\/et_pb_blurb][\/et_pb_column][\/et_pb_section]<\/p>\n","protected":false},"excerpt":{"rendered":"<p>Ideas y documentos En los enlaces adjuntos aparecen ejemplos y orientaciones concretas para abordar la realizaci\u00f3n del trabajo de investigaci\u00f3n del curso. C\u00f3mo documentar correctamente una imagenEnlace para contextualizar las biograf\u00edas y trabajos relacionados con la emigraci\u00f3n\/inmigraci\u00f3nCriterios y elementos que componen la calificaci\u00f3n del trabajo<\/p>\n","protected":false},"author":1,"featured_media":0,"parent":0,"menu_order":0,"comment_status":"closed","ping_status":"closed","template":"","meta":{"_et_pb_use_builder":"on","_et_pb_old_content":"","_et_gb_content_width":"","footnotes":""},"class_list":["post-121","page","type-page","status-publish","hentry"],"_links":{"self":[{"href":"https:\/\/puenteromano.net\/index.php\/wp-json\/wp\/v2\/pages\/121","targetHints":{"allow":["GET"]}}],"collection":[{"href":"https:\/\/puenteromano.net\/index.php\/wp-json\/wp\/v2\/pages"}],"about":[{"href":"https:\/\/puenteromano.net\/index.php\/wp-json\/wp\/v2\/types\/page"}],"author":[{"embeddable":true,"href":"https:\/\/puenteromano.net\/index.php\/wp-json\/wp\/v2\/users\/1"}],"replies":[{"embeddable":true,"href":"https:\/\/puenteromano.net\/index.php\/wp-json\/wp\/v2\/comments?post=121"}],"version-history":[{"count":21,"href":"https:\/\/puenteromano.net\/index.php\/wp-json\/wp\/v2\/pages\/121\/revisions"}],"predecessor-version":[{"id":6306,"href":"https:\/\/puenteromano.net\/index.php\/wp-json\/wp\/v2\/pages\/121\/revisions\/6306"}],"wp:attachment":[{"href":"https:\/\/puenteromano.net\/index.php\/wp-json\/wp\/v2\/media?parent=121"}],"curies":[{"name":"wp","href":"https:\/\/api.w.org\/{rel}","templated":true}]}}