{"id":229,"date":"2016-09-24T16:53:44","date_gmt":"2016-09-24T16:53:44","guid":{"rendered":"http:\/\/puenteromano.net\/?page_id=229"},"modified":"2023-04-25T10:12:25","modified_gmt":"2023-04-25T10:12:25","slug":"valores-4o-de-eso","status":"publish","type":"page","link":"https:\/\/puenteromano.net\/index.php\/valores-4o-de-eso\/","title":{"rendered":"Valores 4\u00ba de ESO"},"content":{"rendered":"<p>[et_pb_section fb_built=\u00bb1&#8243; inner_shadow=\u00bbon\u00bb fullwidth=\u00bbon\u00bb custom_padding_last_edited=\u00bbon|desktop\u00bb admin_label=\u00bbsection\u00bb _builder_version=\u00bb4.16&#8243; background_color=\u00bb#6ba5c6&#8243; custom_padding_tablet=\u00bb50px|0|50px|0&#8243; custom_padding_phone=\u00bb\u00bb padding_mobile=\u00bboff\u00bb global_colors_info=\u00bb{}\u00bb][et_pb_fullwidth_header title=\u00bb4\u00ba B, Valores \u00e9ticos\u00bb subhead=\u00bbGonzalo B.\u00bb admin_label=\u00bbFullwidth Header\u00bb _builder_version=\u00bb4.18.0&#8243; background_color=\u00bbrgba(255, 255, 255, 0)\u00bb global_colors_info=\u00bb{}\u00bb button_one_text_size__hover_enabled=\u00bboff\u00bb button_one_text_size__hover=\u00bbnull\u00bb button_two_text_size__hover_enabled=\u00bboff\u00bb button_two_text_size__hover=\u00bbnull\u00bb button_one_text_color__hover_enabled=\u00bboff\u00bb button_one_text_color__hover=\u00bbnull\u00bb button_two_text_color__hover_enabled=\u00bboff\u00bb button_two_text_color__hover=\u00bbnull\u00bb button_one_border_width__hover_enabled=\u00bboff\u00bb button_one_border_width__hover=\u00bbnull\u00bb button_two_border_width__hover_enabled=\u00bboff\u00bb button_two_border_width__hover=\u00bbnull\u00bb button_one_border_color__hover_enabled=\u00bboff\u00bb button_one_border_color__hover=\u00bbnull\u00bb button_two_border_color__hover_enabled=\u00bboff\u00bb button_two_border_color__hover=\u00bbnull\u00bb button_one_border_radius__hover_enabled=\u00bboff\u00bb button_one_border_radius__hover=\u00bbnull\u00bb button_two_border_radius__hover_enabled=\u00bboff\u00bb button_two_border_radius__hover=\u00bbnull\u00bb button_one_letter_spacing__hover_enabled=\u00bboff\u00bb button_one_letter_spacing__hover=\u00bbnull\u00bb button_two_letter_spacing__hover_enabled=\u00bboff\u00bb button_two_letter_spacing__hover=\u00bbnull\u00bb button_one_bg_color__hover_enabled=\u00bboff\u00bb button_one_bg_color__hover=\u00bbnull\u00bb button_two_bg_color__hover_enabled=\u00bboff\u00bb button_two_bg_color__hover=\u00bbnull\u00bb][\/et_pb_fullwidth_header][\/et_pb_section][et_pb_section fb_built=\u00bb1&#8243; specialty=\u00bbon\u00bb admin_label=\u00bbsection\u00bb _builder_version=\u00bb4.16&#8243; global_colors_info=\u00bb{}\u00bb][et_pb_column type=\u00bb3_4&#8243; specialty_columns=\u00bb3&#8243; _builder_version=\u00bb4.16&#8243; custom_padding=\u00bb|||\u00bb global_colors_info=\u00bb{}\u00bb parallax__hover=\u00bboff\u00bb parallax_method__hover=\u00bbon\u00bb custom_padding__hover=\u00bb|||\u00bb][et_pb_row_inner _builder_version=\u00bb4.16&#8243; global_colors_info=\u00bb{}\u00bb][et_pb_column_inner saved_specialty_column_type=\u00bb3_4&#8243; _builder_version=\u00bb4.16&#8243; custom_padding=\u00bb|||\u00bb global_colors_info=\u00bb{}\u00bb parallax__hover=\u00bboff\u00bb parallax_method__hover=\u00bbon\u00bb custom_padding__hover=\u00bb|||\u00bb][et_pb_text admin_label=\u00bbText\u00bb _builder_version=\u00bb4.16&#8243; background_size=\u00bbinitial\u00bb background_position=\u00bbtop_left\u00bb background_repeat=\u00bbrepeat\u00bb saved_tabs=\u00bball\u00bb global_colors_info=\u00bb{}\u00bb]<\/p>\n<h2>CURSO 2020-2021<\/h2>\n<p>&nbsp;<\/p>\n<p>[\/et_pb_text][et_pb_accordion _builder_version=\u00bb4.20.4&#8243; hover_enabled=\u00bb0&#8243; global_colors_info=\u00bb{}\u00bb sticky_enabled=\u00bb0&#8243;][et_pb_accordion_item title=\u00bbTERCERA EVALUACI\u00d3N\u00bb _builder_version=\u00bb4.20.4&#8243; _module_preset=\u00bbdefault\u00bb hover_enabled=\u00bb0&#8243; global_colors_info=\u00bb{}\u00bb open=\u00bboff\u00bb sticky_enabled=\u00bb0&#8243;]<\/p>\n<p><span style=\"color: #333333;\">Bloques 4 y 5. La justicia y la pol\u00edtica \/\u00a0Los valores \u00e9ticos, el Derecho, la DUDH\u00a0y otros tratados internacionales sobre derechos humanos<\/span><\/p>\n<ul>\n<li><span style=\"color: #333333;\">Entre animales y humanos: los primates superiores.<\/span>\n<ul>\n<li><a href=\"https:\/\/puenteromano.net\/wp-content\/uploads\/2023\/04\/Koko-la-gorila.pdf\"><span style=\"color: #333333;\">Koko, la gorila<\/span><\/a><\/li>\n<li><a href=\"https:\/\/youtu.be\/R14gZe8TeJw\" target=\"_blank\" rel=\"noopener\"><span style=\"color: #333333;\">V\u00eddeo de Koko<\/span><\/a><\/li>\n<\/ul>\n<\/li>\n<li><span style=\"color: #333333;\">Legalidad, derechos humanos y globalizaci\u00f3n<\/span><\/li>\n<li><span style=\"color: #333333;\">El Estado como garante de los DDHH<\/span><\/li>\n<li><span style=\"color: #333333;\">Material de trabajo: video-documento sobre migraciones<\/span><\/li>\n<\/ul>\n<p><span style=\"color: #333333;\">Bloque 6.\u00a0Los valores \u00e9ticos y su relaci\u00f3n con la ciencia y la tecnolog\u00eda.<\/span><\/p>\n<ul>\n<li><span style=\"color: #333333;\">Identificaci\u00f3n del concepto \u00abtecnolog\u00eda\u00bb.<\/span><\/li>\n<\/ul>\n<p>[\/et_pb_accordion_item][et_pb_accordion_item title=\u00bbPRIMERA EVALUACI\u00d3N\u00bb open=\u00bbon\u00bb _builder_version=\u00bb4.19.2&#8243; _module_preset=\u00bbdefault\u00bb global_colors_info=\u00bb{}\u00bb]<\/p>\n<p><b>Bloque 1. La dignidad de la persona<\/b><\/p>\n<p>CRITERIO GENERAL<\/p>\n<p>Interpretar y valorar la importancia de la <strong>dignidad de la persona<\/strong>, como el valor del que parte y en el que se fundamenta la DUDH, subrayando los atributos inherentes a la naturaleza humana y los derechos inalienables y universales que derivan de ella, como el punto de partida sobre el que deben girar los valores \u00e9ticos en las relaciones humanas a nivel personal, social, estatal y universal.<\/p>\n<p><span class=\"Apple-converted-space\">\u00a0QU\u00c9 VAMOS A CONSIDERAR<\/span><span class=\"Apple-converted-space\"><\/span><\/p>\n<p><span class=\"Apple-converted-space\">Cuestiones previas: <\/span><\/p>\n<ul>\n<li>empleo adecuado del correo<\/li>\n<li>empleo adecuado de la tecnolog\u00eda<\/li>\n<\/ul>\n<p>Dignidad de la persona<\/p>\n<p style=\"padding-left: 40px;\">&#8211; <strong>Derechos humanos:<\/strong><\/p>\n<p style=\"padding-left: 80px;\">Portal de la <a href=\"https:\/\/www.un.org\/es\/universal-declaration-human-rights\/\" target=\"_blank\" rel=\"noopener noreferrer\">ONU<\/a> sobre la DUDH)<\/p>\n<p style=\"padding-left: 80px;\">Texto de la declaraci\u00f3n en <a href=\"https:\/\/puenteromano.net\/wp-content\/uploads\/2020\/10\/DUDH.pdf\" target=\"_blank\" rel=\"noopener noreferrer\">PDF<\/a><\/p>\n<p>Atributos de la persona y derechos.<\/p>\n<p style=\"padding-left: 40px;\">&#8211; <strong>Dignidad<\/strong> de la persona.\u00a0<strong>Situaciones y ejemplos del entorno<\/strong>. Viddeo-documento: \u00ab<a href=\"https:\/\/youtu.be\/O6fm3fE1Hmk\">Olvid\u00e9 no quererte<\/a>\u00bb de Carine Nonnast.<\/p>\n<p style=\"padding-left: 40px;\">&#8211; Atributos esenciales del ser humano: la <strong>raz\u00f3n<\/strong>, la <strong>conciencia<\/strong> y la <strong>libertad<\/strong> en el contexto de los derechos humanos: el \u00abyo\u00bb. Video documento: \u00ab<a href=\"https:\/\/youtu.be\/k3zXB9hV9JM\">El rostro de Demian<\/a>\u00ab, de Alicia Olmedo.<\/p>\n<p style=\"padding-left: 40px;\">&#8211; Autoestima y bienestar emocional. <a href=\"https:\/\/youtu.be\/CTHlp6_ixMQ\" target=\"_blank\" rel=\"noopener\">Video de Silvia Congost<\/a><\/p>\n<p style=\"padding-left: 40px;\">&#8211; Las relaciones afectivo-sexuales como un espacio de igualdad y respeto, corresponsabilidad en la anticoncepci\u00f3n y en la prevenci\u00f3n de enfermedades de transmisi\u00f3n sexual.<\/p>\n<p>Derechos econ\u00f3micos y sociales.<\/p>\n<p>_____________________<\/p>\n<p>El alumno\/a ha de ser capaz de:<\/p>\n<ul>\n<li><span><\/span>identificar en el ser humano, en tanto que persona y los atributos inherentes a su naturaleza, el origen de los derechos inalienables y universales que establece la DUDH.<\/li>\n<li><span><\/span>Identificar los atributos esenciales del ser humano: la raz\u00f3n, la conciencia y la libertad<\/li>\n<li><span><\/span>Relacionar de forma adecuada los siguientes t\u00e9rminos y expresiones, utilizados en la DUDH: dignidad de la persona, fraternidad, libertad humana, trato digno, juicio justo, trato inhumano o degradante, arbitrariamente detenido, presunci\u00f3n de inocencia, discriminaci\u00f3n, violaci\u00f3n de derechos, etc.<\/li>\n<\/ul>\n<p><strong>Bloque 2. La comprensi\u00f3n, el respeto y la igualdad en las relaciones interpersonales 4o ESO &#8211; La condici\u00f3n social del ser humano.<\/strong><\/p>\n<p><strong>Criterio:<\/strong><strong><\/strong><\/p>\n<p>La globalizaci\u00f3n: retos<\/p>\n<ul>\n<li>eurocentrismo <em>e<\/em>\u00a0igualdad cultural: <a href=\"https:\/\/www.youtube.com\/watch?v=a4-R7Oon9vI\" target=\"_blank\" rel=\"noopener\">m\u00fasica cl\u00e1sica<\/a>\u00a0<em>versus<\/em> <a href=\"https:\/\/www.youtube.com\/watch?v=lVPLIuBy9CY\" target=\"_blank\" rel=\"noopener\">m\u00fasica \u00e9tnica<\/a><\/li>\n<li>el g\u00e9nero como construcci\u00f3n cultural<\/li>\n<li>ejercicio: <a href=\"https:\/\/puenteromano.net\/index.php\/2022\/12\/07\/medios-de-comunicacion-y-valores-3\/\" target=\"_blank\" rel=\"noopener\">valores y medios<\/a><\/li>\n<\/ul>\n<p>Globalizaci\u00f3n y sociedad de la informaci\u00f3n:\u00a0Medios de comunicaci\u00f3n e informaci\u00f3n: informaciones y expresiones procedentes de la DUDH (dignidad de la persona, fraternidad, libertad humana, trato digno, juicio justo, trato inhumano o degradante, persona arbitrariamente detenida, presunci\u00f3n de inocencia, discriminaci\u00f3n, violaci\u00f3n de derechos&#8230;)<\/p>\n<p>[\/et_pb_accordion_item][et_pb_accordion_item title=\u00bbSEGUNDA EVALUACI\u00d3N\u00bb _builder_version=\u00bb4.16&#8243; _module_preset=\u00bbdefault\u00bb global_colors_info=\u00bb{}\u00bb open=\u00bboff\u00bb]<\/p>\n<p><strong>Bloque 3: Moral y \u00e9tica.<\/strong><\/p>\n<p>CONTENIDOS<\/p>\n<ol>\n<li><a href=\"https:\/\/puenteromano.net\/wp-content\/uploads\/2021\/01\/TeoriasEticas.pdf\">Teor\u00edas \u00e9ticas<\/a>\n<ol>\n<li><a href=\"https:\/\/puenteromano.net\/wp-content\/uploads\/2019\/10\/S\u00f3crates-en-el-establo.pdf\">S\u00f3crates en el establo<\/a><\/li>\n<li>Gobernantes-sabios<\/li>\n<li>La responsabilidad ciudadana: <a href=\"https:\/\/youtu.be\/56G-CmH_1dI\" target=\"_blank\" rel=\"noopener noreferrer\">v\u00eddeo<\/a><\/li>\n<\/ol>\n<\/li>\n<li>La aplicaci\u00f3n de la \u00e9tica: campos\n<ol>\n<li>M\u00e9dico, educativo, cient\u00edfico, econ\u00f3mico&#8230;<\/li>\n<\/ol>\n<\/li>\n<li>La necesidad de una \u00e9tica deontol\u00f3gica<\/li>\n<li>La \u00e9tica en la empresa.\n<ol>\n<li>La RSC (Responsabilidad Socia Corporativa) en la <a href=\"https:\/\/www.ilo.org\/wcmsp5\/groups\/public\/---ed_emp\/---emp_ent\/---multi\/documents\/publication\/wcms_142694.pdf\">definici\u00f3n de la OIT<\/a> (Organizaci\u00f3n internacional del Trabajo)<\/li>\n<li>El Pacto global o <a href=\"https:\/\/www.unglobalcompact.org\/engage-locally\/europe\/spain\" target=\"_blank\" rel=\"noopener noreferrer\">Global compact<\/a> de la ONU<\/li>\n<\/ol>\n<\/li>\n<li>\u00c9tica en la educaci\u00f3n.<\/li>\n<li>8M: \u00abLa capacidad no tiene g\u00e9nero\u00bb, el lema del mural de Ciudad Lineal, Madrid. <a href=\"https:\/\/elpais.com\/elpais\/2021\/03\/05\/album\/1614949398_993558.html#foto_gal_1\" target=\"_blank\" rel=\"noopener\">15 mujeres<\/a>.<\/li>\n<\/ol>\n<p>CRITERIO GENERAL<\/p>\n<p>Comprender y apreciar la importancia que tienen para el ser humano del siglo XXI, las circunstancias que le rodean, destacando los l\u00edmites que le imponen y las oportunidades que le ofrecen para la elaboraci\u00f3n de su proyecto de vida, conforme a los valores que libremente elige y que dan sentido a su existencia.<\/p>\n<p>OBJETIVO<\/p>\n<p>Describir y evaluar las circunstancias que en el momento actual rodean al alumno, identificando las limitaciones y oportunidades que se le plantean, desde las perspectivas sociales, laborales, educativas, econ\u00f3micas, familiares, afectivas, etc., con el objeto de dise\u00f1ar su proyecto de vida personal.<\/p>\n<p>[\/et_pb_accordion_item][\/et_pb_accordion][\/et_pb_column_inner][\/et_pb_row_inner][et_pb_row_inner column_structure=\u00bb1_2,1_2&#8243; _builder_version=\u00bb4.16&#8243; global_colors_info=\u00bb{}\u00bb][et_pb_column_inner type=\u00bb1_2&#8243; saved_specialty_column_type=\u00bb3_4&#8243; _builder_version=\u00bb4.16&#8243; custom_padding=\u00bb|||\u00bb global_colors_info=\u00bb{}\u00bb parallax__hover=\u00bboff\u00bb parallax_method__hover=\u00bbon\u00bb custom_padding__hover=\u00bb|||\u00bb][et_pb_text admin_label=\u00bbText\u00bb _builder_version=\u00bb4.16&#8243; background_size=\u00bbinitial\u00bb background_position=\u00bbtop_left\u00bb background_repeat=\u00bbrepeat\u00bb global_colors_info=\u00bb{}\u00bb]<\/p>\n<h3>Textos<\/h3>\n<p>[\/et_pb_text][\/et_pb_column_inner][et_pb_column_inner type=\u00bb1_2&#8243; saved_specialty_column_type=\u00bb3_4&#8243; _builder_version=\u00bb4.16&#8243; custom_padding=\u00bb|||\u00bb global_colors_info=\u00bb{}\u00bb parallax__hover=\u00bboff\u00bb parallax_method__hover=\u00bbon\u00bb custom_padding__hover=\u00bb|||\u00bb][et_pb_text admin_label=\u00bbText\u00bb _builder_version=\u00bb4.16&#8243; background_size=\u00bbinitial\u00bb background_position=\u00bbtop_left\u00bb background_repeat=\u00bbrepeat\u00bb global_colors_info=\u00bb{}\u00bb]<\/p>\n<h3>Pruebas<\/h3>\n<p>[\/et_pb_text][\/et_pb_column_inner][\/et_pb_row_inner][et_pb_row_inner column_structure=\u00bb1_3,1_3,1_3&#8243; _builder_version=\u00bb4.16&#8243; global_colors_info=\u00bb{}\u00bb][et_pb_column_inner type=\u00bb1_3&#8243; saved_specialty_column_type=\u00bb3_4&#8243; _builder_version=\u00bb4.16&#8243; custom_padding=\u00bb|||\u00bb global_colors_info=\u00bb{}\u00bb parallax__hover=\u00bboff\u00bb parallax_method__hover=\u00bbon\u00bb custom_padding__hover=\u00bb|||\u00bb][et_pb_text admin_label=\u00bbText\u00bb _builder_version=\u00bb4.16&#8243; background_size=\u00bbinitial\u00bb background_position=\u00bbtop_left\u00bb background_repeat=\u00bbrepeat\u00bb global_colors_info=\u00bb{}\u00bb]<\/p>\n<h4><a href=\"https:\/\/puenteromano.net\/wp-content\/uploads\/2016\/09\/CurriculoValoresEticosAsturias.pdf\" target=\"_blank\" rel=\"noopener noreferrer\">Programaci\u00f3n<\/a><\/h4>\n<p>[\/et_pb_text][\/et_pb_column_inner][et_pb_column_inner type=\u00bb1_3&#8243; saved_specialty_column_type=\u00bb3_4&#8243; _builder_version=\u00bb4.16&#8243; custom_padding=\u00bb|||\u00bb global_colors_info=\u00bb{}\u00bb parallax__hover=\u00bboff\u00bb parallax_method__hover=\u00bbon\u00bb custom_padding__hover=\u00bb|||\u00bb][et_pb_text admin_label=\u00bbText\u00bb _builder_version=\u00bb4.16&#8243; background_size=\u00bbinitial\u00bb background_position=\u00bbtop_left\u00bb background_repeat=\u00bbrepeat\u00bb global_colors_info=\u00bb{}\u00bb]<\/p>\n<h4>Criterios<\/h4>\n<p>[\/et_pb_text][\/et_pb_column_inner][et_pb_column_inner type=\u00bb1_3&#8243; saved_specialty_column_type=\u00bb3_4&#8243; _builder_version=\u00bb4.16&#8243; custom_padding=\u00bb|||\u00bb global_colors_info=\u00bb{}\u00bb parallax__hover=\u00bboff\u00bb parallax_method__hover=\u00bbon\u00bb custom_padding__hover=\u00bb|||\u00bb][et_pb_text admin_label=\u00bbText\u00bb _builder_version=\u00bb4.16&#8243; background_size=\u00bbinitial\u00bb background_position=\u00bbtop_left\u00bb background_repeat=\u00bbrepeat\u00bb global_colors_info=\u00bb{}\u00bb]<\/p>\n<h4>Avisos<\/h4>\n<p>[\/et_pb_text][\/et_pb_column_inner][\/et_pb_row_inner][\/et_pb_column][et_pb_column type=\u00bb1_4&#8243; _builder_version=\u00bb4.16&#8243; custom_padding=\u00bb|||\u00bb global_colors_info=\u00bb{}\u00bb parallax__hover=\u00bboff\u00bb parallax_method__hover=\u00bbon\u00bb custom_padding__hover=\u00bb|||\u00bb][et_pb_blurb title=\u00bbRecursos\u00bb _builder_version=\u00bb4.16&#8243; background_size=\u00bbinitial\u00bb background_position=\u00bbtop_left\u00bb background_repeat=\u00bbrepeat\u00bb global_colors_info=\u00bb{}\u00bb]<\/p>\n<p>\n&nbsp;<\/p>\n<p>[\/et_pb_blurb][et_pb_button button_url=\u00bbhttps:\/\/puenteromano.net\/wp-content\/uploads\/2016\/09\/CurriculoValoresEticosAsturias.pdf\u00bb url_new_window=\u00bbon\u00bb button_text=\u00bbValores E. (Asturias)\u00bb button_alignment=\u00bbleft\u00bb _builder_version=\u00bb4.16&#8243; custom_button=\u00bbon\u00bb button_text_size=\u00bb14&#8243; global_colors_info=\u00bb{}\u00bb button_text_size__hover_enabled=\u00bboff\u00bb button_text_size__hover=\u00bbnull\u00bb button_one_text_size__hover_enabled=\u00bboff\u00bb button_one_text_size__hover=\u00bbnull\u00bb button_two_text_size__hover_enabled=\u00bboff\u00bb button_two_text_size__hover=\u00bbnull\u00bb button_text_color__hover_enabled=\u00bboff\u00bb button_text_color__hover=\u00bbnull\u00bb button_one_text_color__hover_enabled=\u00bboff\u00bb button_one_text_color__hover=\u00bbnull\u00bb button_two_text_color__hover_enabled=\u00bboff\u00bb button_two_text_color__hover=\u00bbnull\u00bb button_border_width__hover_enabled=\u00bboff\u00bb button_border_width__hover=\u00bbnull\u00bb button_one_border_width__hover_enabled=\u00bboff\u00bb button_one_border_width__hover=\u00bbnull\u00bb button_two_border_width__hover_enabled=\u00bboff\u00bb button_two_border_width__hover=\u00bbnull\u00bb button_border_color__hover_enabled=\u00bboff\u00bb button_border_color__hover=\u00bbnull\u00bb button_one_border_color__hover_enabled=\u00bboff\u00bb button_one_border_color__hover=\u00bbnull\u00bb button_two_border_color__hover_enabled=\u00bboff\u00bb button_two_border_color__hover=\u00bbnull\u00bb button_border_radius__hover_enabled=\u00bboff\u00bb button_border_radius__hover=\u00bbnull\u00bb button_one_border_radius__hover_enabled=\u00bboff\u00bb button_one_border_radius__hover=\u00bbnull\u00bb button_two_border_radius__hover_enabled=\u00bboff\u00bb button_two_border_radius__hover=\u00bbnull\u00bb button_letter_spacing__hover_enabled=\u00bboff\u00bb button_letter_spacing__hover=\u00bbnull\u00bb button_one_letter_spacing__hover_enabled=\u00bboff\u00bb button_one_letter_spacing__hover=\u00bbnull\u00bb button_two_letter_spacing__hover_enabled=\u00bboff\u00bb button_two_letter_spacing__hover=\u00bbnull\u00bb button_bg_color__hover_enabled=\u00bboff\u00bb button_bg_color__hover=\u00bbnull\u00bb button_one_bg_color__hover_enabled=\u00bboff\u00bb button_one_bg_color__hover=\u00bbnull\u00bb button_two_bg_color__hover_enabled=\u00bboff\u00bb button_two_bg_color__hover=\u00bbnull\u00bb]<\/p>\n<p>\n&nbsp;<\/p>\n<p>[\/et_pb_button][et_pb_button button_url=\u00bbhttps:\/\/puenteromano.net\/index.php\/2019\/10\/02\/x-olimpiada-filosofica\/\u00bb url_new_window=\u00bbon\u00bb button_text=\u00bbOLIMPIADAS FILOS\u00d3FICAS\u00bb button_alignment=\u00bbleft\u00bb _builder_version=\u00bb4.16&#8243; custom_button=\u00bbon\u00bb button_text_size=\u00bb14&#8243; global_colors_info=\u00bb{}\u00bb button_text_size__hover_enabled=\u00bboff\u00bb button_text_size__hover=\u00bbnull\u00bb button_one_text_size__hover_enabled=\u00bboff\u00bb button_one_text_size__hover=\u00bbnull\u00bb button_two_text_size__hover_enabled=\u00bboff\u00bb button_two_text_size__hover=\u00bbnull\u00bb button_text_color__hover_enabled=\u00bboff\u00bb button_text_color__hover=\u00bbnull\u00bb button_one_text_color__hover_enabled=\u00bboff\u00bb button_one_text_color__hover=\u00bbnull\u00bb button_two_text_color__hover_enabled=\u00bboff\u00bb button_two_text_color__hover=\u00bbnull\u00bb button_border_width__hover_enabled=\u00bboff\u00bb button_border_width__hover=\u00bbnull\u00bb button_one_border_width__hover_enabled=\u00bboff\u00bb button_one_border_width__hover=\u00bbnull\u00bb button_two_border_width__hover_enabled=\u00bboff\u00bb button_two_border_width__hover=\u00bbnull\u00bb button_border_color__hover_enabled=\u00bboff\u00bb button_border_color__hover=\u00bbnull\u00bb button_one_border_color__hover_enabled=\u00bboff\u00bb button_one_border_color__hover=\u00bbnull\u00bb button_two_border_color__hover_enabled=\u00bboff\u00bb button_two_border_color__hover=\u00bbnull\u00bb button_border_radius__hover_enabled=\u00bboff\u00bb button_border_radius__hover=\u00bbnull\u00bb button_one_border_radius__hover_enabled=\u00bboff\u00bb button_one_border_radius__hover=\u00bbnull\u00bb button_two_border_radius__hover_enabled=\u00bboff\u00bb button_two_border_radius__hover=\u00bbnull\u00bb button_letter_spacing__hover_enabled=\u00bboff\u00bb button_letter_spacing__hover=\u00bbnull\u00bb button_one_letter_spacing__hover_enabled=\u00bboff\u00bb button_one_letter_spacing__hover=\u00bbnull\u00bb button_two_letter_spacing__hover_enabled=\u00bboff\u00bb button_two_letter_spacing__hover=\u00bbnull\u00bb button_bg_color__hover_enabled=\u00bboff\u00bb button_bg_color__hover=\u00bbnull\u00bb button_one_bg_color__hover_enabled=\u00bboff\u00bb button_one_bg_color__hover=\u00bbnull\u00bb button_two_bg_color__hover_enabled=\u00bboff\u00bb button_two_bg_color__hover=\u00bbnull\u00bb]<\/p>\n<p>\n&nbsp;<\/p>\n<p>[\/et_pb_button][et_pb_blurb title=\u00bbTareas\u00bb _builder_version=\u00bb4.19.2&#8243; background_size=\u00bbinitial\u00bb background_position=\u00bbtop_left\u00bb background_repeat=\u00bbrepeat\u00bb border_style=\u00bbsolid\u00bb global_colors_info=\u00bb{}\u00bb][\/et_pb_blurb][et_pb_button button_url=\u00bbhttps:\/\/puenteromano.net\/index.php\/2022\/12\/07\/medios-de-comunicacion-y-valores-3\/\u00bb url_new_window=\u00bbon\u00bb button_text=\u00bbEjercicio: Valores y medios\u00bb button_alignment=\u00bbleft\u00bb _builder_version=\u00bb4.19.2&#8243; custom_button=\u00bbon\u00bb button_text_size=\u00bb14&#8243; button_letter_spacing_hover=\u00bb0&#8243; global_colors_info=\u00bb{}\u00bb button_text_size__hover_enabled=\u00bboff\u00bb button_text_size__hover=\u00bbnull\u00bb button_one_text_size__hover_enabled=\u00bboff\u00bb button_one_text_size__hover=\u00bbnull\u00bb button_two_text_size__hover_enabled=\u00bboff\u00bb button_two_text_size__hover=\u00bbnull\u00bb button_text_color__hover_enabled=\u00bboff\u00bb button_text_color__hover=\u00bbnull\u00bb button_one_text_color__hover_enabled=\u00bboff\u00bb button_one_text_color__hover=\u00bbnull\u00bb button_two_text_color__hover_enabled=\u00bboff\u00bb button_two_text_color__hover=\u00bbnull\u00bb button_border_width__hover_enabled=\u00bboff\u00bb button_border_width__hover=\u00bbnull\u00bb button_one_border_width__hover_enabled=\u00bboff\u00bb button_one_border_width__hover=\u00bbnull\u00bb button_two_border_width__hover_enabled=\u00bboff\u00bb button_two_border_width__hover=\u00bbnull\u00bb button_border_color__hover_enabled=\u00bboff\u00bb button_border_color__hover=\u00bbnull\u00bb button_one_border_color__hover_enabled=\u00bboff\u00bb button_one_border_color__hover=\u00bbnull\u00bb button_two_border_color__hover_enabled=\u00bboff\u00bb button_two_border_color__hover=\u00bbnull\u00bb button_border_radius__hover_enabled=\u00bboff\u00bb button_border_radius__hover=\u00bbnull\u00bb button_one_border_radius__hover_enabled=\u00bboff\u00bb button_one_border_radius__hover=\u00bbnull\u00bb button_two_border_radius__hover_enabled=\u00bboff\u00bb button_two_border_radius__hover=\u00bbnull\u00bb button_letter_spacing__hover_enabled=\u00bbon\u00bb button_letter_spacing__hover=\u00bb0&#8243; button_one_letter_spacing__hover_enabled=\u00bboff\u00bb button_one_letter_spacing__hover=\u00bbnull\u00bb button_two_letter_spacing__hover_enabled=\u00bboff\u00bb button_two_letter_spacing__hover=\u00bbnull\u00bb button_bg_color__hover_enabled=\u00bboff\u00bb button_bg_color__hover=\u00bbnull\u00bb button_one_bg_color__hover_enabled=\u00bboff\u00bb button_one_bg_color__hover=\u00bbnull\u00bb button_two_bg_color__hover_enabled=\u00bboff\u00bb button_two_bg_color__hover=\u00bbnull\u00bb]<\/p>\n<p>\n&nbsp;<\/p>\n<p>[\/et_pb_button][\/et_pb_column][\/et_pb_section]<\/p>\n","protected":false},"excerpt":{"rendered":"<p>CURSO 2020-2021 &nbsp;Bloques 4 y 5. La justicia y la pol\u00edtica \/\u00a0Los valores \u00e9ticos, el Derecho, la DUDH\u00a0y otros tratados internacionales sobre derechos humanos Entre animales y humanos: los primates superiores. Koko, la gorila V\u00eddeo de Koko Legalidad, derechos humanos y globalizaci\u00f3n El Estado como garante de los DDHH Material de trabajo: video-documento sobre migraciones [&hellip;]<\/p>\n","protected":false},"author":1,"featured_media":0,"parent":0,"menu_order":0,"comment_status":"closed","ping_status":"closed","template":"","meta":{"_et_pb_use_builder":"on","_et_pb_old_content":"","_et_gb_content_width":"","footnotes":""},"class_list":["post-229","page","type-page","status-publish","hentry"],"_links":{"self":[{"href":"https:\/\/puenteromano.net\/index.php\/wp-json\/wp\/v2\/pages\/229","targetHints":{"allow":["GET"]}}],"collection":[{"href":"https:\/\/puenteromano.net\/index.php\/wp-json\/wp\/v2\/pages"}],"about":[{"href":"https:\/\/puenteromano.net\/index.php\/wp-json\/wp\/v2\/types\/page"}],"author":[{"embeddable":true,"href":"https:\/\/puenteromano.net\/index.php\/wp-json\/wp\/v2\/users\/1"}],"replies":[{"embeddable":true,"href":"https:\/\/puenteromano.net\/index.php\/wp-json\/wp\/v2\/comments?post=229"}],"version-history":[{"count":79,"href":"https:\/\/puenteromano.net\/index.php\/wp-json\/wp\/v2\/pages\/229\/revisions"}],"predecessor-version":[{"id":5551,"href":"https:\/\/puenteromano.net\/index.php\/wp-json\/wp\/v2\/pages\/229\/revisions\/5551"}],"wp:attachment":[{"href":"https:\/\/puenteromano.net\/index.php\/wp-json\/wp\/v2\/media?parent=229"}],"curies":[{"name":"wp","href":"https:\/\/api.w.org\/{rel}","templated":true}]}}