{"id":3123,"date":"2020-04-07T13:50:20","date_gmt":"2020-04-07T13:50:20","guid":{"rendered":"https:\/\/puenteromano.net\/?page_id=3123"},"modified":"2020-10-05T08:07:06","modified_gmt":"2020-10-05T08:07:06","slug":"valores-3-profesora-myriam-garcia","status":"publish","type":"page","link":"https:\/\/puenteromano.net\/index.php\/valores-3-profesora-myriam-garcia\/","title":{"rendered":"Valores 3, Profesora Myriam Garc\u00eda"},"content":{"rendered":"<p>[et_pb_section fb_built=\u00bb1&#8243; inner_shadow=\u00bbon\u00bb fullwidth=\u00bbon\u00bb custom_padding_last_edited=\u00bbon|desktop\u00bb admin_label=\u00bbsection\u00bb _builder_version=\u00bb3.22&#8243; background_color=\u00bb#6ba5c6&#8243; custom_padding_tablet=\u00bb50px|0|50px|0&#8243; custom_padding_phone=\u00bb\u00bb transparent_background=\u00bboff\u00bb padding_mobile=\u00bboff\u00bb make_fullwidth=\u00bboff\u00bb use_custom_width=\u00bboff\u00bb width_unit=\u00bbon\u00bb][et_pb_fullwidth_header title=\u00bbValores \u00e9ticos, Profesora M.\u00bb subhead=\u00bb3\u00ba de ESO\u00bb content_max_width=\u00bbnone\u00bb admin_label=\u00bbFullwidth Header\u00bb _builder_version=\u00bb3.16&#8243; background_color=\u00bbrgba(255, 255, 255, 0)\u00bb button_one_letter_spacing_hover=\u00bb0&#8243; button_two_letter_spacing_hover=\u00bb0&#8243; button_one_text_size__hover_enabled=\u00bboff\u00bb button_two_text_size__hover_enabled=\u00bboff\u00bb button_one_text_color__hover_enabled=\u00bboff\u00bb button_two_text_color__hover_enabled=\u00bboff\u00bb button_one_border_width__hover_enabled=\u00bboff\u00bb button_two_border_width__hover_enabled=\u00bboff\u00bb button_one_border_color__hover_enabled=\u00bboff\u00bb button_two_border_color__hover_enabled=\u00bboff\u00bb button_one_border_radius__hover_enabled=\u00bboff\u00bb button_two_border_radius__hover_enabled=\u00bboff\u00bb button_one_letter_spacing__hover_enabled=\u00bbon\u00bb button_one_letter_spacing__hover=\u00bb0&#8243; button_two_letter_spacing__hover_enabled=\u00bbon\u00bb button_two_letter_spacing__hover=\u00bb0&#8243; button_one_bg_color__hover_enabled=\u00bboff\u00bb button_two_bg_color__hover_enabled=\u00bboff\u00bb][\/et_pb_fullwidth_header][\/et_pb_section][et_pb_section fb_built=\u00bb1&#8243; _builder_version=\u00bb4.4.1&#8243;][et_pb_row _builder_version=\u00bb4.4.1&#8243;][et_pb_column type=\u00bb4_4&#8243; _builder_version=\u00bb4.4.1&#8243;][et_pb_blurb title=\u00bb3\u00ba ESO, Profesora Myriam Garc\u00eda\u00bb _builder_version=\u00bb4.6.5&#8243; header_text_color=\u00bb#ffffff\u00bb background_color=\u00bb#e02b20&#8243; custom_padding=\u00bb10px|10px|10px|10px|true|true\u00bb][\/et_pb_blurb][et_pb_text _builder_version=\u00bb4.6.5&#8243;]<\/p>\n<h1>CURSO 2019-2020, TRABAJO GUIADO<\/h1>\n<p>[\/et_pb_text][\/et_pb_column][\/et_pb_row][et_pb_row _builder_version=\u00bb4.4.1&#8243;][et_pb_column type=\u00bb4_4&#8243; _builder_version=\u00bb4.4.1&#8243;][et_pb_accordion _builder_version=\u00bb4.6.5&#8243; hover_enabled=\u00bb0&#8243; use_border_color=\u00bboff\u00bb border_color=\u00bb#ffffff\u00bb border_style=\u00bbsolid\u00bb sticky_enabled=\u00bb0&#8243;][et_pb_accordion_item title=\u00bbPRIMERA EVALUACI\u00d3N\u00bb open=\u00bbon\u00bb _builder_version=\u00bb4.6.5&#8243; hover_enabled=\u00bb0&#8243; sticky_enabled=\u00bb0&#8243;]<\/p>\n<p>Bloque 1. La dignidad de la persona:<\/p>\n<ol>\n<li>Autocuidado saludable:\n<ol>\n<li>alimentacio\u0301n<\/li>\n<li>ejercicio fi\u0301sico<\/li>\n<li>descanso<\/li>\n<li>ocio saludable<\/li>\n<\/ol>\n<\/li>\n<li>Habilidades para la vida cotidiana\n<ol>\n<li>cocinar<\/li>\n<li>ordenar<\/li>\n<li>comprar<\/li>\n<\/ol>\n<\/li>\n<li>Construcci\u00f3n de la propia identidad y autoestima.<\/li>\n<\/ol>\n<p>_________<\/p>\n<p>Objetivos:<\/p>\n<p>&#8211; Reconocer el valor del cuidado integral de la persona a trav\u00e9s de una alimentaci\u00f3n adecuada, el descanso necesario, el ejercicio f\u00edsico, etc.<br \/> &#8211; Juzgar las capacidades para la vida cotidiana (cocinar, planchar, etc.) de manera positiva en su proyecto de construcci\u00f3n personal.<br \/> &#8211; Estimar las relaciones positivas con otras personas como fuente de enriqueci miento personal.<br \/> &#8211; Analizar el concepto de consentimiento, estableciendo la necesidad del control del deseo sexual en sus relaciones positivas con otras personas.<br \/> &#8211; Comprender y apreciar la capacidad del ser humano para influir de manera consciente y voluntaria en la construccio\u0301n de su propia identidad, conforme a los valores e\u0301ticos y asi\u0301 mejorar su autoestima.<br \/> &#8211; La construcci\u00f3n de la propia identidad en situaciones cercanas.<br \/> &#8211; Diferenciar los valores \u00e9ticos de amabilidad, respeto, solidaridad, honestidad, libertad, etc., buscando su significado en internet u otras fuentes y elaborando con la informaci\u00f3n obtenida, por ejemplo, un breve ensayo, un informe, exposiciones escritas, etc.<br \/> &#8211; Planificar un proyecto de vida tomando los valores \u00e9ticos como elementos constituyentes.<br \/> &#8211; Defender la importancia de que la persona se aprecie a s\u00ed misma a partir del conocimiento de sus propios valores y del esfuerzo por actuar de acuerdo a ellos, mediante la participaci\u00f3n en debates en el aula en torno al tema o a trav\u00e9s de exposiciones orales o escritas.<\/p>\n<p>Est\u00e1ndares:<br \/> &#8211; Se\u00f1alar las dificultades para definir el concepto de persona analizando su significado etimolo\u0301gico y algunas definiciones aportadas por filo\u0301sofos y filo\u0301sofas.<br \/> &#8211; Describir las caracter\u00edsticas principales de la persona: sustancia independiente, racional y libre.<br \/> &#8211; Explicar y valorar la dignidad de la persona que, como ente auto\u0301nomo, se convierte en un \u201cser moral\u201d.<br \/> &#8211; Conoce informaci\u00f3n de fuentes diversas, acerca de los grupos de adolescentes, sus caracteri\u0301sticas y la in- fluencia que ejercen sobre sus miembros en la deter- minacio\u0301n de su conducta, realizando un resumen con la informacio\u0301n obtenida<br \/> &#8211; Elabora conclusiones acerca de la importancia que tiene para el adolescente y la adolescente desarrollar la autonom\u00eda personal y tener el control de su propia con- ducta conforme a los valores \u00e9ticos libremente elegidos.<br \/> &#8211; Comprender en qu\u00e9 consisten las habilidades emocionales que, seg\u00fan Goleman, debe desarrollar el ser humano y elaborar, en colaboraci\u00f3n grupal, un esquema explicativo acerca del tema<br \/> &#8211; Relacionar el desarrollo de las habilidades emocionales con la adquisici\u00f3n de las virtudes \u00e9ticas, tales como: la perseverancia, la prudencia, la autonom\u00eda personal, la templanza, la fortaleza de la voluntad, la honestidad consigo mismo o consigo misma, el respeto a la justicia y la fidelidad a sus propios principios \u00e9ticos, entre otros.<br \/> &#8211; Utilizar la introspecci\u00f3n como medio para reconocer sus propias emociones, sentimientos y estados de \u00e1nimo, con el fin de tener un mayor autocontrol de ellos y ser capaz de automotivarse, convirti\u00e9ndose en el due\u00f1o o due\u00f1a de su propia conducta.<\/p>\n<p>[\/et_pb_accordion_item][et_pb_accordion_item title=\u00bbCURSO 2019-20. TRABAJO DESDE CASA.\u00bb _builder_version=\u00bb4.6.5&#8243; _module_preset=\u00bbdefault\u00bb open=\u00bboff\u00bb]<\/p>\n<p><strong>1.- ENTREGA DE LOS TRABAJOS DE LA 2\u00aa EVALUACI\u00d3N<\/strong><\/p>\n<p>Como ya sab\u00e9is, este <span>viernes 13 de marzo<\/span> era la fecha acordada para entregar en el aula el trabajo \u201cLa decisi\u00f3n de Anne\u201d.<\/p>\n<p>Ahora, <span><strong>deb\u00e9is entregar el trabajo antes del martes d\u00eda 31 de marzo a las 14:00 horas<\/strong><\/span>, que es el plazo m\u00e1ximo para emitir las calificaciones. De lo contrario, tendr\u00e9is suspensa la segunda evaluaci\u00f3n.<\/p>\n<p>Para facilitaros la tarea, <span><strong>en el siguiente enlace os comparto un documento con las indicaciones para hacer el trabajo<\/strong><\/span>. A ver si pod\u00e9is contestar sobre el mismo y envi\u00e1rmelo.<\/p>\n<p><a href=\"https:\/\/puenteromano.net\/wp-content\/uploads\/2020\/03\/TRABAJO-La-decisi\u00f3n-de-Anne.docx\">Trabajo sobre \u201cLa decisi\u00f3n de Anne\u201d<\/a><\/p>\n<p>Deb\u00e9is entregarme los trabajos de manera virtual, a trav\u00e9s del correo electr\u00f3nico, a la siguiente direcci\u00f3n:<\/p>\n<p><a href=\"mailto:myriamgr@educastur.org\">myriamgr@educastur.org<\/a><\/p>\n<p><strong>2.- TERCERA EVALUACI\u00d3N: NUEVO TEMA<\/strong><\/p>\n<p>El pr\u00f3ximo viernes 20 no hay clase, por ser festivo, as\u00ed que ser\u00e1 el viernes 27 cuando iniciemos oficialmente la tercera evaluaci\u00f3n y con ella el siguiente tema, titulado <span>TEMA 4 \u00bfC\u00f3mo ser un erizo y no morir en el intento?<\/span><\/p>\n<p>Os ir\u00e9 subiendo a este espacio el material correspondiente para cada d\u00eda de clase.<\/p>\n<p><strong>3.- TEMA 4\u00a0\u00bfC\u00f3mo ser un erizo y no morir en el intento?<\/strong><\/p>\n<p>-Se trata de un tema propio de la <span>filosof\u00eda pol\u00edtica<\/span>. Por tanto, en primer lugar veremos \u00bfqu\u00e9 es la pol\u00edtica? \u00bfcu\u00e1les son los principales problemas que trata? y \u00bfqui\u00e9nes son los autores m\u00e1s representativos de esta disciplina?<\/p>\n<p>-En segundo lugar, nos centraremos en algunos de los <span>problemas cl\u00e1sicos de la filosof\u00eda pol\u00edtica<\/span>: \u00bfson los seres humanos sociales por naturaleza? \u00bfcu\u00e1l es el origen de la sociedad? \u00bfexisten formas de gobierno mejores que otras? \u00bfqu\u00e9 ocurre cuando un gobierno es injusto?, etc\u00e9tera.<\/p>\n<p><strong>3.- CRONOGRAMA<\/strong><\/p>\n<p>&#8211;<strong>Semana del 23 al 29 de marzo:<\/strong> introducci\u00f3n a la filosof\u00eda pol\u00edtica<\/p>\n<p><a href=\"https:\/\/puenteromano.net\/wp-content\/uploads\/2020\/03\/Tema-4_Introducci\u00f3n.pdf\">Apuntes: introducci\u00f3n a la filosof\u00eda pol\u00edtica<\/a><\/p>\n<p><a href=\"https:\/\/puenteromano.net\/wp-content\/uploads\/2020\/03\/Actividad-3\u00ba-ESO.pdf\">Actividad: dilema del erizo, de Arthur Schopenhauer<\/a><\/p>\n<p><strong>-Semanas de trabajo hasta el 8 de mayo:<\/strong> Hobbes y Rousseau<\/p>\n<p><a href=\"https:\/\/puenteromano.net\/wp-content\/uploads\/2020\/04\/Apuntes-3\u00ba-ESO_Hobbes-y-Rousseau.pdf\">Apuntes: Hobbes y Rousseau<\/a><\/p>\n<p>Leer los apuntes y escribir las actividades en el cuaderno.<\/p>\n<p><a href=\"https:\/\/puenteromano.net\/wp-content\/uploads\/2020\/04\/Actividad-3\u00ba-ESO_Hobbes-y-Rousseau.pdf\">Actividad: utop\u00eda y el se\u00f1or de las moscas<\/a><\/p>\n<p><strong>IMPORTANTE:<\/strong> Como el visionado de la pel\u00edcula ocupa dos clases, la semana santa no es lectiva, ni el 1 de mayo, no tendremos m\u00e1s tarea hasta el 8 de mayo.<\/p>\n<p><strong>4.- EVALUACI\u00d3N<\/strong><strong><\/strong><\/p>\n<p><span><strong>-Trabajo Tercera Evaluaci\u00f3n:<\/strong>\u00a0Ya ten\u00e9is disponible las indicaciones para realizar el trabajo de la\u00a0<strong>tercera evaluaci\u00f3n.<\/strong>\u00a0Como en anteriores ocasiones, el trabajo est\u00e1 relacionado con el visionado de una pel\u00edcula\u00a0y con los apuntes de clase. En este caso, sobre la pel\u00edcula\u00a0\u201cEl se\u00f1or de las moscas\u201d y el Tema 4.\u00a0<\/span><\/p>\n<p><a href=\"https:\/\/puenteromano.net\/wp-content\/uploads\/2020\/05\/TRABAJO-TERCERA-EVALUACI\u00d3N_3\u00ba-ESO.pdf\">Trabajo Tercera Evaluaci\u00f3n<\/a><\/p>\n<p><strong>-Presentaci\u00f3n:<\/strong><span>\u00a0<\/span>preferiblemente escrito a ordenador, con letra Times New Roman, tama\u00f1o 12,\u00a0 e interlineado 1,5. Debe tener una portada con nombre, apellidos y grupo de clase. La extensi\u00f3n m\u00ednima es de tres p\u00e1ginas (tres caras si se escribe a mano).<\/p>\n<p><span><strong>-Fecha de entrega:<\/strong>\u00a0el viernes 5 de junio de 2020.\u00a0<\/span><\/p>\n<p><span>Deb\u00e9is entregarme los trabajos de manera virtual a trav\u00e9s del\u00a0<strong>correo electr\u00f3nico<\/strong>\u00a0a la siguiente direcci\u00f3n:<\/span><span><\/span><\/p>\n<p><a href=\"mailto:myriamgr@educastur.org\">myriamgr@educastur.org<\/a><\/p>\n<h3><strong><\/strong><\/h3>\n<h3><strong>\u00c1nimo y suerte con la tarea!!<\/strong><\/h3>\n<p>[\/et_pb_accordion_item][et_pb_accordion_item title=\u00bbTERCERA EVALUACI\u00d3N\u00bb _builder_version=\u00bb4.6.5&#8243; open=\u00bboff\u00bb]<b>Bloque 5. Los valores \u00e9ticos, el Derecho, la DUDH y otros tratados internacionales sobre derechos humanos (6 horas)\u00a0<\/b><\/p>\n<ul>\n<li><a href=\"http:\/\/recursostic.educacion.es\/secundaria\/edad\/4esoetica\/quincena5\/quincena5_contenidos_5.htm\" target=\"_blank\" rel=\"noopener noreferrer\">Las tres generaciones de DDHH.<\/a><\/li>\n<li>Las deudas pendientes de los DDHH: los derechos de la infancia, el derecho a la educaci\u00f3n, los derechos de las mujeres, el derecho a la alimentaci\u00f3n, el derecho a la libertad sexual, el derecho a la vida en paz, etc.<\/li>\n<\/ul>\n<p><b>Bloque 6: Los valores \u00e9ticos y su relaci\u00f3n con la ciencia y la tecnolog\u00eda (5 horas)\u00a0<\/b><\/p>\n<p>CONTENIDOS<\/p>\n<ul>\n<li>La ciencia y la t\u00e9cnica al servicio de la humanidad<\/li>\n<\/ul>\n<p>[\/et_pb_accordion_item][\/et_pb_accordion][\/et_pb_column][\/et_pb_row][\/et_pb_section][et_pb_section fb_built=\u00bb1&#8243; specialty=\u00bbon\u00bb admin_label=\u00bbsection\u00bb _builder_version=\u00bb4.4.1&#8243;][et_pb_column type=\u00bb3_4&#8243; specialty_columns=\u00bb3&#8243; _builder_version=\u00bb3.25&#8243; custom_padding=\u00bb|||\u00bb custom_padding__hover=\u00bb|||\u00bb][et_pb_row_inner column_structure=\u00bb1_2,1_2&#8243; _builder_version=\u00bb3.25&#8243;][et_pb_column_inner type=\u00bb1_2&#8243; saved_specialty_column_type=\u00bb3_4&#8243; _builder_version=\u00bb3.25&#8243; custom_padding=\u00bb|||\u00bb custom_padding__hover=\u00bb|||\u00bb][et_pb_text admin_label=\u00bbText\u00bb _builder_version=\u00bb3.27.4&#8243; background_size=\u00bbinitial\u00bb background_position=\u00bbtop_left\u00bb background_repeat=\u00bbrepeat\u00bb module_alignment=\u00bbleft\u00bb use_border_color=\u00bboff\u00bb border_color=\u00bb#ffffff\u00bb border_style=\u00bbsolid\u00bb]<\/p>\n<h3>Textos<\/h3>\n<p>[\/et_pb_text][\/et_pb_column_inner][et_pb_column_inner type=\u00bb1_2&#8243; saved_specialty_column_type=\u00bb3_4&#8243; _builder_version=\u00bb3.25&#8243; custom_padding=\u00bb|||\u00bb custom_padding__hover=\u00bb|||\u00bb][et_pb_text admin_label=\u00bbText\u00bb _builder_version=\u00bb3.27.4&#8243; background_size=\u00bbinitial\u00bb background_position=\u00bbtop_left\u00bb background_repeat=\u00bbrepeat\u00bb module_alignment=\u00bbleft\u00bb use_border_color=\u00bboff\u00bb border_color=\u00bb#ffffff\u00bb border_style=\u00bbsolid\u00bb]<\/p>\n<h3>Pruebas<\/h3>\n<p>[\/et_pb_text][\/et_pb_column_inner][\/et_pb_row_inner][et_pb_row_inner column_structure=\u00bb1_3,1_3,1_3&#8243; _builder_version=\u00bb3.25&#8243;][et_pb_column_inner type=\u00bb1_3&#8243; saved_specialty_column_type=\u00bb3_4&#8243; _builder_version=\u00bb3.25&#8243; custom_padding=\u00bb|||\u00bb custom_padding__hover=\u00bb|||\u00bb][et_pb_text admin_label=\u00bbText\u00bb _builder_version=\u00bb3.27.4&#8243; background_size=\u00bbinitial\u00bb background_position=\u00bbtop_left\u00bb background_repeat=\u00bbrepeat\u00bb module_alignment=\u00bbleft\u00bb use_border_color=\u00bboff\u00bb border_color=\u00bb#ffffff\u00bb border_style=\u00bbsolid\u00bb]<\/p>\n<h4><a href=\"https:\/\/puenteromano.net\/wp-content\/uploads\/2016\/09\/CurriculoValoresEticosAsturias.pdf\" target=\"_blank\" rel=\"noopener noreferrer\">Programaci\u00f3n<\/a><\/h4>\n<p>[\/et_pb_text][\/et_pb_column_inner][et_pb_column_inner type=\u00bb1_3&#8243; saved_specialty_column_type=\u00bb3_4&#8243; _builder_version=\u00bb3.25&#8243; custom_padding=\u00bb|||\u00bb custom_padding__hover=\u00bb|||\u00bb][et_pb_text admin_label=\u00bbText\u00bb _builder_version=\u00bb3.27.4&#8243; background_size=\u00bbinitial\u00bb background_position=\u00bbtop_left\u00bb background_repeat=\u00bbrepeat\u00bb module_alignment=\u00bbleft\u00bb use_border_color=\u00bboff\u00bb border_color=\u00bb#ffffff\u00bb border_style=\u00bbsolid\u00bb]<\/p>\n<h4>Criterios<\/h4>\n<p>[\/et_pb_text][\/et_pb_column_inner][et_pb_column_inner type=\u00bb1_3&#8243; saved_specialty_column_type=\u00bb3_4&#8243; _builder_version=\u00bb3.25&#8243; custom_padding=\u00bb|||\u00bb custom_padding__hover=\u00bb|||\u00bb][et_pb_text admin_label=\u00bbText\u00bb _builder_version=\u00bb3.27.4&#8243; background_size=\u00bbinitial\u00bb background_position=\u00bbtop_left\u00bb background_repeat=\u00bbrepeat\u00bb module_alignment=\u00bbleft\u00bb use_border_color=\u00bboff\u00bb border_color=\u00bb#ffffff\u00bb border_style=\u00bbsolid\u00bb]<\/p>\n<h4>Avisos<\/h4>\n<p>[\/et_pb_text][\/et_pb_column_inner][\/et_pb_row_inner][\/et_pb_column][et_pb_column type=\u00bb1_4&#8243; _builder_version=\u00bb3.25&#8243; custom_padding=\u00bb|||\u00bb custom_padding__hover=\u00bb|||\u00bb][et_pb_blurb title=\u00bbRecursos\u00bb image_max_width=\u00bbnone\u00bb _builder_version=\u00bb3.0.87&#8243; background_size=\u00bbinitial\u00bb background_position=\u00bbtop_left\u00bb background_repeat=\u00bbrepeat\u00bb use_border_color=\u00bboff\u00bb border_color=\u00bb#ffffff\u00bb border_style=\u00bbsolid\u00bb][\/et_pb_blurb][et_pb_button button_url=\u00bbhttps:\/\/puenteromano.net\/wp-content\/uploads\/2016\/09\/CurriculoValoresEticosAsturias.pdf\u00bb url_new_window=\u00bbon\u00bb button_text=\u00bbValores E. (Asturias)\u00bb button_alignment=\u00bbleft\u00bb _builder_version=\u00bb3.16&#8243; custom_button=\u00bbon\u00bb button_text_size=\u00bb14&#8243; button_letter_spacing_hover=\u00bb0&#8243; button_text_size__hover_enabled=\u00bboff\u00bb button_one_text_size__hover_enabled=\u00bboff\u00bb button_two_text_size__hover_enabled=\u00bboff\u00bb button_text_color__hover_enabled=\u00bboff\u00bb button_one_text_color__hover_enabled=\u00bboff\u00bb button_two_text_color__hover_enabled=\u00bboff\u00bb button_border_width__hover_enabled=\u00bboff\u00bb button_one_border_width__hover_enabled=\u00bboff\u00bb button_two_border_width__hover_enabled=\u00bboff\u00bb button_border_color__hover_enabled=\u00bboff\u00bb button_one_border_color__hover_enabled=\u00bboff\u00bb button_two_border_color__hover_enabled=\u00bboff\u00bb button_border_radius__hover_enabled=\u00bboff\u00bb button_one_border_radius__hover_enabled=\u00bboff\u00bb button_two_border_radius__hover_enabled=\u00bboff\u00bb button_letter_spacing__hover_enabled=\u00bbon\u00bb button_letter_spacing__hover=\u00bb0&#8243; button_one_letter_spacing__hover_enabled=\u00bboff\u00bb button_two_letter_spacing__hover_enabled=\u00bboff\u00bb button_bg_color__hover_enabled=\u00bboff\u00bb button_one_bg_color__hover_enabled=\u00bboff\u00bb button_two_bg_color__hover_enabled=\u00bboff\u00bb][\/et_pb_button][et_pb_button button_url=\u00bbhttps:\/\/puenteromano.net\/index.php\/cuaderno-de-valores-3b\/\u00bb url_new_window=\u00bbon\u00bb button_text=\u00bbCuaderno de 3\u00ba de ESO\u00bb button_alignment=\u00bbleft\u00bb _builder_version=\u00bb3.29.2&#8243; custom_button=\u00bbon\u00bb button_text_size=\u00bb14&#8243; button_letter_spacing_hover=\u00bb0&#8243; button_text_size__hover_enabled=\u00bboff\u00bb button_one_text_size__hover_enabled=\u00bboff\u00bb button_two_text_size__hover_enabled=\u00bboff\u00bb button_text_color__hover_enabled=\u00bboff\u00bb button_one_text_color__hover_enabled=\u00bboff\u00bb button_two_text_color__hover_enabled=\u00bboff\u00bb button_border_width__hover_enabled=\u00bboff\u00bb button_one_border_width__hover_enabled=\u00bboff\u00bb button_two_border_width__hover_enabled=\u00bboff\u00bb button_border_color__hover_enabled=\u00bboff\u00bb button_one_border_color__hover_enabled=\u00bboff\u00bb button_two_border_color__hover_enabled=\u00bboff\u00bb button_border_radius__hover_enabled=\u00bboff\u00bb button_one_border_radius__hover_enabled=\u00bboff\u00bb button_two_border_radius__hover_enabled=\u00bboff\u00bb button_letter_spacing__hover_enabled=\u00bbon\u00bb button_letter_spacing__hover=\u00bb0&#8243; button_one_letter_spacing__hover_enabled=\u00bboff\u00bb button_two_letter_spacing__hover_enabled=\u00bboff\u00bb button_bg_color__hover_enabled=\u00bboff\u00bb button_one_bg_color__hover_enabled=\u00bboff\u00bb button_two_bg_color__hover_enabled=\u00bboff\u00bb][\/et_pb_button][\/et_pb_column][\/et_pb_section]<\/p>\n","protected":false},"excerpt":{"rendered":"<p>CURSO 2019-2020, TRABAJO GUIADOBloque 1. La dignidad de la persona: Autocuidado saludable: alimentacio\u0301n ejercicio fi\u0301sico descanso ocio saludable Habilidades para la vida cotidiana cocinar ordenar comprar Construcci\u00f3n de la propia identidad y autoestima. _________ Objetivos: &#8211; Reconocer el valor del cuidado integral de la persona a trav\u00e9s de una alimentaci\u00f3n adecuada, el descanso necesario, el [&hellip;]<\/p>\n","protected":false},"author":1,"featured_media":0,"parent":0,"menu_order":0,"comment_status":"closed","ping_status":"closed","template":"","meta":{"_et_pb_use_builder":"on","_et_pb_old_content":"","_et_gb_content_width":"","footnotes":""},"class_list":["post-3123","page","type-page","status-publish","hentry"],"_links":{"self":[{"href":"https:\/\/puenteromano.net\/index.php\/wp-json\/wp\/v2\/pages\/3123","targetHints":{"allow":["GET"]}}],"collection":[{"href":"https:\/\/puenteromano.net\/index.php\/wp-json\/wp\/v2\/pages"}],"about":[{"href":"https:\/\/puenteromano.net\/index.php\/wp-json\/wp\/v2\/types\/page"}],"author":[{"embeddable":true,"href":"https:\/\/puenteromano.net\/index.php\/wp-json\/wp\/v2\/users\/1"}],"replies":[{"embeddable":true,"href":"https:\/\/puenteromano.net\/index.php\/wp-json\/wp\/v2\/comments?post=3123"}],"version-history":[{"count":20,"href":"https:\/\/puenteromano.net\/index.php\/wp-json\/wp\/v2\/pages\/3123\/revisions"}],"predecessor-version":[{"id":3692,"href":"https:\/\/puenteromano.net\/index.php\/wp-json\/wp\/v2\/pages\/3123\/revisions\/3692"}],"wp:attachment":[{"href":"https:\/\/puenteromano.net\/index.php\/wp-json\/wp\/v2\/media?parent=3123"}],"curies":[{"name":"wp","href":"https:\/\/api.w.org\/{rel}","templated":true}]}}