{"id":3656,"date":"2020-10-02T06:59:26","date_gmt":"2020-10-02T06:59:26","guid":{"rendered":"https:\/\/puenteromano.net\/?page_id=3656"},"modified":"2020-10-02T06:59:26","modified_gmt":"2020-10-02T06:59:26","slug":"valores-4o-de-eso-2019-2020","status":"publish","type":"page","link":"https:\/\/puenteromano.net\/index.php\/valores-4o-de-eso-2019-2020\/","title":{"rendered":"Valores 4\u00ba de ESO, 2019-2020"},"content":{"rendered":"<p>[et_pb_section fb_built=\u00bb1&#8243; inner_shadow=\u00bbon\u00bb fullwidth=\u00bbon\u00bb custom_padding_last_edited=\u00bbon|desktop\u00bb admin_label=\u00bbsection\u00bb _builder_version=\u00bb3.22&#8243; background_color=\u00bb#6ba5c6&#8243; custom_padding_tablet=\u00bb50px|0|50px|0&#8243; custom_padding_phone=\u00bb\u00bb padding_mobile=\u00bboff\u00bb][et_pb_fullwidth_header title=\u00bbValores \u00e9ticos, Curso 2019-2020&#8243; subhead=\u00bb4\u00ba de ESO\u00bb admin_label=\u00bbFullwidth Header\u00bb _builder_version=\u00bb4.6.5&#8243; background_color=\u00bbrgba(255, 255, 255, 0)\u00bb hover_enabled=\u00bb0&#8243; button_one_text_size__hover_enabled=\u00bboff\u00bb button_one_text_size__hover=\u00bbnull\u00bb button_two_text_size__hover_enabled=\u00bboff\u00bb button_two_text_size__hover=\u00bbnull\u00bb button_one_text_color__hover_enabled=\u00bboff\u00bb button_one_text_color__hover=\u00bbnull\u00bb button_two_text_color__hover_enabled=\u00bboff\u00bb button_two_text_color__hover=\u00bbnull\u00bb button_one_border_width__hover_enabled=\u00bboff\u00bb button_one_border_width__hover=\u00bbnull\u00bb button_two_border_width__hover_enabled=\u00bboff\u00bb button_two_border_width__hover=\u00bbnull\u00bb button_one_border_color__hover_enabled=\u00bboff\u00bb button_one_border_color__hover=\u00bbnull\u00bb button_two_border_color__hover_enabled=\u00bboff\u00bb button_two_border_color__hover=\u00bbnull\u00bb button_one_border_radius__hover_enabled=\u00bboff\u00bb button_one_border_radius__hover=\u00bbnull\u00bb button_two_border_radius__hover_enabled=\u00bboff\u00bb button_two_border_radius__hover=\u00bbnull\u00bb button_one_letter_spacing__hover_enabled=\u00bboff\u00bb button_one_letter_spacing__hover=\u00bbnull\u00bb button_two_letter_spacing__hover_enabled=\u00bboff\u00bb button_two_letter_spacing__hover=\u00bbnull\u00bb button_one_bg_color__hover_enabled=\u00bboff\u00bb button_one_bg_color__hover=\u00bbnull\u00bb button_two_bg_color__hover_enabled=\u00bboff\u00bb button_two_bg_color__hover=\u00bbnull\u00bb sticky_enabled=\u00bb0&#8243;][\/et_pb_fullwidth_header][\/et_pb_section][et_pb_section fb_built=\u00bb1&#8243; specialty=\u00bbon\u00bb admin_label=\u00bbsection\u00bb _builder_version=\u00bb3.22&#8243;][et_pb_column type=\u00bb3_4&#8243; specialty_columns=\u00bb3&#8243; _builder_version=\u00bb3.25&#8243; custom_padding=\u00bb|||\u00bb parallax__hover=\u00bboff\u00bb parallax_method__hover=\u00bbon\u00bb custom_padding__hover=\u00bb|||\u00bb][et_pb_row_inner _builder_version=\u00bb3.25&#8243;][et_pb_column_inner saved_specialty_column_type=\u00bb3_4&#8243; _builder_version=\u00bb3.25&#8243; custom_padding=\u00bb|||\u00bb parallax__hover=\u00bboff\u00bb parallax_method__hover=\u00bbon\u00bb custom_padding__hover=\u00bb|||\u00bb][et_pb_text admin_label=\u00bbText\u00bb _builder_version=\u00bb3.27.4&#8243; background_size=\u00bbinitial\u00bb background_position=\u00bbtop_left\u00bb background_repeat=\u00bbrepeat\u00bb saved_tabs=\u00bball\u00bb]<\/p>\n<h2>INSTRUCCIONES PARA EL TRABAJO DESDE CASA<\/h2>\n<p>&nbsp;<\/p>\n<p>[\/et_pb_text][et_pb_text _builder_version=\u00bb4.4.5&#8243; custom_padding=\u00bb||0px|||\u00bb]<\/p>\n<p>Ya ten\u00e9is disponible en la plataforma de la asignatura las indicaciones a seguir durante los pr\u00f3ximos d\u00edas:<\/p>\n<p><strong>1.- ENTREGA DE LOS TRABAJOS DE LA 2\u00aa EVALUACI\u00d3N<\/strong><\/p>\n<p>Como ya sab\u00e9is, este <span style=\"text-decoration: underline;\">viernes 13 de marzo<\/span> era la fecha acordada para entregar en el aula el trabajo \u00abLa decisi\u00f3n de Anne\u00bb.<\/p>\n<p>Ahora, <span style=\"text-decoration: underline;\"><strong>deb\u00e9is entregar el trabajo antes del martes d\u00eda 31 de marzo a las 14:00 horas<\/strong><\/span>, que es el plazo m\u00e1ximo para emitir las calificaciones. De lo contrario, tendr\u00e9is suspensa la segunda evaluaci\u00f3n.<\/p>\n<p>Para facilitaros la tarea, <span style=\"text-decoration: underline;\"><strong>en el siguiente enlace os comparto un documento con las indicaciones para hacer el trabajo<\/strong><\/span>. A ver si pod\u00e9is contestar sobre el mismo y envi\u00e1rmelo.<\/p>\n<p><a href=\"https:\/\/puenteromano.net\/wp-content\/uploads\/2020\/03\/TRABAJO-La-decisi\u00f3n-de-Anne.docx\">Trabajo sobre \u201cLa decisi\u00f3n de Anne\u201d<\/a><\/p>\n<p>Deb\u00e9is entregarme los trabajos de manera virtual, a trav\u00e9s del correo electr\u00f3nico, a la siguiente direcci\u00f3n:<\/p>\n<p><a href=\"mailto:myriamgr@educastur.org\">myriamgr@educastur.org<\/a><\/p>\n<p><strong>2.- TERCERA EVALUACI\u00d3N: NUEVO TEMA<\/strong><\/p>\n<p>El pr\u00f3ximo viernes 20 no hay clase, por ser festivo, as\u00ed que ser\u00e1 el viernes 27 cuando iniciemos oficialmente la tercera evaluaci\u00f3n y con ella el \u00faltimo tema, titulado <span style=\"text-decoration: underline;\">TEMA 3 \u00bfCu\u00e1ndo es justa una sociedad?<\/span><\/p>\n<p>Os ir\u00e9 subiendo a este espacio el material correspondiente para cada d\u00eda de clase.<\/p>\n<p><strong>3.- TEMA 3 \u00bfCu\u00e1ndo es justa una sociedad?<\/strong><\/p>\n<p>-Se trata de un tema propio de la<span style=\"text-decoration: underline;\"> filosof\u00eda pol\u00edtica<\/span>. Por tanto, en primer lugar veremos \u00bfqu\u00e9 es la pol\u00edtica? \u00bfcu\u00e1les son los principales problemas que trata? y \u00bfqui\u00e9nes son los autores m\u00e1s representativos de esta disciplina?<\/p>\n<p>-En segundo lugar, nos centraremos en la relaci\u00f3n que existe entre los conceptos\u00a0 de <span style=\"text-decoration: underline;\">\u201cjusticia\u00bb y \u00abderecho\u00bb.<\/span><\/p>\n<p>-En tercer lugar, abordaremos una problem\u00e1tica de nuestro tiempo: <span style=\"text-decoration: underline;\">\u00bfqu\u00e9 ocurre cuando las leyes son injustas? \u00bflo legal es siempre leg\u00edtimo?<\/span><\/p>\n<p><strong>3.- CRONOGRAMA<\/strong><\/p>\n<p><strong>\u00a0\u2013Semana del 23 al 29 de marzo<\/strong>: introducci\u00f3n a la filosof\u00eda pol\u00edtica<\/p>\n<p><a href=\"https:\/\/puenteromano.net\/wp-content\/uploads\/2020\/03\/Apuntes-4\u00ba-ESO.pdf\">Apuntes: introducci\u00f3n a la filosof\u00eda pol\u00edtica<\/a><\/p>\n<p><a href=\"https:\/\/puenteromano.net\/wp-content\/uploads\/2020\/03\/Actividad-4\u00ba-ESO.pdf\">Actividad: el dilema del erizo, de Arthur Schopenhauer\u00a0<\/a><\/p>\n<p><strong>-Semanas de trabajo hasta el 8 de mayo:<\/strong> Justicia y derecho<\/p>\n<p><a href=\"https:\/\/puenteromano.net\/wp-content\/uploads\/2020\/04\/Apuntes-4\u00ba-ESO_Justicia-y-derecho.pdf\">Apuntes: Justicia y derecho<\/a><\/p>\n<p><a href=\"https:\/\/www.un.org\/es\/universal-declaration-human-rights\/\">Declaraci\u00f3n Universal de los Derechos Humanos\u00a0\u00a0<\/a><\/p>\n<p>Leer los apuntes y ver los v\u00eddeos. No ten\u00e9is que escribir nada en el cuaderno de clase<\/p>\n<p><iframe loading=\"lazy\" title=\"\u00bf Qu\u00e9 son los Derechos Humanos ?. Organizaci\u00f3n Unidos por los Derechos\u00a0Humanos\" width=\"1080\" height=\"608\" src=\"https:\/\/www.youtube.com\/embed\/PPeRECua5CQ?feature=oembed\" frameborder=\"0\" allow=\"accelerometer; autoplay; clipboard-write; encrypted-media; gyroscope; picture-in-picture\" allowfullscreen><\/iframe><\/p>\n<p><iframe loading=\"lazy\" title=\"Los 30 Derechos Humanos - Youth for Human Rights - Subtitulados\" width=\"1080\" height=\"810\" src=\"https:\/\/www.youtube.com\/embed\/_QeYY-lbiUQ?feature=oembed\" frameborder=\"0\" allow=\"accelerometer; autoplay; clipboard-write; encrypted-media; gyroscope; picture-in-picture\" allowfullscreen><\/iframe><\/p>\n<p><strong>IMPORTANTE:<\/strong> Como el visionado de los v\u00eddeos ocupa dos clases, la semana santa no es lectiva, ni tampoco el 1 de mayo, no tendremos m\u00e1s tarea hasta el 8 de mayo.<\/p>\n<p><strong>4.- EVALUACI\u00d3N<\/strong><strong><\/strong><\/p>\n<p><span><strong>-Trabajo Tercera Evaluaci\u00f3n:<\/strong>\u00a0Ya ten\u00e9is disponible las indicaciones para realizar el trabajo de la\u00a0<strong>tercera evaluaci\u00f3n.<\/strong>\u00a0Como en anteriores ocasiones, el trabajo est\u00e1 relacionado con el visionado de una pel\u00edcula\u00a0y con los apuntes de clase. En este caso, sobre la pel\u00edcula\u00a0\u201cCriadas y Se\u00f1oras\u201d y el Tema 3.\u00a0<\/span><\/p>\n<p><a href=\"https:\/\/puenteromano.net\/wp-content\/uploads\/2020\/03\/Trabajo-tercera-evaluaci\u00f3n.pdf\">Trabajo Tercera Evaluaci\u00f3n\u00a0<\/a><\/p>\n<p><img loading=\"lazy\" decoding=\"async\" src=\"https:\/\/puenteromano.net\/wp-content\/uploads\/2020\/03\/Criadas_y_se_oras-215375548-large-1-209x300.jpg\" width=\"209\" height=\"300\" alt=\"\" class=\"wp-image-2707 alignnone size-medium\" \/><\/p>\n<p><strong>-Presentaci\u00f3n:<\/strong><span>\u00a0<\/span>preferiblemente escrito a ordenador, con letra Times New Roman, tama\u00f1o 12,\u00a0 e interlineado 1,5. Debe tener una portada con nombre, apellidos y grupo de clase. La extensi\u00f3n m\u00ednima es de tres p\u00e1ginas (tres caras si se escribe a mano).<\/p>\n<p><span><strong>-Fecha de entrega:<\/strong>\u00a0el viernes 5 de junio de 2020.\u00a0<\/span><\/p>\n<p><span>Deb\u00e9is entregarme los trabajos de manera virtual a trav\u00e9s del\u00a0<strong>correo electr\u00f3nico<\/strong>\u00a0a la siguiente direcci\u00f3n:<\/span><span><\/span><\/p>\n<p><a href=\"mailto:myriamgr@educastur.org\">myriamgr@educastur.org<\/a><\/p>\n<h3><strong>\u00c1nimo y suerte con la tarea!!<\/strong><\/h3>\n<p>&nbsp;<\/p>\n<p><a href=\"https:\/\/www.un.org\/es\/universal-declaration-human-rights\/\"><\/a><\/p>\n<p>&nbsp;<\/p>\n<p>&nbsp;<\/p>\n<p>[\/et_pb_text][et_pb_accordion _builder_version=\u00bb3.21.4&#8243;][\/et_pb_accordion][\/et_pb_column_inner][\/et_pb_row_inner][et_pb_row_inner column_structure=\u00bb1_2,1_2&#8243; _builder_version=\u00bb3.25&#8243;][et_pb_column_inner type=\u00bb1_2&#8243; saved_specialty_column_type=\u00bb3_4&#8243; _builder_version=\u00bb3.25&#8243; custom_padding=\u00bb|||\u00bb parallax__hover=\u00bboff\u00bb parallax_method__hover=\u00bbon\u00bb custom_padding__hover=\u00bb|||\u00bb][et_pb_text admin_label=\u00bbText\u00bb _builder_version=\u00bb3.27.4&#8243; background_size=\u00bbinitial\u00bb background_position=\u00bbtop_left\u00bb background_repeat=\u00bbrepeat\u00bb]<\/p>\n<h3>Textos<\/h3>\n<p>[\/et_pb_text][\/et_pb_column_inner][et_pb_column_inner type=\u00bb1_2&#8243; saved_specialty_column_type=\u00bb3_4&#8243; _builder_version=\u00bb3.25&#8243; custom_padding=\u00bb|||\u00bb parallax__hover=\u00bboff\u00bb parallax_method__hover=\u00bbon\u00bb custom_padding__hover=\u00bb|||\u00bb][et_pb_text admin_label=\u00bbText\u00bb _builder_version=\u00bb3.27.4&#8243; background_size=\u00bbinitial\u00bb background_position=\u00bbtop_left\u00bb background_repeat=\u00bbrepeat\u00bb]<\/p>\n<h3>Pruebas<\/h3>\n<p>[\/et_pb_text][\/et_pb_column_inner][\/et_pb_row_inner][et_pb_row_inner column_structure=\u00bb1_3,1_3,1_3&#8243; _builder_version=\u00bb3.25&#8243;][et_pb_column_inner type=\u00bb1_3&#8243; saved_specialty_column_type=\u00bb3_4&#8243; _builder_version=\u00bb3.25&#8243; custom_padding=\u00bb|||\u00bb parallax__hover=\u00bboff\u00bb parallax_method__hover=\u00bbon\u00bb custom_padding__hover=\u00bb|||\u00bb][et_pb_text admin_label=\u00bbText\u00bb _builder_version=\u00bb3.27.4&#8243; background_size=\u00bbinitial\u00bb background_position=\u00bbtop_left\u00bb background_repeat=\u00bbrepeat\u00bb]<\/p>\n<h4><a href=\"https:\/\/puenteromano.net\/wp-content\/uploads\/2016\/09\/CurriculoValoresEticosAsturias.pdf\" target=\"_blank\" rel=\"noopener noreferrer\">Programaci\u00f3n<\/a><\/h4>\n<p>[\/et_pb_text][\/et_pb_column_inner][et_pb_column_inner type=\u00bb1_3&#8243; saved_specialty_column_type=\u00bb3_4&#8243; _builder_version=\u00bb3.25&#8243; custom_padding=\u00bb|||\u00bb parallax__hover=\u00bboff\u00bb parallax_method__hover=\u00bbon\u00bb custom_padding__hover=\u00bb|||\u00bb][et_pb_text admin_label=\u00bbText\u00bb _builder_version=\u00bb3.27.4&#8243; background_size=\u00bbinitial\u00bb background_position=\u00bbtop_left\u00bb background_repeat=\u00bbrepeat\u00bb]<\/p>\n<h4>Criterios<\/h4>\n<p>[\/et_pb_text][\/et_pb_column_inner][et_pb_column_inner type=\u00bb1_3&#8243; saved_specialty_column_type=\u00bb3_4&#8243; _builder_version=\u00bb3.25&#8243; custom_padding=\u00bb|||\u00bb parallax__hover=\u00bboff\u00bb parallax_method__hover=\u00bbon\u00bb custom_padding__hover=\u00bb|||\u00bb][et_pb_text admin_label=\u00bbText\u00bb _builder_version=\u00bb3.27.4&#8243; background_size=\u00bbinitial\u00bb background_position=\u00bbtop_left\u00bb background_repeat=\u00bbrepeat\u00bb]<\/p>\n<h4>Avisos<\/h4>\n<p>[\/et_pb_text][\/et_pb_column_inner][\/et_pb_row_inner][\/et_pb_column][et_pb_column type=\u00bb1_4&#8243; _builder_version=\u00bb3.25&#8243; custom_padding=\u00bb|||\u00bb parallax__hover=\u00bboff\u00bb parallax_method__hover=\u00bbon\u00bb custom_padding__hover=\u00bb|||\u00bb][et_pb_blurb title=\u00bbRecursos\u00bb _builder_version=\u00bb3.0.77&#8243; background_size=\u00bbinitial\u00bb background_position=\u00bbtop_left\u00bb background_repeat=\u00bbrepeat\u00bb]<\/p>\n<p>\n&nbsp;<\/p>\n<p>[\/et_pb_blurb][et_pb_button button_url=\u00bbhttps:\/\/puenteromano.net\/wp-content\/uploads\/2016\/09\/CurriculoValoresEticosAsturias.pdf\u00bb url_new_window=\u00bbon\u00bb button_text=\u00bbValores E. (Asturias)\u00bb button_alignment=\u00bbleft\u00bb _builder_version=\u00bb3.29.3&#8243; custom_button=\u00bbon\u00bb button_text_size=\u00bb14&#8243; button_text_size__hover_enabled=\u00bboff\u00bb button_text_size__hover=\u00bbnull\u00bb button_one_text_size__hover_enabled=\u00bboff\u00bb button_one_text_size__hover=\u00bbnull\u00bb button_two_text_size__hover_enabled=\u00bboff\u00bb button_two_text_size__hover=\u00bbnull\u00bb button_text_color__hover_enabled=\u00bboff\u00bb button_text_color__hover=\u00bbnull\u00bb button_one_text_color__hover_enabled=\u00bboff\u00bb button_one_text_color__hover=\u00bbnull\u00bb button_two_text_color__hover_enabled=\u00bboff\u00bb button_two_text_color__hover=\u00bbnull\u00bb button_border_width__hover_enabled=\u00bboff\u00bb button_border_width__hover=\u00bbnull\u00bb button_one_border_width__hover_enabled=\u00bboff\u00bb button_one_border_width__hover=\u00bbnull\u00bb button_two_border_width__hover_enabled=\u00bboff\u00bb button_two_border_width__hover=\u00bbnull\u00bb button_border_color__hover_enabled=\u00bboff\u00bb button_border_color__hover=\u00bbnull\u00bb button_one_border_color__hover_enabled=\u00bboff\u00bb button_one_border_color__hover=\u00bbnull\u00bb button_two_border_color__hover_enabled=\u00bboff\u00bb button_two_border_color__hover=\u00bbnull\u00bb button_border_radius__hover_enabled=\u00bboff\u00bb button_border_radius__hover=\u00bbnull\u00bb button_one_border_radius__hover_enabled=\u00bboff\u00bb button_one_border_radius__hover=\u00bbnull\u00bb button_two_border_radius__hover_enabled=\u00bboff\u00bb button_two_border_radius__hover=\u00bbnull\u00bb button_letter_spacing__hover_enabled=\u00bboff\u00bb button_letter_spacing__hover=\u00bbnull\u00bb button_one_letter_spacing__hover_enabled=\u00bboff\u00bb button_one_letter_spacing__hover=\u00bbnull\u00bb button_two_letter_spacing__hover_enabled=\u00bboff\u00bb button_two_letter_spacing__hover=\u00bbnull\u00bb button_bg_color__hover_enabled=\u00bboff\u00bb button_bg_color__hover=\u00bbnull\u00bb button_one_bg_color__hover_enabled=\u00bboff\u00bb button_one_bg_color__hover=\u00bbnull\u00bb button_two_bg_color__hover_enabled=\u00bboff\u00bb button_two_bg_color__hover=\u00bbnull\u00bb]<\/p>\n<p>\n&nbsp;<\/p>\n<p>[\/et_pb_button][et_pb_button button_url=\u00bbhttps:\/\/puenteromano.net\/index.php\/2019\/10\/02\/x-olimpiada-filosofica\/\u00bb url_new_window=\u00bbon\u00bb button_text=\u00bbOLIMPIADAS FILOS\u00d3FICAS\u00bb button_alignment=\u00bbleft\u00bb _builder_version=\u00bb3.29.3&#8243; custom_button=\u00bbon\u00bb button_text_size=\u00bb14&#8243; button_text_size__hover_enabled=\u00bboff\u00bb button_text_size__hover=\u00bbnull\u00bb button_one_text_size__hover_enabled=\u00bboff\u00bb button_one_text_size__hover=\u00bbnull\u00bb button_two_text_size__hover_enabled=\u00bboff\u00bb button_two_text_size__hover=\u00bbnull\u00bb button_text_color__hover_enabled=\u00bboff\u00bb button_text_color__hover=\u00bbnull\u00bb button_one_text_color__hover_enabled=\u00bboff\u00bb button_one_text_color__hover=\u00bbnull\u00bb button_two_text_color__hover_enabled=\u00bboff\u00bb button_two_text_color__hover=\u00bbnull\u00bb button_border_width__hover_enabled=\u00bboff\u00bb button_border_width__hover=\u00bbnull\u00bb button_one_border_width__hover_enabled=\u00bboff\u00bb button_one_border_width__hover=\u00bbnull\u00bb button_two_border_width__hover_enabled=\u00bboff\u00bb button_two_border_width__hover=\u00bbnull\u00bb button_border_color__hover_enabled=\u00bboff\u00bb button_border_color__hover=\u00bbnull\u00bb button_one_border_color__hover_enabled=\u00bboff\u00bb button_one_border_color__hover=\u00bbnull\u00bb button_two_border_color__hover_enabled=\u00bboff\u00bb button_two_border_color__hover=\u00bbnull\u00bb button_border_radius__hover_enabled=\u00bboff\u00bb button_border_radius__hover=\u00bbnull\u00bb button_one_border_radius__hover_enabled=\u00bboff\u00bb button_one_border_radius__hover=\u00bbnull\u00bb button_two_border_radius__hover_enabled=\u00bboff\u00bb button_two_border_radius__hover=\u00bbnull\u00bb button_letter_spacing__hover_enabled=\u00bboff\u00bb button_letter_spacing__hover=\u00bbnull\u00bb button_one_letter_spacing__hover_enabled=\u00bboff\u00bb button_one_letter_spacing__hover=\u00bbnull\u00bb button_two_letter_spacing__hover_enabled=\u00bboff\u00bb button_two_letter_spacing__hover=\u00bbnull\u00bb button_bg_color__hover_enabled=\u00bboff\u00bb button_bg_color__hover=\u00bbnull\u00bb button_one_bg_color__hover_enabled=\u00bboff\u00bb button_one_bg_color__hover=\u00bbnull\u00bb button_two_bg_color__hover_enabled=\u00bboff\u00bb button_two_bg_color__hover=\u00bbnull\u00bb]<\/p>\n<p>\n&nbsp;<\/p>\n<p>[\/et_pb_button][et_pb_blurb title=\u00bbCuadernos\u00bb _builder_version=\u00bb3.0.87&#8243; background_size=\u00bbinitial\u00bb background_position=\u00bbtop_left\u00bb background_repeat=\u00bbrepeat\u00bb border_style=\u00bbsolid\u00bb][\/et_pb_blurb][et_pb_button button_url=\u00bbhttp:\/\/montevindio.com\/index.php\/valores-4a1&#8243; url_new_window=\u00bbon\u00bb button_text=\u00bb4\u00baA1&#8243; button_alignment=\u00bbleft\u00bb _builder_version=\u00bb3.16&#8243; custom_button=\u00bbon\u00bb button_text_size=\u00bb14&#8243; button_letter_spacing_hover=\u00bb0&#8243; button_text_size__hover_enabled=\u00bboff\u00bb button_text_size__hover=\u00bbnull\u00bb button_one_text_size__hover_enabled=\u00bboff\u00bb button_one_text_size__hover=\u00bbnull\u00bb button_two_text_size__hover_enabled=\u00bboff\u00bb button_two_text_size__hover=\u00bbnull\u00bb button_text_color__hover_enabled=\u00bboff\u00bb button_text_color__hover=\u00bbnull\u00bb button_one_text_color__hover_enabled=\u00bboff\u00bb button_one_text_color__hover=\u00bbnull\u00bb button_two_text_color__hover_enabled=\u00bboff\u00bb button_two_text_color__hover=\u00bbnull\u00bb button_border_width__hover_enabled=\u00bboff\u00bb button_border_width__hover=\u00bbnull\u00bb button_one_border_width__hover_enabled=\u00bboff\u00bb button_one_border_width__hover=\u00bbnull\u00bb button_two_border_width__hover_enabled=\u00bboff\u00bb button_two_border_width__hover=\u00bbnull\u00bb button_border_color__hover_enabled=\u00bboff\u00bb button_border_color__hover=\u00bbnull\u00bb button_one_border_color__hover_enabled=\u00bboff\u00bb button_one_border_color__hover=\u00bbnull\u00bb button_two_border_color__hover_enabled=\u00bboff\u00bb button_two_border_color__hover=\u00bbnull\u00bb button_border_radius__hover_enabled=\u00bboff\u00bb button_border_radius__hover=\u00bbnull\u00bb button_one_border_radius__hover_enabled=\u00bboff\u00bb button_one_border_radius__hover=\u00bbnull\u00bb button_two_border_radius__hover_enabled=\u00bboff\u00bb button_two_border_radius__hover=\u00bbnull\u00bb button_letter_spacing__hover_enabled=\u00bbon\u00bb button_letter_spacing__hover=\u00bb0&#8243; button_one_letter_spacing__hover_enabled=\u00bboff\u00bb button_one_letter_spacing__hover=\u00bbnull\u00bb button_two_letter_spacing__hover_enabled=\u00bboff\u00bb button_two_letter_spacing__hover=\u00bbnull\u00bb button_bg_color__hover_enabled=\u00bboff\u00bb button_bg_color__hover=\u00bbnull\u00bb button_one_bg_color__hover_enabled=\u00bboff\u00bb button_one_bg_color__hover=\u00bbnull\u00bb button_two_bg_color__hover_enabled=\u00bboff\u00bb button_two_bg_color__hover=\u00bbnull\u00bb]<\/p>\n<p>\n&nbsp;<\/p>\n<p>[\/et_pb_button][et_pb_button button_url=\u00bbhttps:\/\/puenteromano.net\/index.php\/valores-4a1&#8243; url_new_window=\u00bbon\u00bb button_text=\u00bb4\u00baA2&#8243; button_alignment=\u00bbleft\u00bb _builder_version=\u00bb3.16&#8243; custom_button=\u00bbon\u00bb button_text_size=\u00bb14&#8243; button_letter_spacing_hover=\u00bb0&#8243; button_text_size__hover_enabled=\u00bboff\u00bb button_text_size__hover=\u00bbnull\u00bb button_one_text_size__hover_enabled=\u00bboff\u00bb button_one_text_size__hover=\u00bbnull\u00bb button_two_text_size__hover_enabled=\u00bboff\u00bb button_two_text_size__hover=\u00bbnull\u00bb button_text_color__hover_enabled=\u00bboff\u00bb button_text_color__hover=\u00bbnull\u00bb button_one_text_color__hover_enabled=\u00bboff\u00bb button_one_text_color__hover=\u00bbnull\u00bb button_two_text_color__hover_enabled=\u00bboff\u00bb button_two_text_color__hover=\u00bbnull\u00bb button_border_width__hover_enabled=\u00bboff\u00bb button_border_width__hover=\u00bbnull\u00bb button_one_border_width__hover_enabled=\u00bboff\u00bb button_one_border_width__hover=\u00bbnull\u00bb button_two_border_width__hover_enabled=\u00bboff\u00bb button_two_border_width__hover=\u00bbnull\u00bb button_border_color__hover_enabled=\u00bboff\u00bb button_border_color__hover=\u00bbnull\u00bb button_one_border_color__hover_enabled=\u00bboff\u00bb button_one_border_color__hover=\u00bbnull\u00bb button_two_border_color__hover_enabled=\u00bboff\u00bb button_two_border_color__hover=\u00bbnull\u00bb button_border_radius__hover_enabled=\u00bboff\u00bb button_border_radius__hover=\u00bbnull\u00bb button_one_border_radius__hover_enabled=\u00bboff\u00bb button_one_border_radius__hover=\u00bbnull\u00bb button_two_border_radius__hover_enabled=\u00bboff\u00bb button_two_border_radius__hover=\u00bbnull\u00bb button_letter_spacing__hover_enabled=\u00bbon\u00bb button_letter_spacing__hover=\u00bb0&#8243; button_one_letter_spacing__hover_enabled=\u00bboff\u00bb button_one_letter_spacing__hover=\u00bbnull\u00bb button_two_letter_spacing__hover_enabled=\u00bboff\u00bb button_two_letter_spacing__hover=\u00bbnull\u00bb button_bg_color__hover_enabled=\u00bboff\u00bb button_bg_color__hover=\u00bbnull\u00bb button_one_bg_color__hover_enabled=\u00bboff\u00bb button_one_bg_color__hover=\u00bbnull\u00bb button_two_bg_color__hover_enabled=\u00bboff\u00bb button_two_bg_color__hover=\u00bbnull\u00bb]<\/p>\n<p>\n&nbsp;<\/p>\n<p>[\/et_pb_button][\/et_pb_column][\/et_pb_section]<\/p>\n","protected":false},"excerpt":{"rendered":"<p>INSTRUCCIONES PARA EL TRABAJO DESDE CASA &nbsp;Ya ten\u00e9is disponible en la plataforma de la asignatura las indicaciones a seguir durante los pr\u00f3ximos d\u00edas: 1.- ENTREGA DE LOS TRABAJOS DE LA 2\u00aa EVALUACI\u00d3N Como ya sab\u00e9is, este viernes 13 de marzo era la fecha acordada para entregar en el aula el trabajo \u00abLa decisi\u00f3n de Anne\u00bb. [&hellip;]<\/p>\n","protected":false},"author":1,"featured_media":0,"parent":0,"menu_order":0,"comment_status":"closed","ping_status":"closed","template":"","meta":{"_et_pb_use_builder":"on","_et_pb_old_content":"","_et_gb_content_width":"","footnotes":""},"class_list":["post-3656","page","type-page","status-publish","hentry"],"_links":{"self":[{"href":"https:\/\/puenteromano.net\/index.php\/wp-json\/wp\/v2\/pages\/3656","targetHints":{"allow":["GET"]}}],"collection":[{"href":"https:\/\/puenteromano.net\/index.php\/wp-json\/wp\/v2\/pages"}],"about":[{"href":"https:\/\/puenteromano.net\/index.php\/wp-json\/wp\/v2\/types\/page"}],"author":[{"embeddable":true,"href":"https:\/\/puenteromano.net\/index.php\/wp-json\/wp\/v2\/users\/1"}],"replies":[{"embeddable":true,"href":"https:\/\/puenteromano.net\/index.php\/wp-json\/wp\/v2\/comments?post=3656"}],"version-history":[{"count":3,"href":"https:\/\/puenteromano.net\/index.php\/wp-json\/wp\/v2\/pages\/3656\/revisions"}],"predecessor-version":[{"id":3660,"href":"https:\/\/puenteromano.net\/index.php\/wp-json\/wp\/v2\/pages\/3656\/revisions\/3660"}],"wp:attachment":[{"href":"https:\/\/puenteromano.net\/index.php\/wp-json\/wp\/v2\/media?parent=3656"}],"curies":[{"name":"wp","href":"https:\/\/api.w.org\/{rel}","templated":true}]}}