{"id":421,"date":"2016-11-24T08:13:12","date_gmt":"2016-11-24T08:13:12","guid":{"rendered":"http:\/\/puenteromano.net\/?page_id=421"},"modified":"2023-09-15T11:19:41","modified_gmt":"2023-09-15T11:19:41","slug":"presentacion-de-trabajos","status":"publish","type":"page","link":"https:\/\/puenteromano.net\/index.php\/presentacion-de-trabajos\/","title":{"rendered":"Presentaci\u00f3n de trabajos"},"content":{"rendered":"<p>[et_pb_section fb_built=\u00bb1&#8243; admin_label=\u00bbsection\u00bb _builder_version=\u00bb4.16&#8243; global_colors_info=\u00bb{}\u00bb][et_pb_row admin_label=\u00bbrow\u00bb _builder_version=\u00bb4.16&#8243; background_size=\u00bbinitial\u00bb background_position=\u00bbtop_left\u00bb background_repeat=\u00bbrepeat\u00bb global_colors_info=\u00bb{}\u00bb][et_pb_column type=\u00bb4_4&#8243; _builder_version=\u00bb4.16&#8243; custom_padding=\u00bb|||\u00bb global_colors_info=\u00bb{}\u00bb custom_padding__hover=\u00bb|||\u00bb][et_pb_blurb title=\u00bbPRESENTACI\u00d3N DEL TRABAJO\u00bb use_icon=\u00bbon\u00bb font_icon=\u00bb&#x6c;||divi||400&#8243; _builder_version=\u00bb4.22.1&#8243; header_font=\u00bb|on|||\u00bb header_font_size=\u00bb34&#8243; background_size=\u00bbinitial\u00bb background_position=\u00bbtop_left\u00bb background_repeat=\u00bbrepeat\u00bb hover_enabled=\u00bb0&#8243; use_border_color=\u00bboff\u00bb border_color=\u00bb#ffffff\u00bb border_style=\u00bbsolid\u00bb image_max_width=\u00bbnone\u00bb use_circle=\u00bboff\u00bb use_circle_border=\u00bboff\u00bb circle_border_color=\u00bb#7EBEC5&#8243; circle_color=\u00bb#7EBEC5&#8243; global_colors_info=\u00bb{}\u00bb icon_color=\u00bb#E02B20&#8243; sticky_enabled=\u00bb0&#8243;][\/et_pb_blurb][et_pb_text _builder_version=\u00bb4.22.1&#8243; background_size=\u00bbinitial\u00bb background_position=\u00bbtop_left\u00bb background_repeat=\u00bbrepeat\u00bb hover_enabled=\u00bb0&#8243; global_colors_info=\u00bb{}\u00bb sticky_enabled=\u00bb0&#8243;]<\/p>\n<p><strong>REQUISITOS FORMALES PARA LA PRESENTACI\u00d3N DE LOS TRABAJOS DE CURSO<\/strong><\/p>\n<ul>\n<li>INICIO: se necesita presentar una hoja con el proyecto de trabajo (un \u00edndice orientativo, por ejemplo) para obtener el visto bueno del profesor, antes de iniciar la investigaci\u00f3n<\/li>\n<li>EXTENSI\u00d3N: 12 hojas por una cara (sin contar portada, \u00edndice y bibliograf\u00eda)<\/li>\n<li>TIPO DE LETRA: Times New Roman, de 12 puntos<\/li>\n<li>INTERLINEADO: sencillo o de 1,5<\/li>\n<li>MARGENES: los establecidos por defecto; los habituales.<\/li>\n<li>ILUSTRACIONES: una por p\u00e1gina\n<ul>\n<li>Con un tama\u00f1o orientativo de un 25 % de la superficie de la hoja.<\/li>\n<li>Todas deben ir documentadas al pie, se\u00f1alando el motivo de la imagen o gr\u00e1fico, as\u00ed como la autor\u00eda o procedencia.<\/li>\n<li>Si se trata de fotos antiguas conviene fijar la fecha de realizaci\u00f3n, y si no se conoce con precisi\u00f3n, estimar fundadamente un a\u00f1o (\u201ch. 1950\u201d se entiende \u201chacia 1950\u201d)<\/li>\n<\/ul>\n<\/li>\n<li>CITAS: dos por p\u00e1gina como m\u00ednimo, de acuerdo con las normas establecidas en el documento \u201cModos de citar\u201d.<\/li>\n<li>TRABAJO DE CAMPO (no de ordenador) E INVESTIGACI\u00d3N PERSONAL: han de ser originales, es decir, elaborados y redactados por el alumno\/a.\n<ul>\n<li>Supone la parte esencial del trabajo<\/li>\n<li>ha de constituir un 80 % del contenido.<\/li>\n<\/ul>\n<\/li>\n<li>ANEXOS: pueden a\u00f1adirse anexos con im\u00e1genes complementarias o documentos escaneados de inter\u00e9s, que no hayan sido incluidos en el cuerpo del trabajo.<\/li>\n<li>PORTADA: con el t\u00edtulo, subt\u00edtulo y autor\/a del trabajo.<\/li>\n<li>BIBLIOGRAF\u00cdA Y FUENTES: la elaboraci\u00f3n de esta hoja es importante, y ha de seguirse lo indicado en el documento \u201cBibliograf\u00eda\u201d.<\/li>\n<li>PAGINACI\u00d3N: con el fin de facilitar el acabado, se admite la paginaci\u00f3n a l\u00e1piz o bol\u00edgrafo, al pie de las hojas, una vez completado el trabajo.<\/li>\n<li>PRESENTACI\u00d3N:\u00a0en papel, formato A4<\/li>\n<li>FECHA DE ENTREGA: 31 de enero<\/li>\n<\/ul>\n<p>[\/et_pb_text][\/et_pb_column][\/et_pb_row][\/et_pb_section]<\/p>\n","protected":false},"excerpt":{"rendered":"<p>REQUISITOS FORMALES PARA LA PRESENTACI\u00d3N DE LOS TRABAJOS DE CURSO INICIO: se necesita presentar una hoja con el proyecto de trabajo (un \u00edndice orientativo, por ejemplo) para obtener el visto bueno del profesor, antes de iniciar la investigaci\u00f3n EXTENSI\u00d3N: 12 hojas por una cara (sin contar portada, \u00edndice y bibliograf\u00eda) TIPO DE LETRA: Times New [&hellip;]<\/p>\n","protected":false},"author":1,"featured_media":0,"parent":0,"menu_order":0,"comment_status":"closed","ping_status":"closed","template":"","meta":{"_et_pb_use_builder":"on","_et_pb_old_content":"<p><strong>REQUISITOS FORMALES PARA LA PRESENTACI\u00d3N DE LOS TRABAJOS DE CURSO<\/strong><\/p><ul><li>INICIO: se necesita presentar una hoja con el proyecto de trabajo (un \u00edndice orientativo, por ejemplo) para obtener el visto bueno del profesor, antes de iniciar la investigaci\u00f3n<\/li><li>EXTENSI\u00d3N: 12 hojas por una cara (sin contar portada, \u00edndice y bibliograf\u00eda)<\/li><li>TIPO DE LETRA: Times New Roman, de 12 puntos<\/li><li>INTERLINEADO: sencillo o de 1,5<\/li><li>MARGENES: los establecidos por defecto; los habituales.<\/li><li>ILUSTRACIONES: una por p\u00e1gina<ul><li>Con un tama\u00f1o orientativo de un 25 % de la superficie de la hoja.<\/li><li>Todas deben ir documentadas al pie, se\u00f1alando el motivo de la imagen o gr\u00e1fico, as\u00ed como la autor\u00eda o procedencia.<\/li><li>Si se trata de fotos antiguas conviene fijar la fecha de realizaci\u00f3n, y si no se conoce con precisi\u00f3n, estimar fundadamente un a\u00f1o (\u201ch. 1950\u201d se entiende \u201chacia 1950\u201d)<\/li><\/ul><\/li><li>CITAS: dos por p\u00e1gina como m\u00ednimo, de acuerdo con las normas establecidas en el documento \u201cModos de citar\u201d.<\/li><li>TRABAJO DE CAMPO (no de ordenador) E INVESTIGACI\u00d3N PERSONAL: han de ser originales, es decir, elaborados y redactados por el alumno\/a.<ul><li>Supone la parte esencial del trabajo y se estima que ha de ocupar un 80 % del contenido.<\/li><\/ul><\/li><li>ANEXOS: pueden a\u00f1adirse anexos con im\u00e1genes complementarias o documentos escaneados de inter\u00e9s, que no hayan sido incluidos en el cuerpo del trabajo.<\/li><li>PORTADA: con el t\u00edtulo, subt\u00edtulo y autor\/a del trabajo.<\/li><li>BIBLIOGRAF\u00cdA Y FUENTES: la elaboraci\u00f3n de esta hoja es importante, y ha de seguirse lo indicado en el documento \u201cBibliograf\u00eda\u201d.<\/li><li>PAGINACI\u00d3N: con el fin de facilitar el acabado, se admite la paginaci\u00f3n a l\u00e1piz o bol\u00edgrafo, al pie de las hojas, una vez completado el trabajo.<\/li><li>PRESENTACI\u00d3N en uno de los formatos siguientes:<ul><li>en papel, formato A4<\/li><li>en PDF con el mismo formato (ilustraciones integradas en el texto, citas y resto de requisitos incluidos)<\/li><li>en modo ePub (iBook, por ejemplo, o en cualquiera de otros formatos de publicaci\u00f3n electr\u00f3nica)<\/li><li>en modo web (Word Press, Blogger, etc.)<\/li><li>IMPORTANTE: si se elige el formato de publicaci\u00f3n web, habr\u00e1n de cumplirse las indicaciones recibidas sobre publicaci\u00f3n de contenidos e im\u00e1genes (autor\u00eda, derechos de publicaci\u00f3n, adecuaci\u00f3n de contenidos, etc.). Por ello, ha de protegerse con contrase\u00f1a la web o el blog, hasta su revisi\u00f3n\/aprobaci\u00f3n por parte del profesor.<\/li><\/ul><\/li><li>FECHA DE ENTREGA: 31 de enero<\/li><\/ul>","_et_gb_content_width":"","footnotes":""},"class_list":["post-421","page","type-page","status-publish","hentry"],"_links":{"self":[{"href":"https:\/\/puenteromano.net\/index.php\/wp-json\/wp\/v2\/pages\/421","targetHints":{"allow":["GET"]}}],"collection":[{"href":"https:\/\/puenteromano.net\/index.php\/wp-json\/wp\/v2\/pages"}],"about":[{"href":"https:\/\/puenteromano.net\/index.php\/wp-json\/wp\/v2\/types\/page"}],"author":[{"embeddable":true,"href":"https:\/\/puenteromano.net\/index.php\/wp-json\/wp\/v2\/users\/1"}],"replies":[{"embeddable":true,"href":"https:\/\/puenteromano.net\/index.php\/wp-json\/wp\/v2\/comments?post=421"}],"version-history":[{"count":10,"href":"https:\/\/puenteromano.net\/index.php\/wp-json\/wp\/v2\/pages\/421\/revisions"}],"predecessor-version":[{"id":6031,"href":"https:\/\/puenteromano.net\/index.php\/wp-json\/wp\/v2\/pages\/421\/revisions\/6031"}],"wp:attachment":[{"href":"https:\/\/puenteromano.net\/index.php\/wp-json\/wp\/v2\/media?parent=421"}],"curies":[{"name":"wp","href":"https:\/\/api.w.org\/{rel}","templated":true}]}}