{"id":454,"date":"2016-12-12T14:27:24","date_gmt":"2016-12-12T14:27:24","guid":{"rendered":"http:\/\/puenteromano.net\/?page_id=454"},"modified":"2018-04-10T06:36:06","modified_gmt":"2018-04-10T06:36:06","slug":"premio-elena-garro","status":"publish","type":"page","link":"https:\/\/puenteromano.net\/index.php\/premio-elena-garro\/","title":{"rendered":"Premio \u00abElena Garro\u00bb"},"content":{"rendered":"<p>[et_pb_section admin_label=\u00bbSecci\u00f3n\u00bb fullwidth=\u00bbon\u00bb specialty=\u00bboff\u00bb transparent_background=\u00bboff\u00bb allow_player_pause=\u00bboff\u00bb inner_shadow=\u00bboff\u00bb parallax=\u00bboff\u00bb parallax_method=\u00bboff\u00bb padding_mobile=\u00bboff\u00bb make_fullwidth=\u00bboff\u00bb use_custom_width=\u00bboff\u00bb width_unit=\u00bbon\u00bb make_equal=\u00bboff\u00bb use_custom_gutter=\u00bboff\u00bb module_class=\u00bbalto_ventana\u00bb][et_pb_fullwidth_menu admin_label=\u00bbMen\u00fa de anchura completa\u00bb menu_id=\u00bb14&#8243; background_color=\u00bb#ffffff\u00bb background_layout=\u00bblight\u00bb text_orientation=\u00bbleft\u00bb submenu_direction=\u00bbdownwards\u00bb fullwidth_menu=\u00bboff\u00bb dropdown_menu_animation=\u00bbfade\u00bb]<br \/>\n[\/et_pb_fullwidth_menu][et_pb_fullwidth_slider admin_label=\u00bbControl deslizante de anchura completa\u00bb show_arrows=\u00bbon\u00bb show_pagination=\u00bbon\u00bb auto=\u00bboff\u00bb auto_ignore_hover=\u00bboff\u00bb parallax=\u00bboff\u00bb parallax_method=\u00bboff\u00bb remove_inner_shadow=\u00bboff\u00bb background_position=\u00bbdefault\u00bb background_size=\u00bbdefault\u00bb hide_content_on_mobile=\u00bboff\u00bb hide_cta_on_mobile=\u00bboff\u00bb show_image_video_mobile=\u00bboff\u00bb custom_button=\u00bboff\u00bb button_letter_spacing=\u00bb0&#8243; button_use_icon=\u00bbdefault\u00bb button_icon_placement=\u00bbright\u00bb button_on_hover=\u00bbon\u00bb button_letter_spacing_hover=\u00bb0&#8243;] [et_pb_slide background_image=\u00bbhttp:\/\/puenteromano.net\/wp-content\/uploads\/2016\/12\/thumb_IMG_3568_1024.jpg\u00bb background_position=\u00bbdefault\u00bb background_size=\u00bbdefault\u00bb background_color=\u00bb#ffffff\u00bb use_bg_overlay=\u00bboff\u00bb use_text_overlay=\u00bboff\u00bb alignment=\u00bbcenter\u00bb background_layout=\u00bbdark\u00bb allow_player_pause=\u00bboff\u00bb text_border_radius=\u00bb3&#8243; header_font_select=\u00bbdefault\u00bb header_font=\u00bb|on|||\u00bb body_font_select=\u00bbdefault\u00bb body_font=\u00bb|on|||\u00bb custom_button=\u00bboff\u00bb button_font_select=\u00bbdefault\u00bb button_font=\u00bb||||\u00bb button_use_icon=\u00bbdefault\u00bb button_icon_placement=\u00bbright\u00bb button_on_hover=\u00bbon\u00bb heading=\u00bbConcurso literario %22La casa junto al r\u00edo%22 de Elena Garro\u00bb header_font_size=\u00bb43&#8243; header_font_size_tablet=\u00bb40&#8243; header_font_size_phone=\u00bb40&#8243;] [\/et_pb_slide] [\/et_pb_fullwidth_slider][et_pb_fullwidth_header admin_label=\u00bbT\u00edtulo de anchura completa\u00bb title=\u00bbConcurso literario\u00bb subhead=\u00bbPara alumnos\/as del IES Rey Pelayo, de Cangas de On\u00eds\u00bb background_layout=\u00bblight\u00bb text_orientation=\u00bbleft\u00bb header_fullscreen=\u00bboff\u00bb header_scroll_down=\u00bboff\u00bb parallax=\u00bboff\u00bb parallax_method=\u00bboff\u00bb content_orientation=\u00bbcenter\u00bb image_orientation=\u00bbcenter\u00bb custom_button_one=\u00bboff\u00bb button_one_letter_spacing=\u00bb0&#8243; button_one_use_icon=\u00bbdefault\u00bb button_one_icon_placement=\u00bbright\u00bb button_one_on_hover=\u00bbon\u00bb button_one_letter_spacing_hover=\u00bb0&#8243; custom_button_two=\u00bboff\u00bb button_two_letter_spacing=\u00bb0&#8243; button_two_use_icon=\u00bbdefault\u00bb button_two_icon_placement=\u00bbright\u00bb button_two_on_hover=\u00bbon\u00bb button_two_letter_spacing_hover=\u00bb0&#8243; title_font_size=\u00bb40px\u00bb subhead_font_size=\u00bb25px\u00bb]<\/p>\n<p>&nbsp;<\/p>\n<p>Convocado por el\u00a0Instituto de M\u00e9xico (Agregadur\u00eda Cultural de la Embajada de M\u00e9xico), el Ayto. de Cangas de On\u00eds y el IES \u201cRey Pelayo\u201d<\/p>\n<p>[\/et_pb_fullwidth_header][\/et_pb_section][et_pb_section admin_label=\u00bbSecci\u00f3n\u00bb fullwidth=\u00bboff\u00bb specialty=\u00bboff\u00bb][et_pb_row admin_label=\u00bbFila\u00bb][et_pb_column type=\u00bb1_3&#8243;][et_pb_blurb admin_label=\u00bbAnuncio\u00bb title=\u00bbElena Garro\u00bb url_new_window=\u00bboff\u00bb use_icon=\u00bboff\u00bb icon_color=\u00bb#7EBEC5&#8243; use_circle=\u00bboff\u00bb circle_color=\u00bb#7EBEC5&#8243; use_circle_border=\u00bboff\u00bb circle_border_color=\u00bb#7EBEC5&#8243; icon_placement=\u00bbtop\u00bb animation=\u00bbtop\u00bb background_layout=\u00bblight\u00bb text_orientation=\u00bbleft\u00bb use_icon_font_size=\u00bboff\u00bb use_border_color=\u00bboff\u00bb border_color=\u00bb#ffffff\u00bb border_style=\u00bbsolid\u00bb image=\u00bbhttp:\/\/puenteromano.net\/wp-content\/uploads\/2016\/12\/garro_2.jpg\u00bb url=\u00bbhttp:\/\/puenteromano.net\/index.php\/recursos\/\u00bb]<\/p>\n<p><a href=\"http:\/\/puenteromano.net\/index.php\/recursos\/\" target=\"_blank\" rel=\"noopener\">Documentos sobre la autora<\/a><\/p>\n<p>[\/et_pb_blurb][\/et_pb_column][et_pb_column type=\u00bb1_3&#8243;][et_pb_blurb admin_label=\u00bbAnuncio\u00bb title=\u00bbLa casa junto al r\u00edo\u00bb url_new_window=\u00bboff\u00bb use_icon=\u00bboff\u00bb icon_color=\u00bb#7EBEC5&#8243; use_circle=\u00bboff\u00bb circle_color=\u00bb#7EBEC5&#8243; use_circle_border=\u00bboff\u00bb circle_border_color=\u00bb#7EBEC5&#8243; icon_placement=\u00bbtop\u00bb animation=\u00bbtop\u00bb background_layout=\u00bblight\u00bb text_orientation=\u00bbleft\u00bb use_icon_font_size=\u00bboff\u00bb use_border_color=\u00bboff\u00bb border_color=\u00bb#ffffff\u00bb border_style=\u00bbsolid\u00bb image=\u00bbhttp:\/\/puenteromano.net\/wp-content\/uploads\/2016\/12\/La-Casa-Junto-Al-Rio-Doc-1469674856.jpg\u00bb]<\/p>\n<p><a href=\"http:\/\/cvc.cervantes.es\/literatura\/aih\/pdf\/10\/aih_10_4_022.pdf\" target=\"_blank\" rel=\"noopener\">Art\u00edculo de A. Stoll sobre\u00a0la novela<\/a><\/p>\n<p>[\/et_pb_blurb][\/et_pb_column][et_pb_column type=\u00bb1_3&#8243;][et_pb_blurb admin_label=\u00bbAnuncio\u00bb url_new_window=\u00bboff\u00bb use_icon=\u00bboff\u00bb icon_color=\u00bb#7EBEC5&#8243; use_circle=\u00bboff\u00bb circle_color=\u00bb#7EBEC5&#8243; use_circle_border=\u00bboff\u00bb circle_border_color=\u00bb#7EBEC5&#8243; icon_placement=\u00bbtop\u00bb animation=\u00bbtop\u00bb background_layout=\u00bblight\u00bb text_orientation=\u00bbleft\u00bb use_icon_font_size=\u00bboff\u00bb use_border_color=\u00bboff\u00bb border_color=\u00bb#ffffff\u00bb border_style=\u00bbsolid\u00bb image=\u00bbhttp:\/\/puenteromano.net\/wp-content\/uploads\/2016\/12\/Casa-Riera-2.jpg\u00bb url=\u00bbhttp:\/\/puenteromano.net\/index.php\/bases-del-concurso-elena-garro\/\u00bb] [\/et_pb_blurb][et_pb_cta admin_label=\u00bbLlamada a la acci\u00f3n\u00bb url_new_window=\u00bboff\u00bb button_text=\u00bbBases del concurso\u00bb use_background_color=\u00bboff\u00bb background_color=\u00bb#7EBEC5&#8243; background_layout=\u00bblight\u00bb text_orientation=\u00bbcenter\u00bb use_border_color=\u00bboff\u00bb border_color=\u00bb#ffffff\u00bb border_style=\u00bbsolid\u00bb custom_button=\u00bboff\u00bb button_letter_spacing=\u00bb0&#8243; button_use_icon=\u00bbdefault\u00bb button_icon_placement=\u00bbright\u00bb button_on_hover=\u00bbon\u00bb button_letter_spacing_hover=\u00bb0&#8243; button_url=\u00bbhttp:\/\/puenteromano.net\/index.php\/bases-del-concurso-elena-garro\/\u00bb] [\/et_pb_cta][\/et_pb_column][\/et_pb_row][\/et_pb_section][et_pb_section admin_label=\u00bbSecci\u00f3n\u00bb fullwidth=\u00bboff\u00bb specialty=\u00bboff\u00bb transparent_background=\u00bboff\u00bb background_color=\u00bb#0b243b\u00bb allow_player_pause=\u00bboff\u00bb inner_shadow=\u00bboff\u00bb parallax=\u00bboff\u00bb parallax_method=\u00bboff\u00bb padding_mobile=\u00bboff\u00bb make_fullwidth=\u00bboff\u00bb use_custom_width=\u00bboff\u00bb width_unit=\u00bbon\u00bb make_equal=\u00bboff\u00bb use_custom_gutter=\u00bboff\u00bb][et_pb_row admin_label=\u00bbFila\u00bb][et_pb_column type=\u00bb4_4&#8243;][et_pb_blurb admin_label=\u00bbAnuncio\u00bb url_new_window=\u00bboff\u00bb use_icon=\u00bbon\u00bb font_icon=\u00bb%%75%%\u00bb icon_color=\u00bb#000000&#8243; use_circle=\u00bbon\u00bb circle_color=\u00bb#ffffff\u00bb use_circle_border=\u00bboff\u00bb circle_border_color=\u00bb#7EBEC5&#8243; icon_placement=\u00bbtop\u00bb animation=\u00bbtop\u00bb background_layout=\u00bbdark\u00bb text_orientation=\u00bbleft\u00bb use_icon_font_size=\u00bboff\u00bb use_border_color=\u00bboff\u00bb border_color=\u00bb#ffffff\u00bb border_style=\u00bbsolid\u00bb header_font=\u00bb|on|||\u00bb header_font_size=\u00bb30&#8243;]<br \/>\n[\/et_pb_blurb][et_pb_text admin_label=\u00bbTexto\u00bb background_layout=\u00bbdark\u00bb text_orientation=\u00bbleft\u00bb use_border_color=\u00bboff\u00bb border_color=\u00bb#ffffff\u00bb border_style=\u00bbsolid\u00bb]<\/p>\n<h2>Actualidad<\/h2>\n<p>[\/et_pb_text][\/et_pb_column][\/et_pb_row][et_pb_row admin_label=\u00bbFila\u00bb][et_pb_column type=\u00bb2_3&#8243;][et_pb_tabs admin_label=\u00bbPesta\u00f1as\u00bb use_border_color=\u00bboff\u00bb border_color=\u00bb#ffffff\u00bb border_style=\u00bbsolid\u00bb] [et_pb_tab title=\u00bbPresentaci\u00f3n\u00bb tab_font_select=\u00bbdefault\u00bb tab_font=\u00bb||||\u00bb tab_line_height=\u00bb2em\u00bb tab_line_height_tablet=\u00bb2em\u00bb tab_line_height_phone=\u00bb2em\u00bb body_font_select=\u00bbdefault\u00bb body_font=\u00bb||||\u00bb body_line_height=\u00bb2em\u00bb body_line_height_tablet=\u00bb2em\u00bb body_line_height_phone=\u00bb2em\u00bb]<\/p>\n<div class=\"\"><b class=\"\">Acto de presentaci\u00f3n del premio<\/b>:<\/div>\n<div class=\"\">D\u00eda: mi\u00e9rcoles, 25 de enero<\/div>\n<div class=\"\">Hora: 11:30 horas.<\/div>\n<div class=\"\">Lugar: Sal\u00f3n de Actos del IES \u201cRey Pelayo\u201d<\/div>\n<div class=\"\">Asistir\u00e1n los \u00a0alumnos de 1\u00ba de bachillerato.<\/div>\n<div class=\"\">El acto consistir\u00e1 en la convocatoria oficial del premio y la proyecci\u00f3n de la pel\u00edcula \u201cLa cuarta casa: un retrato de Elena Garro\u201d<\/div>\n<p>[\/et_pb_tab][et_pb_tab title=\u00bbPlazo\u00bb tab_font_select=\u00bbdefault\u00bb tab_font=\u00bb||||\u00bb tab_line_height=\u00bb2em\u00bb tab_line_height_tablet=\u00bb2em\u00bb tab_line_height_phone=\u00bb2em\u00bb body_font_select=\u00bbdefault\u00bb body_font=\u00bb||||\u00bb body_line_height=\u00bb2em\u00bb body_line_height_tablet=\u00bb2em\u00bb body_line_height_phone=\u00bb2em\u00bb]<\/p>\n<p>El<b> plazo de admisi\u00f3n de originales<\/b> finalizar\u00e1 a las 23:59 horas del <strong>martes 20 de febrero<\/strong> de 2017.<\/p>\n<p>[\/et_pb_tab][et_pb_tab title=\u00bbPremios\u00bb tab_font_select=\u00bbdefault\u00bb tab_font=\u00bb||||\u00bb tab_line_height=\u00bb2em\u00bb tab_line_height_tablet=\u00bb2em\u00bb tab_line_height_phone=\u00bb2em\u00bb body_font_select=\u00bbdefault\u00bb body_font=\u00bb||||\u00bb body_line_height=\u00bb2em\u00bb body_line_height_tablet=\u00bb2em\u00bb body_line_height_phone=\u00bb2em\u00bb]<\/p>\n<p>Sufragados por aportaciones del Instituto de M\u00e9xico (Agregadur\u00eda Cultural de la Embajada de M\u00e9xico), Ayuntamiento de Cangas de On\u00eds e Instituto \u201cRey Pelayo\u201d, se concretar\u00e1n de la siguiente forma atendiendo a la modalidad y las categor\u00edas::<\/p>\n<p><b>Un premio<\/b> para la modalidad de \u201cEnsayo\u201d.<\/p>\n<p><b>Dos premios<\/b> para la modalidad \u201cLiteraria\u201d (uno para la categor\u00eda de ESO y otro para la de Bachillerato y CC. FF.).<\/p>\n<p>Cada uno de los premiados recibir\u00e1n un ordenador de tipo tableta.<\/p>\n<p>[\/et_pb_tab][et_pb_tab title=\u00bbEntrega de Premios\u00bb tab_font_select=\u00bbdefault\u00bb tab_font=\u00bb||||\u00bb tab_line_height=\u00bb2em\u00bb tab_line_height_tablet=\u00bb2em\u00bb tab_line_height_phone=\u00bb2em\u00bb body_font_select=\u00bbdefault\u00bb body_font=\u00bb||||\u00bb body_line_height=\u00bb2em\u00bb body_line_height_tablet=\u00bb2em\u00bb body_line_height_phone=\u00bb2em\u00bb]<\/p>\n<div class=\"\"><b class=\"\">Acto de entrega de premios<\/b>:<\/div>\n<div class=\"\">D\u00eda: mi\u00e9rcoles, 15 de marzo<\/div>\n<div class=\"\">Lugar: Sal\u00f3n de Actos de la Casa de Cultura.<\/div>\n<div class=\"\">Hora: 19:30.<\/div>\n<div class=\"\">Proyecci\u00f3n de la pel\u00edcula basada en su obra \u201cRecuerdos del porvenir\u201d.<\/div>\n<p>[\/et_pb_tab][et_pb_tab title=\u00bbPrensa\u00bb tab_font_select=\u00bbdefault\u00bb tab_font=\u00bb||||\u00bb tab_line_height=\u00bb2em\u00bb tab_line_height_tablet=\u00bb2em\u00bb tab_line_height_phone=\u00bb2em\u00bb body_font_select=\u00bbdefault\u00bb body_font=\u00bb||||\u00bb body_line_height=\u00bb2em\u00bb body_line_height_tablet=\u00bb2em\u00bb body_line_height_phone=\u00bb2em\u00bb]<\/p>\n<ul>\n<li><a href=\"http:\/\/elfielato.es\/picos-europa\/cangas-de-onis-recuerda-a-la-escritora-elena-garro-en-el-centenario-de-su-nacimiento-3092\" target=\"_blank\" rel=\"noopener\">Cangas de On\u00eds recuerda a la escritora Elena Garro en el centenario de su nacimiento, en el Semanario El Fielato, 12.12.2016<\/a><\/li>\n<li><a href=\"http:\/\/www.lne.es\/oriente\/2016\/12\/10\/elena-garro-cumple-siglo-cangas\/2026071.html\" target=\"_blank\" rel=\"noopener\">Elena Garro cumple un siglo en Cangas, de Cristina Corte en el Diario La Nueva Espa\u00f1a, 10.12.2016<\/a><\/li>\n<li><a href=\"http:\/\/confabulario.eluniversal.com.mx\" target=\"_blank\" rel=\"noopener\">Varios art\u00edculos sobre Elena Garro en el Suplemento Cultural \u00abEl Confabulario\u00bb (M\u00e9jico)<\/a><\/li>\n<\/ul>\n<p><img loading=\"lazy\" decoding=\"async\" class=\"alignnone size-medium wp-image-468\" src=\"http:\/\/puenteromano.net\/wp-content\/uploads\/2016\/12\/Elena-Garro-Acto-300x226.jpeg\" alt=\"\" width=\"300\" height=\"226\" srcset=\"https:\/\/puenteromano.net\/wp-content\/uploads\/2016\/12\/Elena-Garro-Acto-300x226.jpeg 300w, https:\/\/puenteromano.net\/wp-content\/uploads\/2016\/12\/Elena-Garro-Acto-768x579.jpeg 768w, https:\/\/puenteromano.net\/wp-content\/uploads\/2016\/12\/Elena-Garro-Acto-1024x771.jpeg 1024w, https:\/\/puenteromano.net\/wp-content\/uploads\/2016\/12\/Elena-Garro-Acto-510x382.jpeg 510w, https:\/\/puenteromano.net\/wp-content\/uploads\/2016\/12\/Elena-Garro-Acto-1080x814.jpeg 1080w, https:\/\/puenteromano.net\/wp-content\/uploads\/2016\/12\/Elena-Garro-Acto.jpeg 1593w\" sizes=\"(max-width: 300px) 100vw, 300px\" \/><\/p>\n<p>[\/et_pb_tab] [\/et_pb_tabs][et_pb_cta admin_label=\u00bbLlamada a la acci\u00f3n\u00bb button_url=\u00bbhttp:\/\/puenteromano.net\/index.php\/bases-del-concurso-elena-garro\/\u00bb url_new_window=\u00bbon\u00bb button_text=\u00bbBases del concurso\u00bb use_background_color=\u00bboff\u00bb background_color=\u00bb#7EBEC5&#8243; background_layout=\u00bbdark\u00bb text_orientation=\u00bbcenter\u00bb use_border_color=\u00bboff\u00bb border_color=\u00bb#ffffff\u00bb border_style=\u00bbsolid\u00bb custom_button=\u00bboff\u00bb button_letter_spacing=\u00bb0&#8243; button_use_icon=\u00bbdefault\u00bb button_icon_placement=\u00bbright\u00bb button_on_hover=\u00bbon\u00bb button_letter_spacing_hover=\u00bb0&#8243;] [\/et_pb_cta][\/et_pb_column][et_pb_column type=\u00bb1_3&#8243;][et_pb_image admin_label=\u00bbImagen\u00bb src=\u00bbhttp:\/\/puenteromano.net\/wp-content\/uploads\/2016\/12\/Cartel-Concurso-EG.jpg\u00bb show_in_lightbox=\u00bbon\u00bb url_new_window=\u00bboff\u00bb use_overlay=\u00bboff\u00bb animation=\u00bboff\u00bb sticky=\u00bboff\u00bb align=\u00bbcenter\u00bb force_fullwidth=\u00bboff\u00bb always_center_on_mobile=\u00bbon\u00bb use_border_color=\u00bboff\u00bb border_color=\u00bb#ffffff\u00bb border_style=\u00bbsolid\u00bb] [\/et_pb_image][\/et_pb_column][\/et_pb_row][\/et_pb_section]<\/p>\n","protected":false},"excerpt":{"rendered":"<p>&nbsp; Convocado por el\u00a0Instituto de M\u00e9xico (Agregadur\u00eda Cultural de la Embajada de M\u00e9xico), el Ayto. de Cangas de On\u00eds y el IES \u201cRey Pelayo\u201d Documentos sobre la autora Art\u00edculo de A. Stoll sobre\u00a0la novela Actualidad Acto de presentaci\u00f3n del premio: D\u00eda: mi\u00e9rcoles, 25 de enero Hora: 11:30 horas. Lugar: Sal\u00f3n de Actos del IES \u201cRey [&hellip;]<\/p>\n","protected":false},"author":1,"featured_media":0,"parent":0,"menu_order":0,"comment_status":"closed","ping_status":"closed","template":"page-template-blank.php","meta":{"_et_pb_use_builder":"on","_et_pb_old_content":"","_et_gb_content_width":"","footnotes":""},"class_list":["post-454","page","type-page","status-publish","hentry"],"_links":{"self":[{"href":"https:\/\/puenteromano.net\/index.php\/wp-json\/wp\/v2\/pages\/454","targetHints":{"allow":["GET"]}}],"collection":[{"href":"https:\/\/puenteromano.net\/index.php\/wp-json\/wp\/v2\/pages"}],"about":[{"href":"https:\/\/puenteromano.net\/index.php\/wp-json\/wp\/v2\/types\/page"}],"author":[{"embeddable":true,"href":"https:\/\/puenteromano.net\/index.php\/wp-json\/wp\/v2\/users\/1"}],"replies":[{"embeddable":true,"href":"https:\/\/puenteromano.net\/index.php\/wp-json\/wp\/v2\/comments?post=454"}],"version-history":[{"count":51,"href":"https:\/\/puenteromano.net\/index.php\/wp-json\/wp\/v2\/pages\/454\/revisions"}],"predecessor-version":[{"id":1336,"href":"https:\/\/puenteromano.net\/index.php\/wp-json\/wp\/v2\/pages\/454\/revisions\/1336"}],"wp:attachment":[{"href":"https:\/\/puenteromano.net\/index.php\/wp-json\/wp\/v2\/media?parent=454"}],"curies":[{"name":"wp","href":"https:\/\/api.w.org\/{rel}","templated":true}]}}