{"id":496,"date":"2016-12-12T17:54:48","date_gmt":"2016-12-12T17:54:48","guid":{"rendered":"http:\/\/puenteromano.net\/?page_id=496"},"modified":"2018-04-10T06:29:08","modified_gmt":"2018-04-10T06:29:08","slug":"bases-del-concurso-elena-garro","status":"publish","type":"page","link":"https:\/\/puenteromano.net\/index.php\/bases-del-concurso-elena-garro\/","title":{"rendered":"Bases del Concurso \u00abElena Garro\u00bb"},"content":{"rendered":"<p>[et_pb_section admin_label=\u00bbSecci\u00f3n\u00bb transparent_background=\u00bboff\u00bb allow_player_pause=\u00bboff\u00bb inner_shadow=\u00bboff\u00bb parallax=\u00bboff\u00bb parallax_method=\u00bbon\u00bb padding_mobile=\u00bboff\u00bb make_fullwidth=\u00bboff\u00bb use_custom_width=\u00bboff\u00bb width_unit=\u00bboff\u00bb custom_width_px=\u00bb1080px\u00bb custom_width_percent=\u00bb80%\u00bb make_equal=\u00bboff\u00bb use_custom_gutter=\u00bboff\u00bb fullwidth=\u00bbon\u00bb specialty=\u00bboff\u00bb disabled=\u00bboff\u00bb][et_pb_fullwidth_menu admin_label=\u00bbMen\u00fa de anchura completa\u00bb menu_id=\u00bb14&#8243; background_color=\u00bb#ffffff\u00bb background_layout=\u00bblight\u00bb text_orientation=\u00bbleft\u00bb submenu_direction=\u00bbdownwards\u00bb fullwidth_menu=\u00bboff\u00bb dropdown_menu_animation=\u00bbfade\u00bb menu_font_size=\u00bb14px\u00bb menu_letter_spacing=\u00bb0px\u00bb menu_line_height=\u00bb1em\u00bb disabled=\u00bboff\u00bb] [\/et_pb_fullwidth_menu][\/et_pb_section][et_pb_section admin_label=\u00bbSecci\u00f3n\u00bb background_image=\u00bbhttp:\/\/puenteromano.net\/wp-content\/uploads\/2016\/12\/Casa-Riera-2.jpg\u00bb transparent_background=\u00bboff\u00bb allow_player_pause=\u00bboff\u00bb inner_shadow=\u00bboff\u00bb parallax=\u00bboff\u00bb parallax_method=\u00bboff\u00bb padding_mobile=\u00bboff\u00bb make_fullwidth=\u00bboff\u00bb use_custom_width=\u00bboff\u00bb width_unit=\u00bbon\u00bb custom_width_px=\u00bb1080px\u00bb custom_width_percent=\u00bb80%\u00bb make_equal=\u00bboff\u00bb use_custom_gutter=\u00bboff\u00bb fullwidth=\u00bboff\u00bb specialty=\u00bboff\u00bb disabled=\u00bboff\u00bb][et_pb_row admin_label=\u00bbFila\u00bb make_fullwidth=\u00bboff\u00bb use_custom_width=\u00bboff\u00bb width_unit=\u00bboff\u00bb custom_width_px=\u00bb1080px\u00bb custom_width_percent=\u00bb80%\u00bb use_custom_gutter=\u00bboff\u00bb gutter_width=\u00bb3&#8243; padding_mobile=\u00bboff\u00bb allow_player_pause=\u00bboff\u00bb parallax=\u00bboff\u00bb parallax_method=\u00bbon\u00bb make_equal=\u00bboff\u00bb column_padding_mobile=\u00bbon\u00bb parallax_1=\u00bboff\u00bb parallax_method_1=\u00bbon\u00bb parallax_2=\u00bboff\u00bb parallax_method_2=\u00bbon\u00bb parallax_3=\u00bboff\u00bb parallax_method_3=\u00bbon\u00bb parallax_4=\u00bboff\u00bb parallax_method_4=\u00bbon\u00bb disabled=\u00bboff\u00bb][et_pb_column type=\u00bb4_4&#8243;][et_pb_blurb admin_label=\u00bbAnuncio\u00bb title=\u00bbConcurso Literario %22Elena Garro%22&#8243; url_new_window=\u00bboff\u00bb use_icon=\u00bboff\u00bb icon_color=\u00bb#7EBEC5&#8243; use_circle=\u00bboff\u00bb circle_color=\u00bb#7EBEC5&#8243; use_circle_border=\u00bboff\u00bb circle_border_color=\u00bb#7EBEC5&#8243; icon_placement=\u00bbtop\u00bb animation=\u00bbtop\u00bb background_layout=\u00bblight\u00bb text_orientation=\u00bbcenter\u00bb use_icon_font_size=\u00bboff\u00bb icon_font_size=\u00bb96px\u00bb header_font=\u00bb|on|||\u00bb header_font_size=\u00bb30&#8243; background_color=\u00bb#ffffff\u00bb use_border_color=\u00bboff\u00bb border_color=\u00bb#ffffff\u00bb border_width=\u00bb1px\u00bb border_style=\u00bbsolid\u00bb custom_padding=\u00bb30px||30px|\u00bb disabled=\u00bboff\u00bb] [\/et_pb_blurb][et_pb_text admin_label=\u00bbTexto\u00bb background_layout=\u00bblight\u00bb text_orientation=\u00bbleft\u00bb background_color=\u00bb#ffffff\u00bb use_border_color=\u00bboff\u00bb border_color=\u00bb#ffffff\u00bb border_style=\u00bbsolid\u00bb custom_padding=\u00bb30px|50px|30px|50px\u00bb]<\/p>\n<h1 style=\"text-align: center;\"><strong>BASES<img loading=\"lazy\" decoding=\"async\" class=\"alignright wp-image-606\" src=\"http:\/\/puenteromano.net\/wp-content\/uploads\/2016\/12\/Cartel-Concurso-EG-212x300.jpg\" width=\"300\" height=\"425\" srcset=\"https:\/\/puenteromano.net\/wp-content\/uploads\/2016\/12\/Cartel-Concurso-EG-212x300.jpg 212w, https:\/\/puenteromano.net\/wp-content\/uploads\/2016\/12\/Cartel-Concurso-EG.jpg 600w\" sizes=\"(max-width: 300px) 100vw, 300px\" \/><\/strong><\/h1>\n<p>&nbsp;<\/p>\n<p>1. El premio adopta como referencia la novela de Elena Garro \u201cLa casa junto al r\u00edo\u201d.<\/p>\n<p>2. Podr\u00e1n participar, en su correspondiente categor\u00eda, todos los <strong>alumnos del IES Rey Pelayo, matriculados en el curso 2016 -17<\/strong>.<\/p>\n<p>3. El concurso presenta dos modalidades:<\/p>\n<p>I.\u00a0<strong><i>Literaria<\/i><\/strong>: con dos categor\u00edas:<br \/>\na) ESO<br \/>\nb) Bachillerato y CC. FF.<\/p>\n<p>II.\u00a0<strong><i>Ensayo e investigaci\u00f3n<\/i><\/strong>. Dirigido exclusivamente a los alumnos matriculados en Bachillerato y CC. FF.<\/p>\n<p>4. Las obras participantes deber\u00e1n ser\u00a0<b>originales e in\u00e9ditas<\/b>\u00a0y no haber sido presentadas en otro concurso o certamen.<\/p>\n<p>5. La participaci\u00f3n en este concurso conlleva la aceptaci\u00f3n de todas y cada una de las bases que se detallan y las obras que no las cumplan ser\u00e1n excluidas.<\/p>\n<p>I.\u00a0<b>MODALIDAD \u201cLITERARIA\u201d<\/b>:<\/p>\n<ul>\n<li>Dos categor\u00edas (a. ESO y b. Bachillerato \u2013 Ciclos Formativos).<\/li>\n<li>Tema: el relato o narraci\u00f3n habr\u00e1 de estar relacionado con la escritora, su vida o su obra (contenidos, paisajes, evocaciones, etc.)<\/li>\n<li>Las narraciones alcanzar\u00e1n, como m\u00e1ximo, 1000 palabras.<\/li>\n<li>El original deber\u00e1 estar mecanografiado a doble espacio, con letra Times New Roman, a 12 puntos, en documento a tama\u00f1o DIN A-4, por una sola cara, respetando unos m\u00e1rgenes y encabezados no inferiores a los 2,5 cm y un interlineado de 1,5.<\/li>\n<\/ul>\n<p><b>Procedimiento de entrega (modalidad \u00abLiteraria\u00bb)<\/b>:<\/p>\n<ul>\n<li>Los textos se enviar\u00e1n por\u00a0<b>correo electr\u00f3nico<\/b>\u00a0a la siguiente direcci\u00f3n: (<b>premioelenagarro@gmail.com<\/b>) con dos archivos adjuntos. En\u00a0<b>uno<\/b>\u00a0de ellos se alojar\u00e1 el\u00a0<b>texto y t\u00edtulo, sin identificaci\u00f3n ni firma alguna<\/b>. En el\u00a0<b>otro<\/b>, aparecer\u00e1n los\u00a0<b>datos del autor\u00a0<\/b>(nombre, DNI y Curso-Grupo<b>) y el t\u00edtulo de su narraci\u00f3n<\/b>.<\/li>\n<li>En el\u00a0<b>asunto<\/b>\u00a0figurar\u00e1 la\u00a0<b>modalidad<\/b>\u00a0en la que participa (Literaria) y la categor\u00eda (ESO o Bachillerato \u2013 Ciclos formativos.<\/li>\n<\/ul>\n<p>II.\u00a0<b>MODALIDAD \u201cENSAYO E INVESTIGACI\u00d3N\u201d<\/b>:<\/p>\n<ul>\n<li>Categor\u00eda \u00fanica (Bachillerato \u2013 Ciclos Formativos).<\/li>\n<li>Tema: ensayo o investigaci\u00f3n relacionados\u00a0con la autora y la vinculaci\u00f3n o estancia en la ciudad de Cangas de On\u00eds que se reconoce en la novela \u201c<i>La casa junto al r\u00edo<\/i>\u201d.<\/li>\n<li>Extensi\u00f3n: m\u00e1ximo 1500 palabras (sin contar pies de fotos o ilustraciones).<\/li>\n<li>Las ilustraciones o im\u00e1genes habr\u00e1n de ser in\u00e9ditas (no publicadas en papel o en Internet).<\/li>\n<li>Mientras que el texto ser\u00e1 exclusivamente del alumno\/a participante, las ilustraciones, im\u00e1genes o dibujos, en cambio, podr\u00e1n ser realizados por otras personas.<\/li>\n<\/ul>\n<p><b>Procedimiento de entrega (modalidad \u00abEnsayo-Investigaci\u00f3n\u00bb)<\/b>:<\/p>\n<ul>\n<li>Presentaci\u00f3n: en formato DIN A-3, apaisado, con la debida maquetaci\u00f3n e integraci\u00f3n de t\u00edtulos o encabezamientos, textos e ilustraciones, con vista a su posterior y posible publicaci\u00f3n y exposici\u00f3n.<\/li>\n<li>Los trabajos se enviar\u00e1n por\u00a0<b>correo electr\u00f3nico<\/b>\u00a0a la siguiente direcci\u00f3n: (<b>premioelenagarro@gmail.com<\/b>) con dos archivos adjuntos. En\u00a0<b>uno<\/b>\u00a0de ellos se alojar\u00e1 el\u00a0<b>texto, titulado y maquetado en el formato indicado (DIN A-3 apaisado), sin identificaci\u00f3n ni firma alguna<\/b>. En el\u00a0<b>otro<\/b>, aparecer\u00e1n los\u00a0<b>datos del autor\u00a0<\/b>(nombre, DNI y Curso-Grupo<b>) y el t\u00edtulo\u00a0<\/b>de su ensayo o trabajo de investigaci\u00f3n.<\/li>\n<li>El<b>\u00a0plazo de admisi\u00f3n de originales<\/b>\u00a0finalizar\u00e1 a las 23:59 horas del martes 20 de febrero de 2017.<\/li>\n<\/ul>\n<p>6.\u00a0<b>PREMIOS<\/b>.\u00a0Sufragados por aportaciones del Instituto de M\u00e9xico (Agregadur\u00eda Cultural de la Embajada de M\u00e9xico), Ayuntamiento de Cangas de On\u00eds e Instituto \u201cRey Pelayo\u201d, se concretar\u00e1n de la siguiente forma atendiendo a la modalidad y las categor\u00edas:<\/p>\n<p><b>Un premio<\/b>\u00a0para la modalidad de \u201cEnsayo\u201d.\u00a0<b>Dos premios<\/b>\u00a0para la modalidad \u201cLiteraria\u201d (uno para la categor\u00eda de ESO y otro para la de Bachillerato y CC. FF.).\u00a0Cada uno de los premiados recibir\u00e1 un ordenador de tipo tableta.<\/p>\n<p>Cuando las obras presentadas en una categor\u00eda o modalidad no re\u00fanan la calidad necesaria, el premio podr\u00e1 declararse desierto.<\/p>\n<p>7.\u00a0<b>JURADO.\u00a0<\/b>D. Francisco J. Campo Salceda (profesor del IES \u201cRey Pelayo\u201d), un representante del Ayuntamiento de Cangas de On\u00eds, un representante del Instituto de M\u00e9xico (Agregadur\u00eda Cultural de la Embajada de M\u00e9xico), D. Fernando E. Comas Vega (Vicepresidente\/Delegado para Asturias y Cantabria de ANIS), y D. Miguel \u00c1ngel Llavona Tuya (profesor del IES \u201cRey Pelayo) que actuar\u00e1 como secretario con voz, pero sin voto.<\/p>\n<p>El jurado definir\u00e1 los mecanismos para elegir al ganador.<\/p>\n<p>El jurado definir\u00e1 los criterios y mecanismos para elegir al ganador.<\/p>\n<p>8.\u00a0<b>FALLO.\u00a0<\/b>Tendr\u00e1 lugar a lo largo del mes de\u00a0<b>marzo del a\u00f1o 2017<\/b>\u00a0y ser\u00e1 inapelable.<\/p>\n<p>[\/et_pb_text][et_pb_cta admin_label=\u00bbLlamada a la acci\u00f3n\u00bb url_new_window=\u00bbon\u00bb button_text=\u00bbDescargar las bases en PDF\u00bb use_background_color=\u00bboff\u00bb background_color=\u00bb#7EBEC5&#8243; background_layout=\u00bbdark\u00bb text_orientation=\u00bbcenter\u00bb use_border_color=\u00bboff\u00bb border_color=\u00bb#ffffff\u00bb border_style=\u00bbsolid\u00bb custom_button=\u00bboff\u00bb button_letter_spacing=\u00bb0&#8243; button_use_icon=\u00bbdefault\u00bb button_icon_placement=\u00bbright\u00bb button_on_hover=\u00bbon\u00bb button_letter_spacing_hover=\u00bb0&#8243; button_url=\u00bbhttp:\/\/puenteromano.net\/wp-content\/uploads\/2017\/01\/Bases-del-Concurso-Literario-EG.pdf\u00bb] [\/et_pb_cta][\/et_pb_column][\/et_pb_row][\/et_pb_section]<\/p>\n","protected":false},"excerpt":{"rendered":"<p>BASES &nbsp; 1. El premio adopta como referencia la novela de Elena Garro \u201cLa casa junto al r\u00edo\u201d. 2. Podr\u00e1n participar, en su correspondiente categor\u00eda, todos los alumnos del IES Rey Pelayo, matriculados en el curso 2016 -17. 3. El concurso presenta dos modalidades: I.\u00a0Literaria: con dos categor\u00edas: a) ESO b) Bachillerato y CC. FF. [&hellip;]<\/p>\n","protected":false},"author":1,"featured_media":0,"parent":0,"menu_order":0,"comment_status":"closed","ping_status":"closed","template":"page-template-blank.php","meta":{"_et_pb_use_builder":"on","_et_pb_old_content":"","_et_gb_content_width":"","footnotes":""},"class_list":["post-496","page","type-page","status-publish","hentry"],"_links":{"self":[{"href":"https:\/\/puenteromano.net\/index.php\/wp-json\/wp\/v2\/pages\/496","targetHints":{"allow":["GET"]}}],"collection":[{"href":"https:\/\/puenteromano.net\/index.php\/wp-json\/wp\/v2\/pages"}],"about":[{"href":"https:\/\/puenteromano.net\/index.php\/wp-json\/wp\/v2\/types\/page"}],"author":[{"embeddable":true,"href":"https:\/\/puenteromano.net\/index.php\/wp-json\/wp\/v2\/users\/1"}],"replies":[{"embeddable":true,"href":"https:\/\/puenteromano.net\/index.php\/wp-json\/wp\/v2\/comments?post=496"}],"version-history":[{"count":43,"href":"https:\/\/puenteromano.net\/index.php\/wp-json\/wp\/v2\/pages\/496\/revisions"}],"predecessor-version":[{"id":619,"href":"https:\/\/puenteromano.net\/index.php\/wp-json\/wp\/v2\/pages\/496\/revisions\/619"}],"wp:attachment":[{"href":"https:\/\/puenteromano.net\/index.php\/wp-json\/wp\/v2\/media?parent=496"}],"curies":[{"name":"wp","href":"https:\/\/api.w.org\/{rel}","templated":true}]}}