{"id":5167,"date":"2022-09-15T10:25:47","date_gmt":"2022-09-15T10:25:47","guid":{"rendered":"https:\/\/puenteromano.net\/?page_id=5167"},"modified":"2025-11-15T12:53:09","modified_gmt":"2025-11-15T12:53:09","slug":"3o-eso-valores","status":"publish","type":"page","link":"https:\/\/puenteromano.net\/index.php\/3o-eso-valores\/","title":{"rendered":"3\u00ba ESO, Valores"},"content":{"rendered":"<p>[et_pb_section fb_built=\u00bb1&#8243; inner_shadow=\u00bbon\u00bb fullwidth=\u00bbon\u00bb custom_padding_last_edited=\u00bbon|desktop\u00bb admin_label=\u00bbsection\u00bb _builder_version=\u00bb4.18.0&#8243; background_color=\u00bb#0C71C3&#8243; custom_padding_tablet=\u00bb50px|0|50px|0&#8243; custom_padding_phone=\u00bb\u00bb padding_mobile=\u00bboff\u00bb global_colors_info=\u00bb{}\u00bb][et_pb_fullwidth_header title=\u00bb3\u00ba ESO, Valores \u00e9ticos\u00bb subhead=\u00bbG.B.\u00bb admin_label=\u00bbFullwidth Header\u00bb _builder_version=\u00bb4.27.2&#8243; background_color=\u00bb#0C71C3&#8243; global_colors_info=\u00bb{}\u00bb button_one_text_size__hover_enabled=\u00bboff\u00bb button_one_text_size__hover=\u00bbnull\u00bb button_two_text_size__hover_enabled=\u00bboff\u00bb button_two_text_size__hover=\u00bbnull\u00bb button_one_text_color__hover_enabled=\u00bboff\u00bb button_one_text_color__hover=\u00bbnull\u00bb button_two_text_color__hover_enabled=\u00bboff\u00bb button_two_text_color__hover=\u00bbnull\u00bb button_one_border_width__hover_enabled=\u00bboff\u00bb button_one_border_width__hover=\u00bbnull\u00bb button_two_border_width__hover_enabled=\u00bboff\u00bb button_two_border_width__hover=\u00bbnull\u00bb button_one_border_color__hover_enabled=\u00bboff\u00bb button_one_border_color__hover=\u00bbnull\u00bb button_two_border_color__hover_enabled=\u00bboff\u00bb button_two_border_color__hover=\u00bbnull\u00bb button_one_border_radius__hover_enabled=\u00bboff\u00bb button_one_border_radius__hover=\u00bbnull\u00bb button_two_border_radius__hover_enabled=\u00bboff\u00bb button_two_border_radius__hover=\u00bbnull\u00bb button_one_letter_spacing__hover_enabled=\u00bboff\u00bb button_one_letter_spacing__hover=\u00bbnull\u00bb button_two_letter_spacing__hover_enabled=\u00bboff\u00bb button_two_letter_spacing__hover=\u00bbnull\u00bb button_one_bg_color__hover_enabled=\u00bboff\u00bb button_one_bg_color__hover=\u00bbnull\u00bb button_two_bg_color__hover_enabled=\u00bboff\u00bb button_two_bg_color__hover=\u00bbnull\u00bb][\/et_pb_fullwidth_header][\/et_pb_section][et_pb_section fb_built=\u00bb1&#8243; specialty=\u00bbon\u00bb admin_label=\u00bbsection\u00bb _builder_version=\u00bb4.16&#8243; global_colors_info=\u00bb{}\u00bb][et_pb_column type=\u00bb3_4&#8243; specialty_columns=\u00bb3&#8243; _builder_version=\u00bb4.16&#8243; custom_padding=\u00bb|||\u00bb global_colors_info=\u00bb{}\u00bb parallax__hover=\u00bboff\u00bb parallax_method__hover=\u00bbon\u00bb custom_padding__hover=\u00bb|||\u00bb][et_pb_row_inner _builder_version=\u00bb4.16&#8243; global_colors_info=\u00bb{}\u00bb][et_pb_column_inner saved_specialty_column_type=\u00bb3_4&#8243; _builder_version=\u00bb4.16&#8243; custom_padding=\u00bb|||\u00bb global_colors_info=\u00bb{}\u00bb parallax__hover=\u00bboff\u00bb parallax_method__hover=\u00bbon\u00bb custom_padding__hover=\u00bb|||\u00bb][et_pb_text admin_label=\u00bbText\u00bb _builder_version=\u00bb4.27.2&#8243; background_size=\u00bbinitial\u00bb background_position=\u00bbtop_left\u00bb background_repeat=\u00bbrepeat\u00bb saved_tabs=\u00bball\u00bb global_colors_info=\u00bb{}\u00bb]<\/p>\n<h2>CURSO 2024-2025<\/h2>\n<p>&nbsp;<\/p>\n<p>[\/et_pb_text][et_pb_accordion _builder_version=\u00bb4.27.3&#8243; global_colors_info=\u00bb{}\u00bb][et_pb_accordion_item title=\u00bbPRIMERA EVALUACI\u00d3N\u00bb open=\u00bbon\u00bb _builder_version=\u00bb4.27.3&#8243; _module_preset=\u00bbdefault\u00bb global_colors_info=\u00bb{}\u00bb]<\/p>\n<p style=\"padding-left: 80px;\"><b>Bloque A. Autonocimiento y autonom\u00eda moral<\/b><\/p>\n<p><b><\/b><\/p>\n<p><a href=\"https:\/\/puenteromano.net\/wp-content\/uploads\/2023\/09\/UD-1.-VALORES.pdf\" target=\"_blank\" rel=\"noopener\"><b>1.1 Los valores<\/b><\/a><\/p>\n<p>Texto: <a href=\"https:\/\/puenteromano.net\/wp-content\/uploads\/2024\/09\/Socrates-en-el-establo.pdf\" target=\"_blank\" rel=\"noopener\">S\u00f3crates en el establo<\/a><\/p>\n<p>Actividades: <a href=\"https:\/\/puenteromano.net\/wp-content\/uploads\/2024\/09\/Actividades-Valores3.pdf\" target=\"_blank\" rel=\"noopener\">1, 2 y 3<\/a><\/p>\n<p><strong>1.2 \u00c9tica y moral<\/strong>. <a href=\"https:\/\/www.joseantoniomarina.net\/articulos-en-prensa\/la-moral-y-la-etica\/\" target=\"_blank\" rel=\"noopener\">Art\u00edculo de Jos\u00e9 Antonio Marina<\/a><\/p>\n<p><strong><a href=\"https:\/\/franciscomartintorres.wordpress.com\/2022\/10\/26\/normas-morales-4\/\" target=\"_blank\" rel=\"noopener\">1.3 Normas\u00a0<\/a><\/strong><\/p>\n<p>1.3.1 La utilidad de las normas. <a href=\"https:\/\/youtu.be\/61TNUTJxpnM?si=-BkdBGzyrOGNZaws\" target=\"_blank\" rel=\"noopener\">Usa protector solar<\/a>: Mary Schmich y su columna en el Chicago Tribune. <a href=\"https:\/\/puenteromano.net\/wp-content\/uploads\/2023\/11\/Usa-proteccion-solar-1.pdf\" target=\"_blank\" rel=\"noopener\">Texto<\/a>.<\/p>\n<p>1.3.2 Religi\u00f3n y moral.<\/p>\n<p style=\"padding-left: 40px;\">El asesinato de Samuel Paty. <a href=\"https:\/\/es.wikipedia.org\/wiki\/Asesinato_de_Samuel_Paty\" target=\"_blank\" rel=\"noopener\">Wikipedia<\/a>.<\/p>\n<p style=\"padding-left: 40px;\"><a href=\"https:\/\/puenteromano.net\/wp-content\/uploads\/2016\/09\/La-cuesti\u00f3n-del-velo.pdf\" target=\"_blank\" rel=\"noopener\">La cuesti\u00f3n del velo<\/a><\/p>\n<p><strong><a href=\"https:\/\/puenteromano.net\/wp-content\/uploads\/2023\/10\/universalismo-relativismo.pptx\" target=\"_blank\" rel=\"noopener\">1.4 Universalismo y Relativismo<\/a><\/strong><\/p>\n<p><strong><\/strong><\/p>\n<p><strong>UD 2. Construyendo mi identidad. La Adolescencia<\/strong><\/p>\n<p>Construyendo la autonom\u00eda personal: actividad en clase<\/p>\n<p>La autonom\u00eda moral: <a href=\"https:\/\/puenteromano.net\/wp-content\/uploads\/2017\/01\/Autonomia-moral-Kant.pdf\" target=\"_blank\" rel=\"noopener\">Hubo un se\u00f1or que se llamaba Kant<\/a><\/p>\n<p>La empat\u00eda y la relaci\u00f3n con el otro<\/p>\n<ul>\n<li style=\"list-style-type: none;\">\n<ul>\n<li>el \u00abotro\u00bb no humano pero cercano. <span>Entre animales y humanos: los primates superiores.<\/span>\n<ul>\n<li><a href=\"https:\/\/puenteromano.net\/wp-content\/uploads\/2023\/04\/Koko-la-gorila.pdf\"><span>Koko, la gorila<\/span><\/a><\/li>\n<li><a href=\"https:\/\/youtu.be\/R14gZe8TeJw\" target=\"_blank\" rel=\"noopener\"><span>V\u00eddeo de Koko<\/span><\/a><\/li>\n<li>Tarea: elabora una peque\u00f1a lista de 5 observaciones sobre la conducta de la gorila que te hayan parecido pr\u00f3ximas o similares a la condici\u00f3n humana.<\/li>\n<\/ul>\n<\/li>\n<li>el otro humano:\n<ul>\n<li>La amistad: hacia una definici\u00f3n compartida. Textos de partida: <a href=\"https:\/\/puenteromano.net\/wp-content\/uploads\/2024\/10\/Amistad-personalidad-amor.pdf\" target=\"_blank\" rel=\"noopener\">Amistad, autoconocimiento y amor<\/a> en Marquerite Yourcenar<\/li>\n<li>Compa\u00f1eros\/as de clase<\/li>\n<li>La familia<\/li>\n<li>La pareja: \u00abEl encaje roto\u00bb (Cuento), de Emilia Pardo Baz\u00e1n. Tarea en clase (2 horas).<\/li>\n<\/ul>\n<\/li>\n<\/ul>\n<\/li>\n<\/ul>\n<p>Personalidad e identidad<\/p>\n<ul>\n<li>La adolescencia. <a href=\"https:\/\/puenteromano.net\/wp-content\/uploads\/2024\/11\/Adolescencia-segun-E.-Erikson.pdf\">El estadio adolescente<\/a>, seg\u00fan E. Erikson<\/li>\n<\/ul>\n<p>&nbsp;<\/p>\n<p>[\/et_pb_accordion_item][et_pb_accordion_item title=\u00bbSEGUNDA EVALUACI\u00d3N\u00bb _builder_version=\u00bb4.23.4&#8243; _module_preset=\u00bbdefault\u00bb global_colors_info=\u00bb{}\u00bb open=\u00bboff\u00bb]<\/p>\n<p><strong>Bloque 3: Moral y \u00e9tica.<\/strong><\/p>\n<p>CONTENIDOS<\/p>\n<ol><\/ol>\n<p><a href=\"http:\/\/www.xtec.cat\/~lvallmaj\/barrinou\/kanteti2.htm\" target=\"_blank\" rel=\"noopener\">Actividad 1<\/a><\/p>\n<p><a href=\"https:\/\/www.webdianoia.com\/tests\/moderna\/kant\/kant_autonomia.htm\" target=\"_blank\" rel=\"noopener\">Actividad 2<\/a><\/p>\n<p><a href=\"https:\/\/www.webdianoia.com\/tests\/moderna\/kant\/completa_1.htm\" target=\"_blank\" rel=\"noopener\">Actividad 3<\/a><\/p>\n<p><a href=\"https:\/\/www.paginasobrefilosofia.com\/html\/teoriaseticas\/eticakant\/QuestioCostumbres\/TestKant\/kant1.htm\" target=\"_blank\" rel=\"noopener\">Actividad 4<\/a><\/p>\n<p><a href=\"https:\/\/www.webdianoia.com\/tests\/moderna\/kant\/kant_valormoral.htm\" target=\"_blank\" rel=\"noopener\">Actividad 5<\/a><\/p>\n<p>___________\u00a0<\/p>\n<p>&nbsp;<\/p>\n<p>[\/et_pb_accordion_item][et_pb_accordion_item title=\u00bbTERCERA EVALUACI\u00d3N\u00bb _builder_version=\u00bb4.21.0&#8243; _module_preset=\u00bbdefault\u00bb global_colors_info=\u00bb{}\u00bb open=\u00bboff\u00bb]<\/p>\n<p>REPERCUSIONES \u00c9TICAS DE LAS CIENCIAS Y TECNOLOG\u00cdAS<\/p>\n<p>17 Junio<\/p>\n<p><a href=\"https:\/\/www.20minutos.es\/gonzoo\/noticia\/selfie-mujer-atropellada-tren-3358465\/0\/\" target=\"_blank\" rel=\"noopener\">Noticia 1<\/a><\/p>\n<p><a href=\"https:\/\/www.20minutos.es\/gonzoo\/noticia\/selfies-mortales-muerte-tras-foto-3292945\/0\/\" target=\"_blank\" rel=\"noopener\">Noticia 2<\/a><\/p>\n<p><a href=\"https:\/\/www.bookwidgets.com\/play\/dJfYgVIJ-iQAFoa3PAgAAA\/QC9D3QG\/ud-4-vce?teacher_id=5472787465502720\" target=\"_blank\" rel=\"noopener\">Actividad a<\/a><\/p>\n<p><a href=\"https:\/\/www.bookwidgets.com\/play\/4NRAlrfS-iQAFvIRuggAAA\/KC9K7KG\/ud-4-vce?teacher_id=5472787465502720\" target=\"_blank\" rel=\"noopener\">Actividad b<\/a><\/p>\n<p><a href=\"https:\/\/www.jigsawexplorer.com\/online-jigsaw-puzzle-player.html?url=aHR0cHM6Ly93d3cucHJveWVjdG9lZHVjYS5uZXQvdXBsb2Fkcy8zLzAvOC8zLzMwODM0NzY1L3N0dWRlbnRzLWhvbGRpbmctbmV0d29yay1ncmFwaGljLW92ZXJsYXktYmFubmVyX29yaWcuanBn&amp;nop=16\" target=\"_blank\" rel=\"noopener\">Actividad c<\/a><\/p>\n<p><a href=\"https:\/\/wordwall.net\/play\/38968\/344\/138\" target=\"_blank\" rel=\"noopener\">Actividad d<\/a><\/p>\n<p>&nbsp;<\/p>\n<p>&nbsp;<\/p>\n<p>&nbsp;<\/p>\n<p><a href=\"https:\/\/compromiso.atresmedia.com\/levanta-la-cabeza\/test\/\">Levanta la cabeza. Test<\/a><\/p>\n<p>&nbsp;<\/p>\n<p>&nbsp;<\/p>\n<p>GLOBALIZACI\u00d3N<\/p>\n<p><a href=\"https:\/\/www.xataka.com\/magnet\/17-graficos-para-ensenar-a-quien-todavia-no-crea-que-el-mundo-va-cada-vez-mejor\" target=\"_blank\" rel=\"noopener\">1.- 17 Mejoras que trae la globalizaci\u00f3n<\/a><\/p>\n<p><a href=\"https:\/\/actualidad.rt.com\/actualidad\/162138-11-graficos-demuestran-mundo-mejor\" target=\"_blank\" rel=\"noopener\">2.- 11 mejoras de la globalizaci\u00f3n<\/a><\/p>\n<p><a href=\"http:\/\/lapizarradeyuri.blogspot.com\/2010\/03\/el-pasado-era-una-mierda.html\" target=\"_blank\" rel=\"noopener\">3.- Antes de la globalizaci\u00f3n se viv\u00eda peor<\/a><\/p>\n<p><a href=\"https:\/\/www.20minutos.es\/noticia\/220560\/0\/olvidado\/oro\/gris\/\" target=\"_blank\" rel=\"noopener\">4.- Art\u00edculo sobre el colt\u00e1n<\/a><\/p>\n<p><a href=\"https:\/\/www.lavozdegalicia.es\/noticia\/internacional\/2002\/02\/01\/claves-antiglobalizacion\/0003_100000011052.htm\" target=\"_blank\" rel=\"noopener\">5.-\u00a0Antiglobalizazi\u00f3n<\/a><\/p>\n<p><a href=\"https:\/\/es.wikipedia.org\/wiki\/Movimiento_antiglobalizaci%C3%B3n#:~:text=Condonaci%C3%B3n%20de%20la%20deuda%20externa,del%20Comercio%2C%20Banco%20Mundial).\" target=\"_blank\" rel=\"noopener\">6.- Movimiento antiglobalizaci\u00f3n<\/a><\/p>\n<p>[\/et_pb_accordion_item][\/et_pb_accordion][\/et_pb_column_inner][\/et_pb_row_inner][et_pb_row_inner column_structure=\u00bb1_2,1_2&#8243; _builder_version=\u00bb4.16&#8243; global_colors_info=\u00bb{}\u00bb][et_pb_column_inner type=\u00bb1_2&#8243; saved_specialty_column_type=\u00bb3_4&#8243; _builder_version=\u00bb4.16&#8243; custom_padding=\u00bb|||\u00bb global_colors_info=\u00bb{}\u00bb parallax__hover=\u00bboff\u00bb parallax_method__hover=\u00bbon\u00bb custom_padding__hover=\u00bb|||\u00bb][et_pb_text admin_label=\u00bbText\u00bb _builder_version=\u00bb4.16&#8243; background_size=\u00bbinitial\u00bb background_position=\u00bbtop_left\u00bb background_repeat=\u00bbrepeat\u00bb global_colors_info=\u00bb{}\u00bb]<\/p>\n<h3>Textos<\/h3>\n<p>[\/et_pb_text][\/et_pb_column_inner][et_pb_column_inner type=\u00bb1_2&#8243; saved_specialty_column_type=\u00bb3_4&#8243; _builder_version=\u00bb4.16&#8243; custom_padding=\u00bb|||\u00bb global_colors_info=\u00bb{}\u00bb parallax__hover=\u00bboff\u00bb parallax_method__hover=\u00bbon\u00bb custom_padding__hover=\u00bb|||\u00bb][et_pb_text admin_label=\u00bbText\u00bb _builder_version=\u00bb4.16&#8243; background_size=\u00bbinitial\u00bb background_position=\u00bbtop_left\u00bb background_repeat=\u00bbrepeat\u00bb global_colors_info=\u00bb{}\u00bb]<\/p>\n<h3>Pruebas<\/h3>\n<p>[\/et_pb_text][\/et_pb_column_inner][\/et_pb_row_inner][et_pb_row_inner column_structure=\u00bb1_3,1_3,1_3&#8243; _builder_version=\u00bb4.16&#8243; global_colors_info=\u00bb{}\u00bb][et_pb_column_inner type=\u00bb1_3&#8243; saved_specialty_column_type=\u00bb3_4&#8243; _builder_version=\u00bb4.16&#8243; custom_padding=\u00bb|||\u00bb global_colors_info=\u00bb{}\u00bb parallax__hover=\u00bboff\u00bb parallax_method__hover=\u00bbon\u00bb custom_padding__hover=\u00bb|||\u00bb][et_pb_text admin_label=\u00bbText\u00bb _builder_version=\u00bb4.16&#8243; background_size=\u00bbinitial\u00bb background_position=\u00bbtop_left\u00bb background_repeat=\u00bbrepeat\u00bb global_colors_info=\u00bb{}\u00bb]<\/p>\n<h4><a href=\"https:\/\/puenteromano.net\/wp-content\/uploads\/2016\/09\/CurriculoValoresEticosAsturias.pdf\" target=\"_blank\" rel=\"noopener noreferrer\">Programaci\u00f3n<\/a><\/h4>\n<p>[\/et_pb_text][\/et_pb_column_inner][et_pb_column_inner type=\u00bb1_3&#8243; saved_specialty_column_type=\u00bb3_4&#8243; _builder_version=\u00bb4.16&#8243; custom_padding=\u00bb|||\u00bb global_colors_info=\u00bb{}\u00bb parallax__hover=\u00bboff\u00bb parallax_method__hover=\u00bbon\u00bb custom_padding__hover=\u00bb|||\u00bb][et_pb_text admin_label=\u00bbText\u00bb _builder_version=\u00bb4.16&#8243; background_size=\u00bbinitial\u00bb background_position=\u00bbtop_left\u00bb background_repeat=\u00bbrepeat\u00bb global_colors_info=\u00bb{}\u00bb]<\/p>\n<h4>Criterios<\/h4>\n<p>[\/et_pb_text][\/et_pb_column_inner][et_pb_column_inner type=\u00bb1_3&#8243; saved_specialty_column_type=\u00bb3_4&#8243; _builder_version=\u00bb4.16&#8243; custom_padding=\u00bb|||\u00bb global_colors_info=\u00bb{}\u00bb parallax__hover=\u00bboff\u00bb parallax_method__hover=\u00bbon\u00bb custom_padding__hover=\u00bb|||\u00bb][et_pb_text admin_label=\u00bbText\u00bb _builder_version=\u00bb4.16&#8243; background_size=\u00bbinitial\u00bb background_position=\u00bbtop_left\u00bb background_repeat=\u00bbrepeat\u00bb global_colors_info=\u00bb{}\u00bb]<\/p>\n<h4>Avisos<\/h4>\n<p>[\/et_pb_text][\/et_pb_column_inner][\/et_pb_row_inner][\/et_pb_column][et_pb_column type=\u00bb1_4&#8243; _builder_version=\u00bb4.16&#8243; custom_padding=\u00bb|||\u00bb global_colors_info=\u00bb{}\u00bb parallax__hover=\u00bboff\u00bb parallax_method__hover=\u00bbon\u00bb custom_padding__hover=\u00bb|||\u00bb][et_pb_blurb title=\u00bbRecursos\u00bb _builder_version=\u00bb4.16&#8243; background_size=\u00bbinitial\u00bb background_position=\u00bbtop_left\u00bb background_repeat=\u00bbrepeat\u00bb global_colors_info=\u00bb{}\u00bb]<\/p>\n<p>\n&nbsp;<\/p>\n<p>[\/et_pb_blurb][et_pb_button button_text=\u00bbCRITERIOS DE EVALUACI\u00d3N\u00bb _builder_version=\u00bb4.27.4&#8243; _module_preset=\u00bbdefault\u00bb hover_enabled=\u00bb0&#8243; sticky_enabled=\u00bb0&#8243; button_url=\u00bbhttps:\/\/puenteromano.net\/wp-content\/uploads\/2025\/11\/3ESO_Valores-Eticos_-Criterios-de-evaluacion.pdf\u00bb][\/et_pb_button][et_pb_button button_url=\u00bbhttps:\/\/puenteromano.net\/wp-content\/uploads\/2017\/01\/Autonomia-moral-Kant.pdf\u00bb url_new_window=\u00bbon\u00bb button_text=\u00bbUn se\u00f1or aut\u00f3nomo: Kant\u00bb button_alignment=\u00bbleft\u00bb _builder_version=\u00bb4.22.2&#8243; custom_button=\u00bbon\u00bb button_text_size=\u00bb14&#8243; global_colors_info=\u00bb{}\u00bb button_text_size__hover_enabled=\u00bboff\u00bb button_text_size__hover=\u00bbnull\u00bb button_one_text_size__hover_enabled=\u00bboff\u00bb button_one_text_size__hover=\u00bbnull\u00bb button_two_text_size__hover_enabled=\u00bboff\u00bb button_two_text_size__hover=\u00bbnull\u00bb button_text_color__hover_enabled=\u00bboff\u00bb button_text_color__hover=\u00bbnull\u00bb button_one_text_color__hover_enabled=\u00bboff\u00bb button_one_text_color__hover=\u00bbnull\u00bb button_two_text_color__hover_enabled=\u00bboff\u00bb button_two_text_color__hover=\u00bbnull\u00bb button_border_width__hover_enabled=\u00bboff\u00bb button_border_width__hover=\u00bbnull\u00bb button_one_border_width__hover_enabled=\u00bboff\u00bb button_one_border_width__hover=\u00bbnull\u00bb button_two_border_width__hover_enabled=\u00bboff\u00bb button_two_border_width__hover=\u00bbnull\u00bb button_border_color__hover_enabled=\u00bboff\u00bb button_border_color__hover=\u00bbnull\u00bb button_one_border_color__hover_enabled=\u00bboff\u00bb button_one_border_color__hover=\u00bbnull\u00bb button_two_border_color__hover_enabled=\u00bboff\u00bb button_two_border_color__hover=\u00bbnull\u00bb button_border_radius__hover_enabled=\u00bboff\u00bb button_border_radius__hover=\u00bbnull\u00bb button_one_border_radius__hover_enabled=\u00bboff\u00bb button_one_border_radius__hover=\u00bbnull\u00bb button_two_border_radius__hover_enabled=\u00bboff\u00bb button_two_border_radius__hover=\u00bbnull\u00bb button_letter_spacing__hover_enabled=\u00bboff\u00bb button_letter_spacing__hover=\u00bbnull\u00bb button_one_letter_spacing__hover_enabled=\u00bboff\u00bb button_one_letter_spacing__hover=\u00bbnull\u00bb button_two_letter_spacing__hover_enabled=\u00bboff\u00bb button_two_letter_spacing__hover=\u00bbnull\u00bb button_bg_color__hover_enabled=\u00bboff\u00bb button_bg_color__hover=\u00bbnull\u00bb button_one_bg_color__hover_enabled=\u00bboff\u00bb button_one_bg_color__hover=\u00bbnull\u00bb button_two_bg_color__hover_enabled=\u00bboff\u00bb button_two_bg_color__hover=\u00bbnull\u00bb]<\/p>\n<p>\n&nbsp;<\/p>\n<p>[\/et_pb_button][et_pb_button button_url=\u00bbhttps:\/\/puenteromano.net\/wp-content\/uploads\/2017\/01\/Autonom\u00eda-y-sentimiento-moral.pdf\u00bb url_new_window=\u00bbon\u00bb button_text=\u00bbEl C\u00f3digo de Bushido\u00bb button_alignment=\u00bbleft\u00bb _builder_version=\u00bb4.22.2&#8243; custom_button=\u00bbon\u00bb button_text_size=\u00bb14&#8243; global_colors_info=\u00bb{}\u00bb button_text_size__hover_enabled=\u00bboff\u00bb button_text_size__hover=\u00bbnull\u00bb button_one_text_size__hover_enabled=\u00bboff\u00bb button_one_text_size__hover=\u00bbnull\u00bb button_two_text_size__hover_enabled=\u00bboff\u00bb button_two_text_size__hover=\u00bbnull\u00bb button_text_color__hover_enabled=\u00bboff\u00bb button_text_color__hover=\u00bbnull\u00bb button_one_text_color__hover_enabled=\u00bboff\u00bb button_one_text_color__hover=\u00bbnull\u00bb button_two_text_color__hover_enabled=\u00bboff\u00bb button_two_text_color__hover=\u00bbnull\u00bb button_border_width__hover_enabled=\u00bboff\u00bb button_border_width__hover=\u00bbnull\u00bb button_one_border_width__hover_enabled=\u00bboff\u00bb button_one_border_width__hover=\u00bbnull\u00bb button_two_border_width__hover_enabled=\u00bboff\u00bb button_two_border_width__hover=\u00bbnull\u00bb button_border_color__hover_enabled=\u00bboff\u00bb button_border_color__hover=\u00bbnull\u00bb button_one_border_color__hover_enabled=\u00bboff\u00bb button_one_border_color__hover=\u00bbnull\u00bb button_two_border_color__hover_enabled=\u00bboff\u00bb button_two_border_color__hover=\u00bbnull\u00bb button_border_radius__hover_enabled=\u00bboff\u00bb button_border_radius__hover=\u00bbnull\u00bb button_one_border_radius__hover_enabled=\u00bboff\u00bb button_one_border_radius__hover=\u00bbnull\u00bb button_two_border_radius__hover_enabled=\u00bboff\u00bb button_two_border_radius__hover=\u00bbnull\u00bb button_letter_spacing__hover_enabled=\u00bboff\u00bb button_letter_spacing__hover=\u00bbnull\u00bb button_one_letter_spacing__hover_enabled=\u00bboff\u00bb button_one_letter_spacing__hover=\u00bbnull\u00bb button_two_letter_spacing__hover_enabled=\u00bboff\u00bb button_two_letter_spacing__hover=\u00bbnull\u00bb button_bg_color__hover_enabled=\u00bboff\u00bb button_bg_color__hover=\u00bbnull\u00bb button_one_bg_color__hover_enabled=\u00bboff\u00bb button_one_bg_color__hover=\u00bbnull\u00bb button_two_bg_color__hover_enabled=\u00bboff\u00bb button_two_bg_color__hover=\u00bbnull\u00bb]<\/p>\n<p>\n&nbsp;<\/p>\n<p>[\/et_pb_button][et_pb_button button_url=\u00bbhttps:\/\/puenteromano.net\/wp-content\/uploads\/2023\/11\/Usa-proteccion-solar-1.pdf\u00bb url_new_window=\u00bbon\u00bb button_text=\u00bbUsa protecci\u00f3n solar\u00bb button_alignment=\u00bbleft\u00bb _builder_version=\u00bb4.23.1&#8243; custom_button=\u00bbon\u00bb button_text_size=\u00bb14&#8243; global_colors_info=\u00bb{}\u00bb button_text_size__hover_enabled=\u00bboff\u00bb button_text_size__hover=\u00bbnull\u00bb button_one_text_size__hover_enabled=\u00bboff\u00bb button_one_text_size__hover=\u00bbnull\u00bb button_two_text_size__hover_enabled=\u00bboff\u00bb button_two_text_size__hover=\u00bbnull\u00bb button_text_color__hover_enabled=\u00bboff\u00bb button_text_color__hover=\u00bbnull\u00bb button_one_text_color__hover_enabled=\u00bboff\u00bb button_one_text_color__hover=\u00bbnull\u00bb button_two_text_color__hover_enabled=\u00bboff\u00bb button_two_text_color__hover=\u00bbnull\u00bb button_border_width__hover_enabled=\u00bboff\u00bb button_border_width__hover=\u00bbnull\u00bb button_one_border_width__hover_enabled=\u00bboff\u00bb button_one_border_width__hover=\u00bbnull\u00bb button_two_border_width__hover_enabled=\u00bboff\u00bb button_two_border_width__hover=\u00bbnull\u00bb button_border_color__hover_enabled=\u00bboff\u00bb button_border_color__hover=\u00bbnull\u00bb button_one_border_color__hover_enabled=\u00bboff\u00bb button_one_border_color__hover=\u00bbnull\u00bb button_two_border_color__hover_enabled=\u00bboff\u00bb button_two_border_color__hover=\u00bbnull\u00bb button_border_radius__hover_enabled=\u00bboff\u00bb button_border_radius__hover=\u00bbnull\u00bb button_one_border_radius__hover_enabled=\u00bboff\u00bb button_one_border_radius__hover=\u00bbnull\u00bb button_two_border_radius__hover_enabled=\u00bboff\u00bb button_two_border_radius__hover=\u00bbnull\u00bb button_letter_spacing__hover_enabled=\u00bboff\u00bb button_letter_spacing__hover=\u00bbnull\u00bb button_one_letter_spacing__hover_enabled=\u00bboff\u00bb button_one_letter_spacing__hover=\u00bbnull\u00bb button_two_letter_spacing__hover_enabled=\u00bboff\u00bb button_two_letter_spacing__hover=\u00bbnull\u00bb button_bg_color__hover_enabled=\u00bboff\u00bb button_bg_color__hover=\u00bbnull\u00bb button_one_bg_color__hover_enabled=\u00bboff\u00bb button_one_bg_color__hover=\u00bbnull\u00bb button_two_bg_color__hover_enabled=\u00bboff\u00bb button_two_bg_color__hover=\u00bbnull\u00bb]<\/p>\n<p>\n&nbsp;<\/p>\n<p>[\/et_pb_button][\/et_pb_column][\/et_pb_section]<\/p>\n","protected":false},"excerpt":{"rendered":"<p>CURSO 2024-2025 &nbsp;Bloque A. Autonocimiento y autonom\u00eda moral 1.1 Los valores Texto: S\u00f3crates en el establo Actividades: 1, 2 y 3 1.2 \u00c9tica y moral. Art\u00edculo de Jos\u00e9 Antonio Marina 1.3 Normas\u00a0 1.3.1 La utilidad de las normas. Usa protector solar: Mary Schmich y su columna en el Chicago Tribune. Texto. 1.3.2 Religi\u00f3n y moral. [&hellip;]<\/p>\n","protected":false},"author":1,"featured_media":0,"parent":0,"menu_order":0,"comment_status":"closed","ping_status":"closed","template":"","meta":{"_et_pb_use_builder":"on","_et_pb_old_content":"","_et_gb_content_width":"","footnotes":""},"class_list":["post-5167","page","type-page","status-publish","hentry"],"_links":{"self":[{"href":"https:\/\/puenteromano.net\/index.php\/wp-json\/wp\/v2\/pages\/5167","targetHints":{"allow":["GET"]}}],"collection":[{"href":"https:\/\/puenteromano.net\/index.php\/wp-json\/wp\/v2\/pages"}],"about":[{"href":"https:\/\/puenteromano.net\/index.php\/wp-json\/wp\/v2\/types\/page"}],"author":[{"embeddable":true,"href":"https:\/\/puenteromano.net\/index.php\/wp-json\/wp\/v2\/users\/1"}],"replies":[{"embeddable":true,"href":"https:\/\/puenteromano.net\/index.php\/wp-json\/wp\/v2\/comments?post=5167"}],"version-history":[{"count":50,"href":"https:\/\/puenteromano.net\/index.php\/wp-json\/wp\/v2\/pages\/5167\/revisions"}],"predecessor-version":[{"id":6967,"href":"https:\/\/puenteromano.net\/index.php\/wp-json\/wp\/v2\/pages\/5167\/revisions\/6967"}],"wp:attachment":[{"href":"https:\/\/puenteromano.net\/index.php\/wp-json\/wp\/v2\/media?parent=5167"}],"curies":[{"name":"wp","href":"https:\/\/api.w.org\/{rel}","templated":true}]}}