{"id":6639,"date":"2024-09-13T06:49:39","date_gmt":"2024-09-13T06:49:39","guid":{"rendered":"https:\/\/puenteromano.net\/?page_id=6639"},"modified":"2025-04-19T11:12:20","modified_gmt":"2025-04-19T11:12:20","slug":"filosofia-1o-gb","status":"publish","type":"page","link":"https:\/\/puenteromano.net\/index.php\/filosofia-1o-gb\/","title":{"rendered":"Filosof\u00eda 1\u00ba GB"},"content":{"rendered":"<p>[et_pb_section fb_built=\u00bb1&#8243; inner_shadow=\u00bbon\u00bb fullwidth=\u00bbon\u00bb custom_padding_last_edited=\u00bbon|desktop\u00bb admin_label=\u00bbsection\u00bb _builder_version=\u00bb4.16&#8243; background_color=\u00bb#e02b20&#8243; custom_padding_tablet=\u00bb50px|0|50px|0&#8243; custom_padding_phone=\u00bb\u00bb padding_mobile=\u00bboff\u00bb global_colors_info=\u00bb{}\u00bb][et_pb_fullwidth_header title=\u00bbFilosof\u00eda\u00bb subhead=\u00bb1\u00ba de Bachillerato\u00bb admin_label=\u00bbFullwidth Header\u00bb _builder_version=\u00bb4.27.3&#8243; background_color=\u00bbrgba(255, 255, 255, 0)\u00bb link_option_url_new_window=\u00bbon\u00bb global_colors_info=\u00bb{}\u00bb button_one_text_size__hover_enabled=\u00bboff\u00bb button_one_text_size__hover=\u00bbnull\u00bb button_two_text_size__hover_enabled=\u00bboff\u00bb button_two_text_size__hover=\u00bbnull\u00bb button_one_text_color__hover_enabled=\u00bboff\u00bb button_one_text_color__hover=\u00bbnull\u00bb button_two_text_color__hover_enabled=\u00bboff\u00bb button_two_text_color__hover=\u00bbnull\u00bb button_one_border_width__hover_enabled=\u00bboff\u00bb button_one_border_width__hover=\u00bbnull\u00bb button_two_border_width__hover_enabled=\u00bboff\u00bb button_two_border_width__hover=\u00bbnull\u00bb button_one_border_color__hover_enabled=\u00bboff\u00bb button_one_border_color__hover=\u00bbnull\u00bb button_two_border_color__hover_enabled=\u00bboff\u00bb button_two_border_color__hover=\u00bbnull\u00bb button_one_border_radius__hover_enabled=\u00bboff\u00bb button_one_border_radius__hover=\u00bbnull\u00bb button_two_border_radius__hover_enabled=\u00bboff\u00bb button_two_border_radius__hover=\u00bbnull\u00bb button_one_letter_spacing__hover_enabled=\u00bboff\u00bb button_one_letter_spacing__hover=\u00bbnull\u00bb button_two_letter_spacing__hover_enabled=\u00bboff\u00bb button_two_letter_spacing__hover=\u00bbnull\u00bb button_one_bg_color__hover_enabled=\u00bboff\u00bb button_one_bg_color__hover=\u00bbnull\u00bb button_two_bg_color__hover_enabled=\u00bboff\u00bb button_two_bg_color__hover=\u00bbnull\u00bb][\/et_pb_fullwidth_header][\/et_pb_section][et_pb_section fb_built=\u00bb1&#8243; specialty=\u00bbon\u00bb custom_padding_last_edited=\u00bbon|desktop\u00bb admin_label=\u00bbsection\u00bb _builder_version=\u00bb4.16&#8243; custom_padding_tablet=\u00bb50px|0|50px|0&#8243; custom_padding_phone=\u00bb\u00bb padding_mobile=\u00bboff\u00bb locked=\u00bboff\u00bb global_colors_info=\u00bb{}\u00bb][et_pb_column type=\u00bb3_4&#8243; specialty_columns=\u00bb3&#8243; _builder_version=\u00bb4.16&#8243; custom_padding=\u00bb|||\u00bb global_colors_info=\u00bb{}\u00bb parallax__hover=\u00bboff\u00bb parallax_method__hover=\u00bbon\u00bb custom_padding__hover=\u00bb|||\u00bb][et_pb_row_inner padding_mobile=\u00bboff\u00bb column_padding_mobile=\u00bboff\u00bb _builder_version=\u00bb4.16&#8243; global_colors_info=\u00bb{}\u00bb][et_pb_column_inner saved_specialty_column_type=\u00bb3_4&#8243; _builder_version=\u00bb4.16&#8243; custom_padding=\u00bb|||\u00bb global_colors_info=\u00bb{}\u00bb column_padding_mobile__hover=\u00bboff\u00bb parallax__hover=\u00bboff\u00bb parallax_method__hover=\u00bbon\u00bb custom_padding__hover=\u00bb|||\u00bb][et_pb_text admin_label=\u00bbText\u00bb _builder_version=\u00bb4.27.4&#8243; saved_tabs=\u00bball\u00bb global_colors_info=\u00bb{}\u00bb]<\/p>\n<h2>Filosof\u00eda, 1\u00ba (Daniel)<\/h2>\n<p>[\/et_pb_text][et_pb_accordion _builder_version=\u00bb4.27.4&#8243; hover_enabled=\u00bb0&#8243; global_colors_info=\u00bb{}\u00bb sticky_enabled=\u00bb0&#8243;][et_pb_accordion_item title=\u00bbPRIMERA EVALUACI\u00d3N\u00bb _builder_version=\u00bb4.27.4&#8243; background_size=\u00bbinitial\u00bb background_position=\u00bbtop_left\u00bb background_repeat=\u00bbrepeat\u00bb global_colors_info=\u00bb{}\u00bb open=\u00bboff\u00bb]<\/p>\n<h3>Unidad 1: Historia de la filosof\u00eda<\/h3>\n<ul>\n<li><a href=\"https:\/\/puenteromano.net\/wp-content\/uploads\/2024\/12\/Apuntes-Tema-1.pdf\" rel=\"attachment wp-att-6852\">Apuntes de la unidad<\/a>.<\/li>\n<\/ul>\n<h3>Unidad 2: L\u00f3gica proposicional<\/h3>\n<ul>\n<li>Apuntes de la unidad: <a href=\"https:\/\/puenteromano.net\/wp-content\/uploads\/2024\/10\/La-logica-proposicional.pdf\" rel=\"attachment wp-att-6776\">la l\u00f3gica proposicional<\/a>.<\/li>\n<li>Apuntes de la unidad: <a href=\"https:\/\/puenteromano.net\/wp-content\/uploads\/2024\/10\/Deduccion-Natural.pdf\" rel=\"attachment wp-att-6775\">la deducci\u00f3n natural<\/a>.<\/li>\n<li><a href=\"https:\/\/puenteromano.net\/wp-content\/uploads\/2024\/10\/Ejercicios-Deduccion-Natural.pdf\" rel=\"attachment wp-att-6780\">Ejercicios de deducci\u00f3n natural<\/a>.<\/li>\n<\/ul>\n<p>[\/et_pb_accordion_item][et_pb_accordion_item title=\u00bbSEGUNDA EVALUACI\u00d3N\u00bb _builder_version=\u00bb4.27.4&#8243; _module_preset=\u00bbdefault\u00bb global_colors_info=\u00bb{}\u00bb open=\u00bboff\u00bb]<\/p>\n<h2>Unidad 3: Teor\u00eda del conocimiento<\/h2>\n<ul>\n<li><a href=\"https:\/\/puenteromano.net\/wp-content\/uploads\/2024\/12\/Apuntes-Tema-3.pdf\" rel=\"attachment wp-att-6853\">Apuntes de la unidad<\/a>.<\/li>\n<li><a href=\"https:\/\/puenteromano.net\/wp-content\/uploads\/2024\/12\/Por-que-creemos.pdf\" rel=\"attachment wp-att-6844\">Lectura obligatoria<\/a>.<\/li>\n<\/ul>\n<h2>Unidad 4: La verdad<\/h2>\n<ul>\n<li><a href=\"https:\/\/puenteromano.net\/wp-content\/uploads\/2025\/01\/Apuntes-Tema-4.pdf\" rel=\"attachment wp-att-6858\">Apuntes de la unidad<\/a>.<\/li>\n<li><a href=\"https:\/\/puenteromano.net\/wp-content\/uploads\/2025\/01\/MX-M283N_20250109_142435.pdf\" rel=\"attachment wp-att-6861\">Lectura obligatoria<\/a>.<\/li>\n<\/ul>\n<h2>Unidad 5: Metaf\u00edsica<\/h2>\n<ul>\n<li><a href=\"https:\/\/puenteromano.net\/wp-content\/uploads\/2025\/02\/Apuntes-Tema-5.pdf\" rel=\"attachment wp-att-6888\">Apuntes de la unidad<\/a>.<\/li>\n<\/ul>\n<p>[\/et_pb_accordion_item][et_pb_accordion_item title=\u00bbTERCERA EVALUACI\u00d3N\u00bb open=\u00bbon\u00bb _builder_version=\u00bb4.27.4&#8243; _module_preset=\u00bbdefault\u00bb hover_enabled=\u00bb0&#8243; global_colors_info=\u00bb{}\u00bb sticky_enabled=\u00bb0&#8243;]<\/p>\n<h2>Unidad 6: Antropolog\u00eda filos\u00f3fica<\/h2>\n<ul>\n<li><a href=\"https:\/\/puenteromano.net\/wp-content\/uploads\/2025\/03\/tema-7.-antropologia-filosc3b3fica-2.pdf\" rel=\"attachment wp-att-6899\"><\/a><a href=\"https:\/\/puenteromano.net\/wp-content\/uploads\/2025\/03\/tema-7.-antropologia-filosc3b3fica-2.pdf\" rel=\"attachment wp-att-6899\">Apuntes de la unidad<\/a> (Parte 1).<\/li>\n<li><a href=\"https:\/\/filco.es\/marx-nietzsche-freud-filosofos-sospecha\/\">Apuntes de la unidad<\/a> (Parte 2).<\/li>\n<\/ul>\n<p>[\/et_pb_accordion_item][\/et_pb_accordion][\/et_pb_column_inner][\/et_pb_row_inner][\/et_pb_column][et_pb_column type=\u00bb1_4&#8243; _builder_version=\u00bb4.16&#8243; custom_padding=\u00bb|||\u00bb global_colors_info=\u00bb{}\u00bb parallax__hover=\u00bboff\u00bb parallax_method__hover=\u00bbon\u00bb custom_padding__hover=\u00bb|||\u00bb][et_pb_accordion _builder_version=\u00bb4.27.0&#8243; _module_preset=\u00bbdefault\u00bb global_colors_info=\u00bb{}\u00bb][et_pb_accordion_item title=\u00bbCriterios\u00bb open=\u00bbon\u00bb _builder_version=\u00bb4.27.0&#8243; _module_preset=\u00bbdefault\u00bb global_colors_info=\u00bb{}\u00bb][\/et_pb_accordion_item][et_pb_accordion_item title=\u00bbCriterios 1\u00aa Ev.\u00bb _builder_version=\u00bb4.23.1&#8243; _module_preset=\u00bbdefault\u00bb global_colors_info=\u00bb{}\u00bb open=\u00bboff\u00bb]<\/p>\n<p><strong>Criterios y ponderaci\u00f3n: 1\u00aa Evaluaci\u00f3n<\/strong><\/p>\n<ul>\n<li>Competencia espec\u00edfica 2.1: Conocimiento pr\u00e1ctico de los procedimientos elementales de la investigaci\u00f3n filos\u00f3fica atrav\u00e9s de medios escritos:\u00a0<strong>Esquematizaci\u00f3n: 5% (de 15%)<\/strong><\/li>\n<li>Competencia espec\u00edfica 3.2. Detectar falacias y sesgos explicando su naturaleza y mecanismos:\u00a0<strong>Filosof\u00eda de la Sospecha (prueba): 2,5%.<\/strong><\/li>\n<li>Competencia espec\u00edfica 3.3. Respeto a la pluralidad y rechazo de toda actitud discriminatoria o arbitraria: <strong>Etnias y culturas.<\/strong>\u00a0<strong>Olas feministas (prueba): 2,5%.<\/strong><\/li>\n<li>Competencia espec\u00edfica 4.1. Intercambio de ideas a trav\u00e9s de la participaci\u00f3n en actividades grupales y el ejercicio del di\u00e1logo: <strong>Trabajo en clase: 5%<\/strong><\/li>\n<li>Competencia espec\u00edfica 6.1. Pensamiento filos\u00f3fico: identificaci\u00f3n y an\u00e1lisis de las principales ideas y teor\u00edas filos\u00f3ficas, poni\u00e9ndolas en relaci\u00f3n con experiencias, acciones o acontecimientos comunes y de actualidad. <strong>Plat\u00f3n, alegor\u00eda de La Caverna (prueba): 2,5%. Pel\u00edcula \u00abEl Agua\u00bb: 5%.<\/strong><\/li>\n<li>Competencia espec\u00edfica 6.2. Ydeas y teor\u00edas filos\u00f3ficas de algunos de los m\u00e1s importantes pensadores y pensadoras de la historia:\u00a0<strong>Presocr\u00e1ticos, Plat\u00f3n, Filosofia medieval, Teor\u00edas del Conocimiento en la Modernidad (prueba): 5% (de 7,5%)<\/strong><\/li>\n<li>Competencia espec\u00edfica 7.1. Afrontar cuestiones y problemas complejos de car\u00e1cter fundamental y de actualidad de modo interdisciplinar. <strong>La Filosof\u00eda en los siglos XX y XXI (prueba): 10%\u00a0<\/strong><\/li>\n<\/ul>\n<p>[\/et_pb_accordion_item][et_pb_accordion_item title=\u00bbCriterios 2\u00aa Ev.\u00bb _builder_version=\u00bb4.22.1&#8243; _module_preset=\u00bbdefault\u00bb global_colors_info=\u00bb{}\u00bb open=\u00bboff\u00bb]<\/p>\n<p><strong>Porcentajes 2\u00aa Evaluaci\u00f3n<\/strong><\/p>\n<ul>\n<li>10% Trabajo en clase<\/li>\n<li>10% Entrega del Trabajo de Investigaci\u00f3n<\/li>\n<\/ul>\n<p>[\/et_pb_accordion_item][et_pb_accordion_item title=\u00bbCriterios 3\u00aa Ev.\u00bb _builder_version=\u00bb4.22.1&#8243; _module_preset=\u00bbdefault\u00bb global_colors_info=\u00bb{}\u00bb open=\u00bboff\u00bb]<\/p>\n<ul>\n<li>Trabajo en clase: 10%<\/li>\n<\/ul>\n<p>&nbsp;<\/p>\n<p>[\/et_pb_accordion_item][\/et_pb_accordion][et_pb_blurb title=\u00bbRecursos\u00bb _builder_version=\u00bb4.27.0&#8243; background_size=\u00bbinitial\u00bb background_position=\u00bbtop_left\u00bb background_repeat=\u00bbrepeat\u00bb global_colors_info=\u00bb{}\u00bb]<\/p>\n<p>Investigaci\u00f3n patrimonial: <a href=\"https:\/\/puenteromano.net\/index.php\/2017\/01\/16\/hoja-de-registro-ejercicio\/\" target=\"_blank\" rel=\"noopener\">hoja de registro<\/a><\/p>\n<p><a href=\"https:\/\/puenteromano.net\/wp-content\/uploads\/2024\/09\/1.-Logica-Propos.-Tablas-y-reglas.pdf\" target=\"_blank\" rel=\"noopener\">L\u00f3gica de Proposiciones<\/a><\/p>\n<p><a href=\"https:\/\/puenteromano.net\/wp-content\/uploads\/2024\/04\/2.-Logica-de-Clases.-Diagramas.pdf\">L\u00f3gica de Clases<\/a><\/p>\n<p><a href=\"https:\/\/puenteromano.net\/wp-content\/uploads\/2023\/09\/Filosofos-y-Filosofas-en-el-tiempo.png\" target=\"_blank\" rel=\"noopener noreferrer\">Fil\u00f3sofos\/as en el tiempo<\/a><\/p>\n<p><a href=\"https:\/\/puenteromano.net\/wp-content\/uploads\/2016\/09\/MitodelMinotauro.pdf\" target=\"_blank\" rel=\"noopener noreferrer\">El Minotauro y El Laberinto<\/a><\/p>\n<p><a href=\"https:\/\/puenteromano.net\/wp-content\/uploads\/2016\/09\/FilosofiadelaSospechaprofundizacion.pdf\" target=\"_blank\" rel=\"noopener noreferrer\">Filosof\u00eda de la Sospecha<\/a><\/p>\n<p><a href=\"https:\/\/puenteromano.net\/wp-content\/uploads\/2016\/09\/FisicayFilosofia.pdf\" target=\"_blank\" rel=\"noopener noreferrer\">F\u00edsica y Filosof\u00eda<\/a><\/p>\n<p>[\/et_pb_blurb][et_pb_button button_url=\u00bbhttps:\/\/puenteromano.net\/index.php\/trabajo-de-curso\/\u00bb button_text=\u00bbTrabajos, normas\u00bb button_alignment=\u00bbleft\u00bb _builder_version=\u00bb4.16&#8243; custom_button=\u00bbon\u00bb button_text_size=\u00bb14&#8243; global_colors_info=\u00bb{}\u00bb button_text_size__hover_enabled=\u00bboff\u00bb button_text_size__hover=\u00bbnull\u00bb button_one_text_size__hover_enabled=\u00bboff\u00bb button_one_text_size__hover=\u00bbnull\u00bb button_two_text_size__hover_enabled=\u00bboff\u00bb button_two_text_size__hover=\u00bbnull\u00bb button_text_color__hover_enabled=\u00bboff\u00bb button_text_color__hover=\u00bbnull\u00bb button_one_text_color__hover_enabled=\u00bboff\u00bb button_one_text_color__hover=\u00bbnull\u00bb button_two_text_color__hover_enabled=\u00bboff\u00bb button_two_text_color__hover=\u00bbnull\u00bb button_border_width__hover_enabled=\u00bboff\u00bb button_border_width__hover=\u00bbnull\u00bb button_one_border_width__hover_enabled=\u00bboff\u00bb button_one_border_width__hover=\u00bbnull\u00bb button_two_border_width__hover_enabled=\u00bboff\u00bb button_two_border_width__hover=\u00bbnull\u00bb button_border_color__hover_enabled=\u00bboff\u00bb button_border_color__hover=\u00bbnull\u00bb button_one_border_color__hover_enabled=\u00bboff\u00bb button_one_border_color__hover=\u00bbnull\u00bb button_two_border_color__hover_enabled=\u00bboff\u00bb button_two_border_color__hover=\u00bbnull\u00bb button_border_radius__hover_enabled=\u00bboff\u00bb button_border_radius__hover=\u00bbnull\u00bb button_one_border_radius__hover_enabled=\u00bboff\u00bb button_one_border_radius__hover=\u00bbnull\u00bb button_two_border_radius__hover_enabled=\u00bboff\u00bb button_two_border_radius__hover=\u00bbnull\u00bb button_letter_spacing__hover_enabled=\u00bboff\u00bb button_letter_spacing__hover=\u00bbnull\u00bb button_one_letter_spacing__hover_enabled=\u00bboff\u00bb button_one_letter_spacing__hover=\u00bbnull\u00bb button_two_letter_spacing__hover_enabled=\u00bboff\u00bb button_two_letter_spacing__hover=\u00bbnull\u00bb button_bg_color__hover_enabled=\u00bboff\u00bb button_bg_color__hover=\u00bbnull\u00bb button_one_bg_color__hover_enabled=\u00bboff\u00bb button_one_bg_color__hover=\u00bbnull\u00bb button_two_bg_color__hover_enabled=\u00bboff\u00bb button_two_bg_color__hover=\u00bbnull\u00bb]<\/p>\n<p>\n&nbsp;<\/p>\n<p>[\/et_pb_button][et_pb_button button_url=\u00bbhttps:\/\/puenteromano.net\/wp-content\/uploads\/2017\/06\/Filosofia-rec-global-minimos-1617.pdf\u00bb url_new_window=\u00bbon\u00bb button_text=\u00bbContenidos m\u00ednimos\u00bb button_alignment=\u00bbleft\u00bb _builder_version=\u00bb4.16&#8243; custom_button=\u00bbon\u00bb button_text_size=\u00bb14&#8243; global_colors_info=\u00bb{}\u00bb button_text_size__hover_enabled=\u00bboff\u00bb button_text_size__hover=\u00bbnull\u00bb button_one_text_size__hover_enabled=\u00bboff\u00bb button_one_text_size__hover=\u00bbnull\u00bb button_two_text_size__hover_enabled=\u00bboff\u00bb button_two_text_size__hover=\u00bbnull\u00bb button_text_color__hover_enabled=\u00bboff\u00bb button_text_color__hover=\u00bbnull\u00bb button_one_text_color__hover_enabled=\u00bboff\u00bb button_one_text_color__hover=\u00bbnull\u00bb button_two_text_color__hover_enabled=\u00bboff\u00bb button_two_text_color__hover=\u00bbnull\u00bb button_border_width__hover_enabled=\u00bboff\u00bb button_border_width__hover=\u00bbnull\u00bb button_one_border_width__hover_enabled=\u00bboff\u00bb button_one_border_width__hover=\u00bbnull\u00bb button_two_border_width__hover_enabled=\u00bboff\u00bb button_two_border_width__hover=\u00bbnull\u00bb button_border_color__hover_enabled=\u00bboff\u00bb button_border_color__hover=\u00bbnull\u00bb button_one_border_color__hover_enabled=\u00bboff\u00bb button_one_border_color__hover=\u00bbnull\u00bb button_two_border_color__hover_enabled=\u00bboff\u00bb button_two_border_color__hover=\u00bbnull\u00bb button_border_radius__hover_enabled=\u00bboff\u00bb button_border_radius__hover=\u00bbnull\u00bb button_one_border_radius__hover_enabled=\u00bboff\u00bb button_one_border_radius__hover=\u00bbnull\u00bb button_two_border_radius__hover_enabled=\u00bboff\u00bb button_two_border_radius__hover=\u00bbnull\u00bb button_letter_spacing__hover_enabled=\u00bboff\u00bb button_letter_spacing__hover=\u00bbnull\u00bb button_one_letter_spacing__hover_enabled=\u00bboff\u00bb button_one_letter_spacing__hover=\u00bbnull\u00bb button_two_letter_spacing__hover_enabled=\u00bboff\u00bb button_two_letter_spacing__hover=\u00bbnull\u00bb button_bg_color__hover_enabled=\u00bboff\u00bb button_bg_color__hover=\u00bbnull\u00bb button_one_bg_color__hover_enabled=\u00bboff\u00bb button_one_bg_color__hover=\u00bbnull\u00bb button_two_bg_color__hover_enabled=\u00bboff\u00bb button_two_bg_color__hover=\u00bbnull\u00bb]<\/p>\n<p>\n&nbsp;<\/p>\n<p>[\/et_pb_button][\/et_pb_column][\/et_pb_section]<\/p>\n","protected":false},"excerpt":{"rendered":"<p>Filosof\u00eda, 1\u00ba (Daniel)Unidad 1: Historia de la filosof\u00eda Apuntes de la unidad. Unidad 2: L\u00f3gica proposicional Apuntes de la unidad: la l\u00f3gica proposicional. Apuntes de la unidad: la deducci\u00f3n natural. Ejercicios de deducci\u00f3n natural. Unidad 3: Teor\u00eda del conocimiento Apuntes de la unidad. Lectura obligatoria. Unidad 4: La verdad Apuntes de la unidad. Lectura obligatoria. [&hellip;]<\/p>\n","protected":false},"author":1,"featured_media":0,"parent":0,"menu_order":0,"comment_status":"closed","ping_status":"closed","template":"","meta":{"_et_pb_use_builder":"on","_et_pb_old_content":"","_et_gb_content_width":"","footnotes":""},"class_list":["post-6639","page","type-page","status-publish","hentry"],"_links":{"self":[{"href":"https:\/\/puenteromano.net\/index.php\/wp-json\/wp\/v2\/pages\/6639","targetHints":{"allow":["GET"]}}],"collection":[{"href":"https:\/\/puenteromano.net\/index.php\/wp-json\/wp\/v2\/pages"}],"about":[{"href":"https:\/\/puenteromano.net\/index.php\/wp-json\/wp\/v2\/types\/page"}],"author":[{"embeddable":true,"href":"https:\/\/puenteromano.net\/index.php\/wp-json\/wp\/v2\/users\/1"}],"replies":[{"embeddable":true,"href":"https:\/\/puenteromano.net\/index.php\/wp-json\/wp\/v2\/comments?post=6639"}],"version-history":[{"count":36,"href":"https:\/\/puenteromano.net\/index.php\/wp-json\/wp\/v2\/pages\/6639\/revisions"}],"predecessor-version":[{"id":6921,"href":"https:\/\/puenteromano.net\/index.php\/wp-json\/wp\/v2\/pages\/6639\/revisions\/6921"}],"wp:attachment":[{"href":"https:\/\/puenteromano.net\/index.php\/wp-json\/wp\/v2\/media?parent=6639"}],"curies":[{"name":"wp","href":"https:\/\/api.w.org\/{rel}","templated":true}]}}