{"id":6644,"date":"2024-09-13T06:58:53","date_gmt":"2024-09-13T06:58:53","guid":{"rendered":"https:\/\/puenteromano.net\/?page_id=6644"},"modified":"2026-01-20T12:45:01","modified_gmt":"2026-01-20T12:45:01","slug":"filosofia-1o-mu","status":"publish","type":"page","link":"https:\/\/puenteromano.net\/index.php\/filosofia-1o-mu\/","title":{"rendered":"Filosof\u00eda 1\u00ba MU"},"content":{"rendered":"<p>[et_pb_section fb_built=\u00bb1&#8243; inner_shadow=\u00bbon\u00bb fullwidth=\u00bbon\u00bb custom_padding_last_edited=\u00bbon|desktop\u00bb admin_label=\u00bbsection\u00bb _builder_version=\u00bb4.27.0&#8243; background_color=\u00bb#34495e\u00bb custom_padding_tablet=\u00bb50px|0|50px|0&#8243; custom_padding_phone=\u00bb\u00bb padding_mobile=\u00bboff\u00bb global_colors_info=\u00bb{}\u00bb][et_pb_fullwidth_header title=\u00bbFilosof\u00eda 1\u00ba MU\u00bb subhead=\u00bb1\u00ba de Bachillerato\u00bb admin_label=\u00bbFullwidth Header\u00bb _builder_version=\u00bb4.27.0&#8243; background_color=\u00bbrgba(255, 255, 255, 0)\u00bb link_option_url_new_window=\u00bbon\u00bb global_colors_info=\u00bb{}\u00bb button_one_text_size__hover_enabled=\u00bboff\u00bb button_one_text_size__hover=\u00bbnull\u00bb button_two_text_size__hover_enabled=\u00bboff\u00bb button_two_text_size__hover=\u00bbnull\u00bb button_one_text_color__hover_enabled=\u00bboff\u00bb button_one_text_color__hover=\u00bbnull\u00bb button_two_text_color__hover_enabled=\u00bboff\u00bb button_two_text_color__hover=\u00bbnull\u00bb button_one_border_width__hover_enabled=\u00bboff\u00bb button_one_border_width__hover=\u00bbnull\u00bb button_two_border_width__hover_enabled=\u00bboff\u00bb button_two_border_width__hover=\u00bbnull\u00bb button_one_border_color__hover_enabled=\u00bboff\u00bb button_one_border_color__hover=\u00bbnull\u00bb button_two_border_color__hover_enabled=\u00bboff\u00bb button_two_border_color__hover=\u00bbnull\u00bb button_one_border_radius__hover_enabled=\u00bboff\u00bb button_one_border_radius__hover=\u00bbnull\u00bb button_two_border_radius__hover_enabled=\u00bboff\u00bb button_two_border_radius__hover=\u00bbnull\u00bb button_one_letter_spacing__hover_enabled=\u00bboff\u00bb button_one_letter_spacing__hover=\u00bbnull\u00bb button_two_letter_spacing__hover_enabled=\u00bboff\u00bb button_two_letter_spacing__hover=\u00bbnull\u00bb button_one_bg_color__hover_enabled=\u00bboff\u00bb button_one_bg_color__hover=\u00bbnull\u00bb button_two_bg_color__hover_enabled=\u00bboff\u00bb button_two_bg_color__hover=\u00bbnull\u00bb][\/et_pb_fullwidth_header][\/et_pb_section][et_pb_section fb_built=\u00bb1&#8243; specialty=\u00bbon\u00bb custom_padding_last_edited=\u00bbon|desktop\u00bb admin_label=\u00bbsection\u00bb _builder_version=\u00bb4.16&#8243; custom_padding_tablet=\u00bb50px|0|50px|0&#8243; custom_padding_phone=\u00bb\u00bb padding_mobile=\u00bboff\u00bb locked=\u00bboff\u00bb global_colors_info=\u00bb{}\u00bb][et_pb_column type=\u00bb3_4&#8243; specialty_columns=\u00bb3&#8243; _builder_version=\u00bb4.16&#8243; custom_padding=\u00bb|||\u00bb global_colors_info=\u00bb{}\u00bb parallax__hover=\u00bboff\u00bb parallax_method__hover=\u00bbon\u00bb custom_padding__hover=\u00bb|||\u00bb][et_pb_row_inner padding_mobile=\u00bboff\u00bb column_padding_mobile=\u00bboff\u00bb _builder_version=\u00bb4.27.0&#8243; global_colors_info=\u00bb{}\u00bb][et_pb_column_inner saved_specialty_column_type=\u00bb3_4&#8243; _builder_version=\u00bb4.16&#8243; custom_padding=\u00bb|||\u00bb global_colors_info=\u00bb{}\u00bb column_padding_mobile__hover=\u00bboff\u00bb parallax__hover=\u00bboff\u00bb parallax_method__hover=\u00bbon\u00bb custom_padding__hover=\u00bb|||\u00bb][et_pb_text admin_label=\u00bbText\u00bb _builder_version=\u00bb4.27.0&#8243; saved_tabs=\u00bball\u00bb global_colors_info=\u00bb{}\u00bb]<\/p>\n<h2>Filosof\u00eda, 1\u00ba Profesor Mikel Urresti<\/h2>\n<p>[\/et_pb_text][et_pb_accordion _builder_version=\u00bb4.27.4&#8243; hover_enabled=\u00bb0&#8243; global_colors_info=\u00bb{}\u00bb sticky_enabled=\u00bb0&#8243;][et_pb_accordion_item title=\u00bbSEGUNDA EVALUACI\u00d3N\u00bb open=\u00bbon\u00bb _builder_version=\u00bb4.27.4&#8243; _module_preset=\u00bbdefault\u00bb hover_enabled=\u00bb0&#8243; global_colors_info=\u00bb{}\u00bb sticky_enabled=\u00bb0&#8243;]<\/p>\n<h3>Bloque B. El conocimiento y la realidad<\/h3>\n<p>_____________<\/p>\n<h3>\u00a0 \u00a0 \u00a0 \u00a0 \u00a0 \u00a0 UD 3. El problema filos\u00f3fico del conocimiento<\/h3>\n<p><strong>Teor\u00eda<\/strong><\/p>\n<p><a href=\"https:\/\/puenteromano.net\/wp-content\/uploads\/2026\/01\/epistemologia.pdf\" target=\"_blank\" rel=\"noopener\">Apuntes. (Imprimir y estudiar por aqu\u00ed)<\/a><\/p>\n<p><a href=\"https:\/\/franciscomartintorres.wordpress.com\/2023\/12\/13\/racionalidad-y-sesgos-cognitivos-1\/\" target=\"_blank\" rel=\"noopener\">Sesgos cogniticos y racionalidad<\/a><\/p>\n<p><a href=\"https:\/\/verne.elpais.com\/verne\/2014\/09\/29\/articulo\/1411970154_000194.html\" target=\"_blank\" rel=\"noopener\">Gu\u00eda para luchar contra los sesgos cognitivos<\/a><\/p>\n<p><a href=\"https:\/\/puenteromano.net\/wp-content\/uploads\/2024\/12\/Por-que-creemos.pdf\" target=\"_blank\" rel=\"noopener\">\u00a0Lectura obligatoria.\u00a0<\/a><\/p>\n<p>&nbsp;<\/p>\n<h3><strong>\u00a0 \u00a0 \u00a0 \u00a0 \u00a0 UD 4. La cuesti\u00f3n de la naturaleza \u00faltima de la verdad<\/strong><\/h3>\n<p><strong>Teor\u00eda<\/strong><\/p>\n<p><a href=\"https:\/\/puenteromano.net\/wp-content\/uploads\/2026\/01\/Teorias-de-la-verdad-1.pdf\" target=\"_blank\" rel=\"noopener\">Apuntes (Imprimir y estudiar por aqu\u00ed)<\/a><\/p>\n<p><a href=\"https:\/\/puenteromano.net\/wp-content\/uploads\/2025\/01\/MX-M283N_20250109_142435.pdf\" target=\"_blank\" rel=\"noopener\">Lectura obligatoria: Y&#8230; \u00bfqu\u00e9 es la verdad?<\/a><\/p>\n<h3><strong>\u00a0 \u00a0 \u00a0 \u00a0 \u00a0 UD 5. Metaf\u00edsica y Realidad<\/strong><\/h3>\n<p><strong>Teor\u00eda<\/strong><\/p>\n<p><a href=\"https:\/\/puenteromano.net\/wp-content\/uploads\/2025\/02\/Introduccion-a-la-Metafisica-1.pdf\" target=\"_blank\" rel=\"noopener\">Apuntes (Imprimir y estudiar por aqu\u00ed)<\/a><\/p>\n<p><a href=\"https:\/\/puenteromano.net\/wp-content\/uploads\/2025\/01\/esquema-aristoteles.pdf\" target=\"_blank\" rel=\"noopener\">Esquema de Arist\u00f3teles<\/a><\/p>\n<p><strong>Actividades<\/strong><\/p>\n<p><a href=\"https:\/\/puenteromano.net\/wp-content\/uploads\/2025\/01\/Actividad-inicial.pdf\" target=\"_blank\" rel=\"noopener\">Actividades iniciales<\/a><\/p>\n<p><a href=\"https:\/\/puenteromano.net\/wp-content\/uploads\/2025\/01\/Actividades-3.pdf\" target=\"_blank\" rel=\"noopener\">Actividades<\/a><\/p>\n<p><a href=\"https:\/\/puenteromano.net\/wp-content\/uploads\/2025\/01\/textos.pdf\" target=\"_blank\" rel=\"noopener\">Textos<\/a><\/p>\n<p>&nbsp;<\/p>\n<p>&nbsp;<\/p>\n<p>[\/et_pb_accordion_item][et_pb_accordion_item title=\u00bbTERCERA EVALUACI\u00d3N\u00bb _builder_version=\u00bb4.27.4&#8243; _module_preset=\u00bbdefault\u00bb global_colors_info=\u00bb{}\u00bb open=\u00bboff\u00bb]<\/p>\n<h3><\/h3>\n<p>&nbsp;<\/p>\n<h4><a href=\"https:\/\/puenteromano.net\/wp-content\/uploads\/2025\/04\/Justicia.-Michael-J-Sandel.pdf\" target=\"_blank\" rel=\"noopener\">Lectura obligatoria<\/a><\/h4>\n<p>&nbsp;<\/p>\n<h3><strong>ANTROPOLOG\u00cdA<\/strong><\/h3>\n<p><strong>ANTROPOG\u00cdA BIOL\u00d3GICA Y CULTURAL<\/strong><\/p>\n<p><a href=\"https:\/\/puenteromano.net\/wp-content\/uploads\/2025\/03\/UNIDAD-AByC.pdf\" target=\"_blank\" rel=\"noopener\">Ser humano desde el punto de vista biologico y cultural<\/a><\/p>\n<p>&nbsp;<\/p>\n<p><strong>ANTROPOLOG\u00cdA FILOS\u00d3FICA<\/strong><\/p>\n<p><a href=\"https:\/\/puenteromano.net\/wp-content\/uploads\/2025\/04\/Apuntes-Relacion-mente-cuerpo-1-8.pdf\" target=\"_blank\" rel=\"noopener\">Ser humano desde la relaci\u00f3n mente-cuerpo<\/a><\/p>\n<p><a href=\"https:\/\/puenteromano.net\/wp-content\/uploads\/2025\/04\/Fa-sospecha-1.pdf\" target=\"_blank\" rel=\"noopener\">Ser humano desde la filosof\u00eda de la sospecha<\/a><\/p>\n<p>ACTIVIDADES<\/p>\n<p><a href=\"https:\/\/puenteromano.net\/wp-content\/uploads\/2025\/04\/actividades-sobre-el-debate-mente-cuerpo.pdf\" target=\"_blank\" rel=\"noopener\">Actividades alma<\/a><\/p>\n<p><a href=\"https:\/\/puenteromano.net\/wp-content\/uploads\/2025\/04\/Textos-Nietzsche-1.pdf\" target=\"_blank\" rel=\"noopener\">Textos Nietzsche<\/a><\/p>\n<p>[\/et_pb_accordion_item][et_pb_accordion_item title=\u00bbPRIMERA EVALUACI\u00d3N\u00bb _builder_version=\u00bb4.27.4&#8243; background_size=\u00bbinitial\u00bb background_position=\u00bbtop_left\u00bb background_repeat=\u00bbrepeat\u00bb global_colors_info=\u00bb{}\u00bb open=\u00bboff\u00bb]<\/p>\n<h3 style=\"padding-left: 80px;\"><\/h3>\n<h3 style=\"padding-left: 80px;\"><span style=\"color: #99ccff;\"><a href=\"https:\/\/puenteromano.net\/wp-content\/uploads\/2024\/09\/Saberes-basicos-primer-trimestre.pdf\" target=\"_blank\" rel=\"noopener\" style=\"color: #99ccff;\">Saberes b\u00e1sicos<\/a><\/span><\/h3>\n<p>&nbsp;<\/p>\n<h3 style=\"padding-left: 40px;\"><strong>UD1: La Filosof\u00eda: sentido e historia<\/strong><\/h3>\n<p><strong>Teor\u00eda<\/strong><\/p>\n<p><a href=\"https:\/\/puenteromano.net\/wp-content\/uploads\/2024\/09\/UD-1.-Filosofia.-sentido-e-historia.pdf\" target=\"_blank\" rel=\"noopener\">Apuntes<\/a> (Imprimir y estudiar por aqu\u00ed)<\/p>\n<p>&nbsp;<\/p>\n<p>&nbsp;<\/p>\n<p><strong>Actividades<\/strong><\/p>\n<p><a href=\"https:\/\/puenteromano.net\/wp-content\/uploads\/2024\/09\/Actividades-iniciales.docx\" target=\"_blank\" rel=\"noopener\">Inicial<\/a><\/p>\n<p><a href=\"https:\/\/puenteromano.net\/wp-content\/uploads\/2024\/09\/Tipos-de-magia.docx\" target=\"_blank\" rel=\"noopener\">Actividad: dos tipos de magia<\/a><\/p>\n<p><a href=\"https:\/\/puenteromano.net\/wp-content\/uploads\/2024\/09\/mito-logos-ciencia-.docx\" target=\"_blank\" rel=\"noopener\">Diferencias mito &#8211; Anax\u00edmenes &#8211; Ciencia moderna<\/a><\/p>\n<p><a href=\"https:\/\/puenteromano.net\/wp-content\/uploads\/2024\/09\/Actualidad-de-los-mitos.docx\" target=\"_blank\" rel=\"noopener\">Actividad sobre la actualidad de los mitos<\/a><\/p>\n<p><a href=\"https:\/\/puenteromano.net\/wp-content\/uploads\/2024\/09\/ACTIVIDAD-ramas-filosofia.docx\" target=\"_blank\" rel=\"noopener\">Actividad ramas de la filosof\u00eda<\/a><\/p>\n<p><a href=\"https:\/\/puenteromano.net\/wp-content\/uploads\/2024\/09\/37006_La_filosofia_explicada_a_mi_hija.pdf\" target=\"_blank\" rel=\"noopener\">Lectura: La filosof\u00eda explicada a mi hija<\/a><\/p>\n<p><a href=\"https:\/\/puenteromano.net\/wp-content\/uploads\/2024\/09\/antimanual-de-filosofia-m-onfray-1.pdf\" target=\"_blank\" rel=\"noopener\">Lectura: \u00bfHay que comenzar el curso quemando al profesor de filosof\u00eda?<\/a><\/p>\n<p><a href=\"https:\/\/puenteromano.net\/wp-content\/uploads\/2024\/09\/El-mundo-de-Sofia.-Introduccion.pdf\" target=\"_blank\" rel=\"noopener\">Lectura: El mundo de Sof\u00eda<\/a><\/p>\n<p>&nbsp;<\/p>\n<h3 style=\"padding-left: 40px;\"><strong>UD2: L\u00f3gica<\/strong><\/h3>\n<p><strong>Teor\u00eda<\/strong><\/p>\n<p><a href=\"https:\/\/puenteromano.net\/wp-content\/uploads\/2024\/10\/La-logica-proposicional-1.pdf\" target=\"_blank\" rel=\"noopener\">L\u00f3gica proposicional<\/a><\/p>\n<p><a href=\"https:\/\/puenteromano.net\/wp-content\/uploads\/2024\/10\/Deduccion-Natural.pdf\" target=\"_blank\" rel=\"noopener\">Deducci\u00f3n natural<\/a><\/p>\n<p><strong>Actividades<\/strong><\/p>\n<p><a href=\"https:\/\/puenteromano.net\/wp-content\/uploads\/2024\/10\/Ejercicios-de-logica.pdf\" target=\"_blank\" rel=\"noopener\">Actividades l\u00f3gica proposicional<\/a><\/p>\n<p><a href=\"https:\/\/puenteromano.net\/wp-content\/uploads\/2024\/10\/Ejercicios-Deduccion-Natural.pdf\" target=\"_blank\" rel=\"noopener\">Actividades de deducci\u00f3n natural<\/a><\/p>\n<p>[\/et_pb_accordion_item][\/et_pb_accordion][\/et_pb_column_inner][\/et_pb_row_inner][\/et_pb_column][et_pb_column type=\u00bb1_4&#8243; _builder_version=\u00bb4.16&#8243; custom_padding=\u00bb|||\u00bb global_colors_info=\u00bb{}\u00bb parallax__hover=\u00bboff\u00bb parallax_method__hover=\u00bbon\u00bb custom_padding__hover=\u00bb|||\u00bb][et_pb_accordion _builder_version=\u00bb4.27.0&#8243; _module_preset=\u00bbdefault\u00bb global_colors_info=\u00bb{}\u00bb][et_pb_accordion_item title=\u00bbCriterios\u00bb open=\u00bbon\u00bb _builder_version=\u00bb4.27.0&#8243; _module_preset=\u00bbdefault\u00bb global_colors_info=\u00bb{}\u00bb][\/et_pb_accordion_item][et_pb_accordion_item title=\u00bbCriterios 1\u00aa Ev.\u00bb _builder_version=\u00bb4.27.0&#8243; _module_preset=\u00bbdefault\u00bb global_colors_info=\u00bb{}\u00bb open=\u00bboff\u00bb]<\/p>\n<p><strong>Criterios y ponderaci\u00f3n: 1\u00aa Evaluaci\u00f3n<\/strong><\/p>\n<ul>\n<li>Competencia espec\u00edfica 2.1: Conocimiento pr\u00e1ctico de los procedimientos elementales de la investigaci\u00f3n filos\u00f3fica atrav\u00e9s de medios escritos.<\/li>\n<li>Competencia espec\u00edfica 3.2. Detectar falacias y sesgos explicando su naturaleza y mecanismos.<\/li>\n<li>Competencia espec\u00edfica 3.3. Respeto a la pluralidad y rechazo de toda actitud discriminatoria o arbitraria.<\/li>\n<li>Competencia espec\u00edfica 4.1. Intercambio de ideas a trav\u00e9s de la participaci\u00f3n en actividades grupales y el ejercicio del di\u00e1logo.<\/li>\n<li>Competencia espec\u00edfica 6.1. Pensamiento filos\u00f3fico: identificaci\u00f3n y an\u00e1lisis de las principales ideas y teor\u00edas filos\u00f3ficas, poni\u00e9ndolas en relaci\u00f3n con experiencias, acciones o acontecimientos comunes y de actualidad.<\/li>\n<li>Competencia espec\u00edfica 6.2. Ideas y teor\u00edas filos\u00f3ficas de algunos de los m\u00e1s importantes pensadores y pensadoras de la historia.<\/li>\n<li>Competencia espec\u00edfica 7.1. Afrontar cuestiones y problemas complejos de car\u00e1cter fundamental y de actualidad de modo interdisciplinar.\u00a0<\/li>\n<\/ul>\n<p>[\/et_pb_accordion_item][et_pb_accordion_item title=\u00bbCriterios 2\u00aa Ev.\u00bb _builder_version=\u00bb4.27.0&#8243; _module_preset=\u00bbdefault\u00bb global_colors_info=\u00bb{}\u00bb open=\u00bboff\u00bb]<\/p>\n<p><strong>Porcentajes 2\u00aa Evaluaci\u00f3n<\/strong><\/p>\n<p>[\/et_pb_accordion_item][et_pb_accordion_item title=\u00bbCriterios 3\u00aa Ev.\u00bb _builder_version=\u00bb4.27.0&#8243; _module_preset=\u00bbdefault\u00bb global_colors_info=\u00bb{}\u00bb open=\u00bboff\u00bb]<\/p>\n<p>&nbsp;<\/p>\n<p>&nbsp;<\/p>\n<p>[\/et_pb_accordion_item][\/et_pb_accordion][et_pb_blurb title=\u00bbRecursos\u00bb _builder_version=\u00bb4.27.0&#8243; background_size=\u00bbinitial\u00bb background_position=\u00bbtop_left\u00bb background_repeat=\u00bbrepeat\u00bb global_colors_info=\u00bb{}\u00bb]<\/p>\n<p><a href=\"https:\/\/puenteromano.net\/index.php\/2017\/01\/16\/hoja-de-registro-ejercicio\/\" target=\"_blank\" rel=\"noopener\">Investigaci\u00f3n patrimonial<\/a><\/p>\n<p><a href=\"https:\/\/puenteromano.net\/wp-content\/uploads\/2023\/09\/Filosofos-y-Filosofas-en-el-tiempo.png\" target=\"_blank\" rel=\"noopener noreferrer\">Fil\u00f3sofos\/as en el tiempo<\/a><\/p>\n<p><a href=\"https:\/\/puenteromano.net\/wp-content\/uploads\/2024\/09\/1.-Logica-Propos.-Tablas-y-reglas.pdf\" target=\"_blank\" rel=\"noopener\">L\u00f3gica de Proposiciones<\/a><\/p>\n<p><a href=\"https:\/\/puenteromano.net\/wp-content\/uploads\/2024\/04\/2.-Logica-de-Clases.-Diagramas.pdf\">L\u00f3gica de Clases<\/a><\/p>\n<p><a href=\"https:\/\/puenteromano.net\/wp-content\/uploads\/2019\/10\/Foto-y-video-para-las-Olimpiadas-datos.pdf\" target=\"_blank\" rel=\"noopener noreferrer\">Foto y video, Olimpiadas<\/a><\/p>\n<p><a href=\"https:\/\/puenteromano.net\/index.php\/2019\/10\/02\/x-olimpiada-filosofica\/\" target=\"_blank\" rel=\"noopener noreferrer\">Olimpiada Filos\u00f3fica<\/a><\/p>\n<p>&nbsp;<\/p>\n<p>[\/et_pb_blurb][\/et_pb_column][\/et_pb_section]<\/p>\n","protected":false},"excerpt":{"rendered":"<p>Filosof\u00eda, 1\u00ba Profesor Mikel UrrestiBloque B. El conocimiento y la realidad _____________ \u00a0 \u00a0 \u00a0 \u00a0 \u00a0 \u00a0 UD 3. El problema filos\u00f3fico del conocimiento Teor\u00eda Apuntes. (Imprimir y estudiar por aqu\u00ed) Sesgos cogniticos y racionalidad Gu\u00eda para luchar contra los sesgos cognitivos \u00a0Lectura obligatoria.\u00a0 &nbsp; \u00a0 \u00a0 \u00a0 \u00a0 \u00a0 UD 4. La cuesti\u00f3n [&hellip;]<\/p>\n","protected":false},"author":1,"featured_media":0,"parent":0,"menu_order":0,"comment_status":"closed","ping_status":"closed","template":"","meta":{"_et_pb_use_builder":"on","_et_pb_old_content":"","_et_gb_content_width":"","footnotes":""},"class_list":["post-6644","page","type-page","status-publish","hentry"],"_links":{"self":[{"href":"https:\/\/puenteromano.net\/index.php\/wp-json\/wp\/v2\/pages\/6644","targetHints":{"allow":["GET"]}}],"collection":[{"href":"https:\/\/puenteromano.net\/index.php\/wp-json\/wp\/v2\/pages"}],"about":[{"href":"https:\/\/puenteromano.net\/index.php\/wp-json\/wp\/v2\/types\/page"}],"author":[{"embeddable":true,"href":"https:\/\/puenteromano.net\/index.php\/wp-json\/wp\/v2\/users\/1"}],"replies":[{"embeddable":true,"href":"https:\/\/puenteromano.net\/index.php\/wp-json\/wp\/v2\/comments?post=6644"}],"version-history":[{"count":47,"href":"https:\/\/puenteromano.net\/index.php\/wp-json\/wp\/v2\/pages\/6644\/revisions"}],"predecessor-version":[{"id":6979,"href":"https:\/\/puenteromano.net\/index.php\/wp-json\/wp\/v2\/pages\/6644\/revisions\/6979"}],"wp:attachment":[{"href":"https:\/\/puenteromano.net\/index.php\/wp-json\/wp\/v2\/media?parent=6644"}],"curies":[{"name":"wp","href":"https:\/\/api.w.org\/{rel}","templated":true}]}}